{"id":13708,"date":"2023-09-18T14:57:33","date_gmt":"2023-09-18T11:57:33","guid":{"rendered":"https:\/\/cimislia.md\/?page_id=13708"},"modified":"2023-09-18T17:17:18","modified_gmt":"2023-09-18T14:17:18","slug":"formular-de-inscriere-la-gradinita","status":"publish","type":"page","link":"https:\/\/cimislia.md\/ru\/formular-de-inscriere-la-gradinita\/","title":{"rendered":"Formular de \u00eenscriere la gr\u0103dini\u021b\u0103"},"content":{"rendered":"<div data-elementor-type=\"wp-page\" data-elementor-id=\"13708\" class=\"elementor elementor-13708\">\n\t\t\t\t\t\t\t\t\t<section class=\"elementor-section elementor-top-section elementor-element elementor-element-b6fa147 elementor-section-boxed elementor-section-height-default elementor-section-height-default\" data-id=\"b6fa147\" data-element_type=\"section\">\n\t\t\t\t\t\t<div class=\"elementor-container elementor-column-gap-default\">\n\t\t\t\t\t<div class=\"elementor-column elementor-col-50 elementor-top-column elementor-element elementor-element-f878a38\" data-id=\"f878a38\" data-element_type=\"column\">\n\t\t\t<div class=\"elementor-widget-wrap elementor-element-populated\">\n\t\t\t\t\t\t\t\t<div class=\"elementor-element elementor-element-cf06fc1 elementor-widget elementor-widget-text-editor\" data-id=\"cf06fc1\" data-element_type=\"widget\" data-widget_type=\"text-editor.default\">\n\t\t\t\t<div class=\"elementor-widget-container\">\n\t\t\t\t\t\t\t<p>\n<div class=\"wpcf7 no-js\" id=\"wpcf7-f13710-o1\" lang=\"en-US\" dir=\"ltr\">\n<div class=\"screen-reader-response\"><p role=\"status\" aria-live=\"polite\" aria-atomic=\"true\"><\/p> <ul><\/ul><\/div>\n<form action=\"\/ru\/wp-json\/wp\/v2\/pages\/13708#wpcf7-f13710-o1\" method=\"post\" class=\"wpcf7-form init\" aria-label=\"Contact form\" enctype=\"multipart\/form-data\" novalidate=\"novalidate\" data-status=\"init\" data-trp-original-action=\"\/ru\/wp-json\/wp\/v2\/pages\/13708#wpcf7-f13710-o1\">\n<div style=\"display: none;\">\n<input type=\"hidden\" name=\"_wpcf7\" value=\"13710\" \/>\n<input type=\"hidden\" name=\"_wpcf7_version\" value=\"5.8\" \/>\n<input type=\"hidden\" name=\"_wpcf7_locale\" value=\"en_US\" \/>\n<input type=\"hidden\" name=\"_wpcf7_unit_tag\" value=\"wpcf7-f13710-o1\" \/>\n<input type=\"hidden\" name=\"_wpcf7_container_post\" value=\"0\" \/>\n<input type=\"hidden\" name=\"_wpcf7_posted_data_hash\" value=\"\" \/>\n<\/div>\n<p>1. Informa\u021bii despre copil:\n<\/p>\n<p><label>Nume copil: <span class=\"wpcf7-form-control-wrap\" data-name=\"nume-copil\"><input size=\"40\" class=\"wpcf7-form-control wpcf7-text wpcf7-validates-as-required\" aria-required=\"true\" aria-invalid=\"false\" value=\"\" type=\"text\" name=\"nume-copil\" \/><\/span><\/label><br \/>\n<label>Prenume copil: <span class=\"wpcf7-form-control-wrap\" data-name=\"prenume-copil\"><input size=\"40\" class=\"wpcf7-form-control wpcf7-text wpcf7-validates-as-required\" aria-required=\"true\" aria-invalid=\"false\" value=\"\" type=\"text\" name=\"prenume-copil\" \/><\/span><\/label><br \/>\n<label>Sex: <span class=\"wpcf7-form-control-wrap\" data-name=\"sex\"><select class=\"wpcf7-form-control wpcf7-select wpcf7-validates-as-required\" aria-required=\"true\" aria-invalid=\"false\" name=\"sex\"><option value=\"feminin\">feminin<\/option><option value=\"masculin\">masculin<\/option><\/select><\/span><\/label><br \/>\n<label>Data na\u0219terii: <span class=\"wpcf7-form-control-wrap\" data-name=\"Datanaterii\"><input class=\"wpcf7-form-control wpcf7-date wpcf7-validates-as-required wpcf7-validates-as-date\" aria-required=\"true\" aria-invalid=\"false\" value=\"\" type=\"date\" name=\"Datanaterii\" \/><\/span><\/label><br \/>\n<label>IDNP copil: <span class=\"wpcf7-form-control-wrap\" data-name=\"IDNP-copil\"><input class=\"wpcf7-form-control wpcf7-number wpcf7-validates-as-required wpcf7-validates-as-number\" aria-required=\"true\" aria-invalid=\"false\" value=\"\" type=\"number\" name=\"IDNP-copil\" \/><\/span><\/label>\n<\/p>\n<p>2. Informa\u021bii despre p\u0103rinte:\n<\/p>\n<p><label>Nume p\u0103rinte: <span class=\"wpcf7-form-control-wrap\" data-name=\"nume-parinte\"><input size=\"40\" class=\"wpcf7-form-control wpcf7-text wpcf7-validates-as-required\" autocomplete=\"given-name\" aria-required=\"true\" aria-invalid=\"false\" placeholder=\"\" value=\"\" type=\"text\" name=\"nume-parinte\" \/><\/span><\/label><br \/>\n<label>Prenume p\u0103rinte: <span class=\"wpcf7-form-control-wrap\" data-name=\"prenume-parinte\"><input size=\"40\" class=\"wpcf7-form-control wpcf7-text wpcf7-validates-as-required\" autocomplete=\"family-name\" aria-required=\"true\" aria-invalid=\"false\" placeholder=\"\" value=\"\" type=\"text\" name=\"prenume-parinte\" \/><\/span><\/label><br \/>\n<label>Email: <span class=\"wpcf7-form-control-wrap\" data-name=\"parinte-email\"><input size=\"40\" class=\"wpcf7-form-control wpcf7-email wpcf7-validates-as-required wpcf7-text wpcf7-validates-as-email\" autocomplete=\"email\" aria-required=\"true\" aria-invalid=\"false\" placeholder=\"\" value=\"\" type=\"email\" name=\"parinte-email\" \/><\/span><\/label><br \/>\n<label>IDNP p\u0103rinte: <span class=\"wpcf7-form-control-wrap\" data-name=\"IDNP-parinte\"><input class=\"wpcf7-form-control wpcf7-number wpcf7-validates-as-required wpcf7-validates-as-number\" aria-required=\"true\" aria-invalid=\"false\" value=\"\" type=\"number\" name=\"IDNP-parinte\" \/><\/span><\/label><br \/>\n<label>Telefon: <span class=\"wpcf7-form-control-wrap\" data-name=\"Telefon\"><input size=\"40\" class=\"wpcf7-form-control wpcf7-tel wpcf7-validates-as-required wpcf7-text wpcf7-validates-as-tel\" aria-required=\"true\" aria-invalid=\"false\" placeholder=\"\" value=\"\" type=\"tel\" name=\"Telefon\" \/><\/span><\/label><br \/>\n<label>Localitatea: <span class=\"wpcf7-form-control-wrap\" data-name=\"Localitatea\"><input size=\"40\" class=\"wpcf7-form-control wpcf7-text wpcf7-validates-as-required\" autocomplete=\"street-address\" aria-required=\"true\" aria-invalid=\"false\" value=\"\" type=\"text\" name=\"Localitatea\" \/><\/span><\/label>\n<\/p>\n<p>3. ATA\u0218EAZ\u0102 DOCUMENTE:\n<\/p>\n<p>(documentele marcate cu * sunt necesare)\n<\/p>\n<p><label>Certificat de na\u0219tere copil:*<br \/>\n<span class=\"wpcf7-form-control-wrap\" data-name=\"certificatnastere\"><input size=\"40\" class=\"wpcf7-form-control wpcf7-file wpcf7-validates-as-required\" accept=\"audio\/*,video\/*,image\/*\" aria-required=\"true\" aria-invalid=\"false\" type=\"file\" name=\"certificatnastere\" \/><\/span><\/label><br \/>\n<br \/>\n<label>Buletinul p\u0103rintelui 1:*<br \/>\n<span class=\"wpcf7-form-control-wrap\" data-name=\"Buletinulprintelui1\"><input size=\"40\" class=\"wpcf7-form-control wpcf7-file wpcf7-validates-as-required\" accept=\"audio\/*,video\/*,image\/*\" aria-required=\"true\" aria-invalid=\"false\" type=\"file\" name=\"Buletinulprintelui1\" \/><\/span><\/label><br \/>\n<br \/>\n<label>Buletinul p\u0103rintelui 2:<br \/>\n<span class=\"wpcf7-form-control-wrap\" data-name=\"Buletinulprintelui2\"><input size=\"40\" class=\"wpcf7-form-control wpcf7-file\" accept=\"audio\/*,video\/*,image\/*\" aria-invalid=\"false\" type=\"file\" name=\"Buletinulprintelui2\" \/><\/span><\/label><br \/>\n<br \/>\n<label>Certificat de c\u0103s\u0103torie:<br \/>\n<span class=\"wpcf7-form-control-wrap\" data-name=\"Certificatdecasatorie\"><input size=\"40\" class=\"wpcf7-form-control wpcf7-file\" accept=\"audio\/*,video\/*,image\/*\" aria-invalid=\"false\" type=\"file\" name=\"Certificatdecasatorie\" \/><\/span><\/label><br \/>\n<br \/>\n<input class=\"wpcf7-form-control wpcf7-submit has-spinner submitform\" type=\"submit\" value=\"Trimite\" \/>\n<\/p><div class=\"wpcf7-response-output\" aria-hidden=\"true\"><\/div>\n<input type=\"hidden\" name=\"trp-form-language\" value=\"ru\"\/><\/form>\n<\/div>\n<\/p>\t\t\t\t\t\t<\/div>\n\t\t\t\t<\/div>\n\t\t\t\t\t<\/div>\n\t\t<\/div>\n\t\t\t\t<div class=\"elementor-column elementor-col-50 elementor-top-column elementor-element elementor-element-4709b1d\" data-id=\"4709b1d\" data-element_type=\"column\">\n\t\t\t<div class=\"elementor-widget-wrap\">\n\t\t\t\t\t\t\t\t\t<\/div>\n\t\t<\/div>\n\t\t\t\t\t\t\t<\/div>\n\t\t<\/section>\n\t\t\t\t\t\t\t<\/div>","protected":false},"excerpt":{"rendered":"<p>1. Informa\u021bii despre copil: Nume copil: Prenume copil: Sex: femininmasculin Data na\u0219terii: IDNP copil: 2. Informa\u021bii despre p\u0103rinte: Nume p\u0103rinte: Prenume p\u0103rinte: Email: IDNP p\u0103rinte: Telefon: Localitatea: 3. ATA\u0218EAZ\u0102 DOCUMENTE: (documentele marcate cu * sunt necesare) Certificat de na\u0219tere copil:* Buletinul p\u0103rintelui 1:* Buletinul p\u0103rintelui 2: Certificat de c\u0103s\u0103torie:<\/p>","protected":false},"author":1,"featured_media":0,"parent":0,"menu_order":0,"comment_status":"closed","ping_status":"closed","template":"","meta":{"inline_featured_image":false,"footnotes":""},"_links":{"self":[{"href":"https:\/\/cimislia.md\/ru\/wp-json\/wp\/v2\/pages\/13708"}],"collection":[{"href":"https:\/\/cimislia.md\/ru\/wp-json\/wp\/v2\/pages"}],"about":[{"href":"https:\/\/cimislia.md\/ru\/wp-json\/wp\/v2\/types\/page"}],"author":[{"embeddable":true,"href":"https:\/\/cimislia.md\/ru\/wp-json\/wp\/v2\/users\/1"}],"replies":[{"embeddable":true,"href":"https:\/\/cimislia.md\/ru\/wp-json\/wp\/v2\/comments?post=13708"}],"version-history":[{"count":0,"href":"https:\/\/cimislia.md\/ru\/wp-json\/wp\/v2\/pages\/13708\/revisions"}],"wp:attachment":[{"href":"https:\/\/cimislia.md\/ru\/wp-json\/wp\/v2\/media?parent=13708"}],"curies":[{"name":"wp","href":"https:\/\/api.w.org\/{rel}","templated":true}]}}