{"id":14024,"date":"2023-09-20T12:18:10","date_gmt":"2023-09-20T09:18:10","guid":{"rendered":"https:\/\/cimislia.md\/?page_id=14024"},"modified":"2025-12-18T16:28:14","modified_gmt":"2025-12-18T14:28:14","slug":"centrul-de-informare-si-servicii-pentru-cetateni","status":"publish","type":"page","link":"https:\/\/cimislia.md\/ru\/primaria\/centrul-de-informare-si-servicii-pentru-cetateni\/","title":{"rendered":"\u0426\u0435\u043d\u0442\u0440 \u0438\u043d\u0444\u043e\u0440\u043c\u0430\u0446\u0438\u0438 \u0438 \u043e\u0431\u0441\u043b\u0443\u0436\u0438\u0432\u0430\u043d\u0438\u044f \u0433\u0440\u0430\u0436\u0434\u0430\u043d"},"content":{"rendered":"<div data-elementor-type=\"wp-page\" data-elementor-id=\"14024\" class=\"elementor elementor-14024\">\n\t\t\t\t\t\t\t\t\t<section class=\"elementor-section elementor-top-section elementor-element elementor-element-86673dd elementor-section-boxed elementor-section-height-default elementor-section-height-default\" data-id=\"86673dd\" data-element_type=\"section\">\n\t\t\t\t\t\t<div class=\"elementor-container elementor-column-gap-default\">\n\t\t\t\t\t<div class=\"elementor-column elementor-col-100 elementor-top-column elementor-element elementor-element-49e13e9\" data-id=\"49e13e9\" data-element_type=\"column\">\n\t\t\t<div class=\"elementor-widget-wrap elementor-element-populated\">\n\t\t\t\t\t\t\t\t<div class=\"elementor-element elementor-element-7a720af elementor-widget elementor-widget-text-editor\" data-id=\"7a720af\" data-element_type=\"widget\" data-widget_type=\"text-editor.default\">\n\t\t\t\t<div class=\"elementor-widget-container\">\n\t\t\t\t\t\t\t<p>\u00cen conformitate cu Decizia Consiliului or\u0103\u0219enesc Cimi\u0219lia nr. 9\/20 din 23.12.2020, a fost aprobat Regulmentul Centrului de Informare \u0219i servicii pentru cet\u0103\u021beni din cadrul Prim\u0103riei ora\u0219ului Cimi\u0219lia \u0219i a listei serviciilor prestate:\u00a0<strong><a href=\"\/wp-content\/uploads\/2023\/09\/9.20.pdf\" target=\"_blank\" rel=\"noopener\">actelocale\/9.20.pdf<\/a><\/strong><\/p><p>V\u0103 inform\u0103m c\u0103\u00a0Centrul de Informare \u0219i servicii pentru cet\u0103\u021beni,\u00a0se afl\u0103 \u00een incinta Prim\u0103riei Cimi\u0219lia, direct cum intra\u021bi pe u\u0219a din fa\u021b\u0103, \u0219i presteaz\u0103 urm\u0103toarele servicii:<\/p>\t\t\t\t\t\t<\/div>\n\t\t\t\t<\/div>\n\t\t\t\t<div class=\"elementor-element elementor-element-e64c7d0 elementor-widget elementor-widget-image\" data-id=\"e64c7d0\" data-element_type=\"widget\" data-widget_type=\"image.default\">\n\t\t\t\t<div class=\"elementor-widget-container\">\n\t\t\t\t\t\t\t\t\t\t\t\t\t\t\t<img decoding=\"async\" width=\"638\" height=\"859\" src=\"https:\/\/cimislia.md\/wp-content\/uploads\/2025\/12\/1.png\" class=\"attachment-large size-large wp-image-22091\" alt=\"\" srcset=\"https:\/\/cimislia.md\/wp-content\/uploads\/2025\/12\/1.png 638w, https:\/\/cimislia.md\/wp-content\/uploads\/2025\/12\/1-223x300.png 223w, https:\/\/cimislia.md\/wp-content\/uploads\/2025\/12\/1-9x12.png 9w\" sizes=\"(max-width: 638px) 100vw, 638px\" \/>\t\t\t\t\t\t\t\t\t\t\t\t\t\t\t<\/div>\n\t\t\t\t<\/div>\n\t\t\t\t<div class=\"elementor-element elementor-element-6673210 elementor-widget elementor-widget-image\" data-id=\"6673210\" data-element_type=\"widget\" data-widget_type=\"image.default\">\n\t\t\t\t<div class=\"elementor-widget-container\">\n\t\t\t\t\t\t\t\t\t\t\t\t\t\t\t<img decoding=\"async\" width=\"644\" height=\"642\" src=\"https:\/\/cimislia.md\/wp-content\/uploads\/2025\/12\/2.png\" class=\"attachment-large size-large wp-image-22092\" alt=\"\" srcset=\"https:\/\/cimislia.md\/wp-content\/uploads\/2025\/12\/2.png 644w, https:\/\/cimislia.md\/wp-content\/uploads\/2025\/12\/2-300x300.png 300w, https:\/\/cimislia.md\/wp-content\/uploads\/2025\/12\/2-150x150.png 150w, https:\/\/cimislia.md\/wp-content\/uploads\/2025\/12\/2-12x12.png 12w\" sizes=\"(max-width: 644px) 100vw, 644px\" \/>\t\t\t\t\t\t\t\t\t\t\t\t\t\t\t<\/div>\n\t\t\t\t<\/div>\n\t\t\t\t<div class=\"elementor-element elementor-element-a4da008 elementor-widget elementor-widget-text-editor\" data-id=\"a4da008\" data-element_type=\"widget\" data-widget_type=\"text-editor.default\">\n\t\t\t\t<div class=\"elementor-widget-container\">\n\t\t\t\t\t\t\t<p>De asemenea, sarcinile principale ale Centrului\u00a0\u00a0sunt:<\/p><p>&#8211; informarea \u0219i consultarea cet\u0103\u021benilor;<\/p><p><strong>V\u0103 deservesc operatorii :<\/strong><\/p><p><strong>VLAS Diana<\/strong>, tel. 241 2 10 76.<\/p><p><strong>GASAN Svetlana<\/strong>, \u00a0tel. 241 2 10 76.<\/p><p>Centrul\u00a0de Informare \u0219i servicii pentru cet\u0103\u021beni\u00a0func\u021bioneaz\u0103 de <strong>Luni &#8211; Vineri, ora: 08.00 &#8211; 17.00, <\/strong>f\u0103r\u0103 pauz\u0103 de mas\u0103<strong>.<\/strong><\/p>\t\t\t\t\t\t<\/div>\n\t\t\t\t<\/div>\n\t\t\t\t\t<\/div>\n\t\t<\/div>\n\t\t\t\t\t\t\t<\/div>\n\t\t<\/section>\n\t\t\t\t\t\t\t<\/div>","protected":false},"excerpt":{"rendered":"<p>\u00cen conformitate cu Decizia Consiliului or\u0103\u0219enesc Cimi\u0219lia nr. 9\/20 din 23.12.2020, a fost aprobat Regulmentul Centrului de Informare \u0219i servicii pentru cet\u0103\u021beni din cadrul Prim\u0103riei ora\u0219ului Cimi\u0219lia \u0219i a listei serviciilor prestate:\u00a0actelocale\/9.20.pdf V\u0103 inform\u0103m c\u0103\u00a0Centrul de Informare \u0219i servicii pentru cet\u0103\u021beni,\u00a0se afl\u0103 \u00een incinta Prim\u0103riei Cimi\u0219lia, direct cum intra\u021bi pe u\u0219a din fa\u021b\u0103, \u0219i presteaz\u0103&hellip;<\/p>","protected":false},"author":1,"featured_media":0,"parent":13236,"menu_order":0,"comment_status":"closed","ping_status":"closed","template":"","meta":{"inline_featured_image":false,"footnotes":""},"_links":{"self":[{"href":"https:\/\/cimislia.md\/ru\/wp-json\/wp\/v2\/pages\/14024"}],"collection":[{"href":"https:\/\/cimislia.md\/ru\/wp-json\/wp\/v2\/pages"}],"about":[{"href":"https:\/\/cimislia.md\/ru\/wp-json\/wp\/v2\/types\/page"}],"author":[{"embeddable":true,"href":"https:\/\/cimislia.md\/ru\/wp-json\/wp\/v2\/users\/1"}],"replies":[{"embeddable":true,"href":"https:\/\/cimislia.md\/ru\/wp-json\/wp\/v2\/comments?post=14024"}],"version-history":[{"count":15,"href":"https:\/\/cimislia.md\/ru\/wp-json\/wp\/v2\/pages\/14024\/revisions"}],"predecessor-version":[{"id":22098,"href":"https:\/\/cimislia.md\/ru\/wp-json\/wp\/v2\/pages\/14024\/revisions\/22098"}],"up":[{"embeddable":true,"href":"https:\/\/cimislia.md\/ru\/wp-json\/wp\/v2\/pages\/13236"}],"wp:attachment":[{"href":"https:\/\/cimislia.md\/ru\/wp-json\/wp\/v2\/media?parent=14024"}],"curies":[{"name":"wp","href":"https:\/\/api.w.org\/{rel}","templated":true}]}}