{"id":14072,"date":"2023-09-20T12:59:14","date_gmt":"2023-09-20T09:59:14","guid":{"rendered":"https:\/\/cimislia.md\/?page_id=14072"},"modified":"2026-01-28T11:23:41","modified_gmt":"2026-01-28T09:23:41","slug":"anunturi-licitatii","status":"publish","type":"page","link":"https:\/\/cimislia.md\/ru\/primaria\/licitatii-publice\/anunturi-licitatii\/","title":{"rendered":"\u041e\u0411\u042a\u042f\u0412\u041b\u0415\u041d\u0418\u042f \u0430\u0443\u043a\u0446\u0438\u043e\u043d\u044b"},"content":{"rendered":"<div data-elementor-type=\"wp-page\" data-elementor-id=\"14072\" class=\"elementor elementor-14072\">\n\t\t\t\t\t\t\t\t\t<section class=\"elementor-section elementor-top-section elementor-element elementor-element-08cba0b elementor-section-boxed elementor-section-height-default elementor-section-height-default\" data-id=\"08cba0b\" data-element_type=\"section\">\n\t\t\t\t\t\t<div class=\"elementor-container elementor-column-gap-default\">\n\t\t\t\t\t<div class=\"elementor-column elementor-col-100 elementor-top-column elementor-element elementor-element-8ca278f\" data-id=\"8ca278f\" data-element_type=\"column\">\n\t\t\t<div class=\"elementor-widget-wrap elementor-element-populated\">\n\t\t\t\t\t\t\t\t<div class=\"elementor-element elementor-element-057e2f0 elementor-widget elementor-widget-the7-accordion\" data-id=\"057e2f0\" data-element_type=\"widget\" data-widget_type=\"the7-accordion.default\">\n\t\t\t\t<div class=\"elementor-widget-container\">\n\t\t\t\t\t<div class=\"elementor-accordion the7-adv-accordion animate-on-loading\" data-accordion-type=\"accordion\" role=\"tablist\">\n\t\t\t\t\t\t\t<div class=\"elementor-accordion-item\">\n\t\t\t\t\t<h4 id=\"elementor-tab-title-5751\" class=\"elementor-tab-title the7-accordion-header active-default\" data-tab=\"1\" role=\"tab\" aria-controls=\"elementor-tab-content-5751\">\n\n\t\t\t\t\t\t\t\t\t\t\t\t\t<span class=\"elementor-accordion-icon elementor-accordion-icon-left\" aria-hidden=\"true\">\n\t\t\t\t\t\t\t\t\t\t\t\t\t\t\t<span class=\"elementor-accordion-icon-closed\"><i class=\"fas fa-caret-down\"><\/i><\/span>\n\t\t\t\t\t\t\t\t\t\t\t\t\t\t\t\t\t<span class=\"elementor-accordion-icon-opened\"><i class=\"fas fa-caret-up\"><\/i><\/span>\n\t\t\t\t\t\t\t\t\t\t\t\t\t\t\t\t\t\t\t\t\t\t<\/span>\n\t\t\t\t\t\t\t\t\t\t\t\t\t\t\t\t\t\t<a class=\"elementor-accordion-title\" href=\"\">Licita\u021bii 2026<\/a>\n\t\t\t\t\t<\/h4>\n\t\t\t\t\t<div id=\"elementor-tab-content-5751\" class=\"elementor-tab-content elementor-clearfix active-default\" data-tab=\"1\" role=\"tabpanel\" aria-labelledby=\"elementor-tab-title-5751\"><table style=\"width: 100%;\"><thead><tr><th>Titlu<\/th><th>\u00a0<\/th><th>\u00a0<\/th><\/tr><\/thead><tbody><tr><td>Licita\u021bie public\u0103 03 februarie 2026.pdf<\/td><td>\u00a0<\/td><td><a href=\"https:\/\/cimislia.md\/wp-content\/uploads\/2026\/01\/Licitatie-publica-03-februarie-2026.pdf\" target=\"_blank\" rel=\"noopener\"><br \/><img decoding=\"async\" src=\"\/wp-content\/uploads\/2023\/09\/download.svg\" \/><br \/>Click aici<br \/><\/a><\/td><\/tr><\/tbody><\/table><\/div>\n\t\t\t\t<\/div>\n\t\t\t\t\t\t\t<div class=\"elementor-accordion-item\">\n\t\t\t\t\t<h4 id=\"elementor-tab-title-5752\" class=\"elementor-tab-title the7-accordion-header\" data-tab=\"2\" role=\"tab\" aria-controls=\"elementor-tab-content-5752\">\n\n\t\t\t\t\t\t\t\t\t\t\t\t\t<span class=\"elementor-accordion-icon elementor-accordion-icon-left\" aria-hidden=\"true\">\n\t\t\t\t\t\t\t\t\t\t\t\t\t\t\t<span class=\"elementor-accordion-icon-closed\"><i class=\"fas fa-caret-down\"><\/i><\/span>\n\t\t\t\t\t\t\t\t\t\t\t\t\t\t\t\t\t<span class=\"elementor-accordion-icon-opened\"><i class=\"fas fa-caret-up\"><\/i><\/span>\n\t\t\t\t\t\t\t\t\t\t\t\t\t\t\t\t\t\t\t\t\t\t<\/span>\n\t\t\t\t\t\t\t\t\t\t\t\t\t\t\t\t\t\t<a class=\"elementor-accordion-title\" href=\"\">Licita\u021bii 2025<\/a>\n\t\t\t\t\t<\/h4>\n\t\t\t\t\t<div id=\"elementor-tab-content-5752\" class=\"elementor-tab-content elementor-clearfix\" data-tab=\"2\" role=\"tabpanel\" aria-labelledby=\"elementor-tab-title-5752\"><table style=\"width: 100%;\"><thead><tr><th>Titlu<\/th><th>\u00a0<\/th><th>\u00a0<\/th><\/tr><\/thead><tbody><tr><td>Licita\u021bie public\u0103 04 martie 2025.pdf<\/td><td>\u00a0<\/td><td><a href=\"https:\/\/cimislia.md\/wp-content\/uploads\/2025\/02\/Licitatie-publica-cu-strigare-04-martie-2025-1.pdf\" target=\"_blank\" rel=\"noopener\"><br \/><img decoding=\"async\" src=\"\/wp-content\/uploads\/2023\/09\/download.svg\" \/><br \/>Click aici<br \/><\/a><\/td><\/tr><tr><td>Licita\u021bie public\u0103 21 octombrie 2025.pdf<\/td><td>\u00a0<\/td><td><a href=\"https:\/\/cimislia.md\/wp-content\/uploads\/2025\/10\/Licitatie-publica-21-octombrie.pdf\" target=\"_blank\" rel=\"noopener\"><br \/><img decoding=\"async\" src=\"\/wp-content\/uploads\/2023\/09\/download.svg\" \/><br \/>Click aici<br \/><\/a><\/td><\/tr><\/tbody><\/table><\/div>\n\t\t\t\t<\/div>\n\t\t\t\t\t\t\t<div class=\"elementor-accordion-item\">\n\t\t\t\t\t<h4 id=\"elementor-tab-title-5753\" class=\"elementor-tab-title the7-accordion-header\" data-tab=\"3\" role=\"tab\" aria-controls=\"elementor-tab-content-5753\">\n\n\t\t\t\t\t\t\t\t\t\t\t\t\t<span class=\"elementor-accordion-icon elementor-accordion-icon-left\" aria-hidden=\"true\">\n\t\t\t\t\t\t\t\t\t\t\t\t\t\t\t<span class=\"elementor-accordion-icon-closed\"><i class=\"fas fa-caret-down\"><\/i><\/span>\n\t\t\t\t\t\t\t\t\t\t\t\t\t\t\t\t\t<span class=\"elementor-accordion-icon-opened\"><i class=\"fas fa-caret-up\"><\/i><\/span>\n\t\t\t\t\t\t\t\t\t\t\t\t\t\t\t\t\t\t\t\t\t\t<\/span>\n\t\t\t\t\t\t\t\t\t\t\t\t\t\t\t\t\t\t<a class=\"elementor-accordion-title\" href=\"\">Licita\u021bii 2024<\/a>\n\t\t\t\t\t<\/h4>\n\t\t\t\t\t<div id=\"elementor-tab-content-5753\" class=\"elementor-tab-content elementor-clearfix\" data-tab=\"3\" role=\"tabpanel\" aria-labelledby=\"elementor-tab-title-5753\"><table style=\"width: 100%;\"><thead><tr><th>Titlu<\/th><th>\u00a0<\/th><th>\u00a0<\/th><\/tr><\/thead><tbody><tr><td>Licita\u021bie public\u0103 26 martie 2024.pdf<\/td><td>\u00a0<\/td><td><a href=\"https:\/\/cimislia.md\/wp-content\/uploads\/2024\/03\/Licitatie-publica-26-martie-2024.pdf\" target=\"_blank\" rel=\"noopener\"><br \/><img decoding=\"async\" src=\"\/wp-content\/uploads\/2023\/09\/download.svg\" \/><br \/>Click aici<br \/><\/a><\/td><\/tr><tr><td>Licita\u021bie public\u0103 15 mai 2024.pdf<\/td><td>\u00a0<\/td><td><a href=\"https:\/\/cimislia.md\/wp-content\/uploads\/2024\/04\/comun-anunt-MO-15.05.24.semnat.pdf\" target=\"_blank\" rel=\"noopener\"><br \/><img decoding=\"async\" src=\"\/wp-content\/uploads\/2023\/09\/download.svg\" \/><br \/>Click aici<br \/><\/a><\/td><\/tr><tr><td>Licita\u021bie public\u0103 03 septembrie 2024.pdf<\/td><td>\u00a0<\/td><td><a href=\"https:\/\/cimislia.md\/wp-content\/uploads\/2024\/08\/Licitatie-3-septembrie-2024.pdf\" target=\"_blank\" rel=\"noopener\"><br \/><img decoding=\"async\" src=\"\/wp-content\/uploads\/2023\/09\/download.svg\" \/><br \/>Click aici<br \/><\/a><\/td><\/tr><\/tbody><\/table><\/div>\n\t\t\t\t<\/div>\n\t\t\t\t\t\t\t<div class=\"elementor-accordion-item\">\n\t\t\t\t\t<h4 id=\"elementor-tab-title-5754\" class=\"elementor-tab-title the7-accordion-header\" data-tab=\"4\" role=\"tab\" aria-controls=\"elementor-tab-content-5754\">\n\n\t\t\t\t\t\t\t\t\t\t\t\t\t<span class=\"elementor-accordion-icon elementor-accordion-icon-left\" aria-hidden=\"true\">\n\t\t\t\t\t\t\t\t\t\t\t\t\t\t\t<span class=\"elementor-accordion-icon-closed\"><i class=\"fas fa-caret-down\"><\/i><\/span>\n\t\t\t\t\t\t\t\t\t\t\t\t\t\t\t\t\t<span class=\"elementor-accordion-icon-opened\"><i class=\"fas fa-caret-up\"><\/i><\/span>\n\t\t\t\t\t\t\t\t\t\t\t\t\t\t\t\t\t\t\t\t\t\t<\/span>\n\t\t\t\t\t\t\t\t\t\t\t\t\t\t\t\t\t\t<a class=\"elementor-accordion-title\" href=\"\">Licita\u021bii 2023<\/a>\n\t\t\t\t\t<\/h4>\n\t\t\t\t\t<div id=\"elementor-tab-content-5754\" class=\"elementor-tab-content elementor-clearfix\" data-tab=\"4\" role=\"tabpanel\" aria-labelledby=\"elementor-tab-title-5754\"><table style=\"width: 100%;\">\n    <thead>\n    <tr>\n        <th>Titlu<\/th>\n        <th><\/th>\n        <th><\/th>\n    <\/tr>\n    <\/thead>\n    <tbody>\n    <tr>\n        <td>Licita\u021bie 14.02.23.pdf<\/td>\n        <td><\/td>\n        <td><a href=\"https:\/\/cimislia.md\/wp-content\/uploads\/2023\/09\/Licitatie-14.02.23.pdf\" target=\"_blank\" rel=\"noopener\">\n            <img decoding=\"async\" src=\"\/wp-content\/uploads\/2023\/09\/download.svg\" \/>\n            Click aici\n        <\/a><\/td>\n    <\/tr>\n    <tr>\n        <td>Licita\u021bie public\u0103 04.04.2023.pdf<\/td>\n        <td><\/td>\n        <td><a href=\"https:\/\/cimislia.md\/wp-content\/uploads\/2023\/09\/Licitatie-publica-04.04.2023.pdf\" target=\"_blank\" rel=\"noopener\">\n            <img decoding=\"async\" src=\"\/wp-content\/uploads\/2023\/09\/download.svg\" \/>\n            Click aici\n        <\/a><\/td>\n    <\/tr>\n    <\/tbody>\n<\/table><\/div>\n\t\t\t\t<\/div>\n\t\t\t\t\t\t\t<div class=\"elementor-accordion-item\">\n\t\t\t\t\t<h4 id=\"elementor-tab-title-5755\" class=\"elementor-tab-title the7-accordion-header\" data-tab=\"5\" role=\"tab\" aria-controls=\"elementor-tab-content-5755\">\n\n\t\t\t\t\t\t\t\t\t\t\t\t\t<span class=\"elementor-accordion-icon elementor-accordion-icon-left\" aria-hidden=\"true\">\n\t\t\t\t\t\t\t\t\t\t\t\t\t\t\t<span class=\"elementor-accordion-icon-closed\"><i class=\"fas fa-caret-down\"><\/i><\/span>\n\t\t\t\t\t\t\t\t\t\t\t\t\t\t\t\t\t<span class=\"elementor-accordion-icon-opened\"><i class=\"fas fa-caret-up\"><\/i><\/span>\n\t\t\t\t\t\t\t\t\t\t\t\t\t\t\t\t\t\t\t\t\t\t<\/span>\n\t\t\t\t\t\t\t\t\t\t\t\t\t\t\t\t\t\t<a class=\"elementor-accordion-title\" href=\"\">Licita\u021bii 2022<\/a>\n\t\t\t\t\t<\/h4>\n\t\t\t\t\t<div id=\"elementor-tab-content-5755\" class=\"elementor-tab-content elementor-clearfix\" data-tab=\"5\" role=\"tabpanel\" aria-labelledby=\"elementor-tab-title-5755\"><table style=\"width: 100%;\">\n    <thead>\n    <tr>\n        <th>Titlu<\/th>\n        <th><\/th>\n        <th><\/th>\n    <\/tr>\n    <\/thead>\n    <tbody>\n    <tr>\n        <td>Comunicat cu privire la licita\u021bii, 24.05.2022<\/td>\n        <td><\/td>\n        <td><a href=\"https:\/\/cimislia.md\/wp-content\/uploads\/2023\/09\/anunt-05.2022.pdf\" target=\"_blank\" rel=\"noopener\">\n            <img decoding=\"async\" src=\"\/wp-content\/uploads\/2023\/09\/download.svg\" \/>\n            Click aici\n        <\/a><\/td>\n    <\/tr>\n        <tr>\n        <td>Comunicat cu privire la licita\u021bie, 20.09.2022.pdf<\/td>\n        <td><\/td>\n        <td><a href=\"https:\/\/cimislia.md\/wp-content\/uploads\/2023\/09\/Comunicat-cu-privire-la-licitatie-20.09.2022.pdf\" target=\"_blank\" rel=\"noopener\">\n            <img decoding=\"async\" src=\"\/wp-content\/uploads\/2023\/09\/download.svg\" \/>\n            Click aici\n        <\/a><\/td>\n    <\/tr>\n    <tr>\n        <td>Comunicat cu privire la licita\u021bie 29.11.22.pdf<\/td>\n        <td><\/td>\n        <td><a href=\"https:\/\/cimislia.md\/wp-content\/uploads\/2023\/09\/Comunicat-cu-privire-la-licitatie-29.11.22.pdf\" target=\"_blank\" rel=\"noopener\">\n            <img decoding=\"async\" src=\"\/wp-content\/uploads\/2023\/09\/download.svg\" \/>\n            Click aici\n        <\/a><\/td>\n    <\/tr>\n    <\/tbody>\n<\/table><\/div>\n\t\t\t\t<\/div>\n\t\t\t\t\t\t\t<div class=\"elementor-accordion-item\">\n\t\t\t\t\t<h4 id=\"elementor-tab-title-5756\" class=\"elementor-tab-title the7-accordion-header\" data-tab=\"6\" role=\"tab\" aria-controls=\"elementor-tab-content-5756\">\n\n\t\t\t\t\t\t\t\t\t\t\t\t\t<span class=\"elementor-accordion-icon elementor-accordion-icon-left\" aria-hidden=\"true\">\n\t\t\t\t\t\t\t\t\t\t\t\t\t\t\t<span class=\"elementor-accordion-icon-closed\"><i class=\"fas fa-caret-down\"><\/i><\/span>\n\t\t\t\t\t\t\t\t\t\t\t\t\t\t\t\t\t<span class=\"elementor-accordion-icon-opened\"><i class=\"fas fa-caret-up\"><\/i><\/span>\n\t\t\t\t\t\t\t\t\t\t\t\t\t\t\t\t\t\t\t\t\t\t<\/span>\n\t\t\t\t\t\t\t\t\t\t\t\t\t\t\t\t\t\t<a class=\"elementor-accordion-title\" href=\"\">Licita\u021bii 2021<\/a>\n\t\t\t\t\t<\/h4>\n\t\t\t\t\t<div id=\"elementor-tab-content-5756\" class=\"elementor-tab-content elementor-clearfix\" data-tab=\"6\" role=\"tabpanel\" aria-labelledby=\"elementor-tab-title-5756\"><table style=\"width: 100%;\">\n    <thead>\n    <tr>\n        <th>Titlu<\/th>\n        <th><\/th>\n        <th><\/th>\n    <\/tr>\n    <\/thead>\n    <tbody>\n    <tr>\n        <td>Comunicat cu privire la licita\u021bii, 03.02.2021<\/td>\n        <td><\/td>\n        <td><a href=\"https:\/\/cimislia.md\/wp-content\/uploads\/2023\/09\/2021.01.15-scan-comunicat-publicat-in-MO.pdf\" target=\"_blank\" rel=\"noopener\">\n            <img decoding=\"async\" src=\"\/wp-content\/uploads\/2023\/09\/download.svg\" \/>\n            Click aici\n        <\/a><\/td>\n    <\/tr>\n        <tr>\n        <td>Comunicat cu privire la licita\u021bii, 19.04.2021<\/td>\n        <td><\/td>\n        <td><a href=\"https:\/\/cimislia.md\/wp-content\/uploads\/2023\/09\/Comunicat-19.04.2021.pdf\" target=\"_blank\" rel=\"noopener\">\n            <img decoding=\"async\" src=\"\/wp-content\/uploads\/2023\/09\/download.svg\" \/>\n            Click aici\n        <\/a><\/td>\n    <\/tr>\n    <tr>\n        <td>Comunicat cu privire la licita\u021bii,15.06.2021<\/td>\n        <td><\/td>\n        <td><a href=\"https:\/\/cimislia.md\/wp-content\/uploads\/2023\/09\/Comunicat-15.06.2021.pdf\" target=\"_blank\" rel=\"noopener\">\n            <img decoding=\"async\" src=\"\/wp-content\/uploads\/2023\/09\/download.svg\" \/>\n            Click aici\n        <\/a><\/td>\n    <\/tr>\n        <\/tr>\n        <tr>\n        <td>Comunicat cu privire la licita\u021bii, 02.09.2021<\/td>\n        <td><\/td>\n        <td><a href=\"https:\/\/cimislia.md\/wp-content\/uploads\/2023\/09\/2021.08.06-comunicat-MO-licitatia-02.09.2021.pdf\" target=\"_blank\" rel=\"noopener\">\n            <img decoding=\"async\" src=\"\/wp-content\/uploads\/2023\/09\/download.svg\" \/>\n            Click aici\n        <\/a><\/td>\n    <\/tr>\n    <tr>\n        <td>Comunicat cu privire la licita\u021bii, 19.10.2021<\/td>\n        <td><\/td>\n        <td><a href=\"https:\/\/cimislia.md\/wp-content\/uploads\/2023\/09\/2021.09.24-MO-adresa-comunicatul-licitatie-19.10.2021-font-14.pdf\" target=\"_blank\" rel=\"noopener\">\n            <img decoding=\"async\" src=\"\/wp-content\/uploads\/2023\/09\/download.svg\" \/>\n            Click aici\n        <\/a><\/td>\n    <\/tr>\n    <\/tbody>\n<\/table><\/div>\n\t\t\t\t<\/div>\n\t\t\t\t\t\t\t<div class=\"elementor-accordion-item\">\n\t\t\t\t\t<h4 id=\"elementor-tab-title-5757\" class=\"elementor-tab-title the7-accordion-header\" data-tab=\"7\" role=\"tab\" aria-controls=\"elementor-tab-content-5757\">\n\n\t\t\t\t\t\t\t\t\t\t\t\t\t<span class=\"elementor-accordion-icon elementor-accordion-icon-left\" aria-hidden=\"true\">\n\t\t\t\t\t\t\t\t\t\t\t\t\t\t\t<span class=\"elementor-accordion-icon-closed\"><i class=\"fas fa-caret-down\"><\/i><\/span>\n\t\t\t\t\t\t\t\t\t\t\t\t\t\t\t\t\t<span class=\"elementor-accordion-icon-opened\"><i class=\"fas fa-caret-up\"><\/i><\/span>\n\t\t\t\t\t\t\t\t\t\t\t\t\t\t\t\t\t\t\t\t\t\t<\/span>\n\t\t\t\t\t\t\t\t\t\t\t\t\t\t\t\t\t\t<a class=\"elementor-accordion-title\" href=\"\">Licita\u021bii 2020<\/a>\n\t\t\t\t\t<\/h4>\n\t\t\t\t\t<div id=\"elementor-tab-content-5757\" class=\"elementor-tab-content elementor-clearfix\" data-tab=\"7\" role=\"tabpanel\" aria-labelledby=\"elementor-tab-title-5757\"><table style=\"width: 100%;\">\n    <thead>\n    <tr>\n        <th>Titlu<\/th>\n        <th><\/th>\n        <th><\/th>\n    <\/tr>\n    <\/thead>\n    <tbody>\n    <tr>\n        <td>Comunicat cu privire la licita\u021bie, 23.04.2020, word<\/td>\n        <td><\/td>\n        <td><a href=\"https:\/\/cimislia.md\/wp-content\/uploads\/2023\/09\/2020.03.23-comunicat-MO-licitatia-04.2020.docx\" target=\"_blank\" rel=\"noopener\">\n            <img decoding=\"async\" src=\"\/wp-content\/uploads\/2023\/09\/download.svg\" \/>\n            Click aici\n        <\/a><\/td>\n    <\/tr>\n        <tr>\n        <td>Comunicat cu privire la licita\u021bie, 23.04.2020.pdf<\/td>\n        <td><\/td>\n        <td><a href=\"https:\/\/cimislia.md\/wp-content\/uploads\/2023\/09\/2020.03.27-scan-publicat-in-MO.pdf\" target=\"_blank\" rel=\"noopener\">\n            <img decoding=\"async\" src=\"\/wp-content\/uploads\/2023\/09\/download.svg\" \/>\n            Click aici\n        <\/a><\/td>\n    <\/tr>\n    <tr>\n        <td>Comunicat cu privire la licita\u021bie, 24.10.2020.pdf<\/td>\n        <td><\/td>\n        <td><a href=\"https:\/\/cimislia.md\/wp-content\/uploads\/2023\/09\/Scan-comunicat-MO-14-licitatie-24.10.2020.pdf\" target=\"_blank\" rel=\"noopener\">\n            <img decoding=\"async\" src=\"\/wp-content\/uploads\/2023\/09\/download.svg\" \/>\n            Click aici\n        <\/a><\/td>\n    <\/tbody>\n<\/table><\/div>\n\t\t\t\t<\/div>\n\t\t\t\t\t\t\t<div class=\"elementor-accordion-item\">\n\t\t\t\t\t<h4 id=\"elementor-tab-title-5758\" class=\"elementor-tab-title the7-accordion-header\" data-tab=\"8\" role=\"tab\" aria-controls=\"elementor-tab-content-5758\">\n\n\t\t\t\t\t\t\t\t\t\t\t\t\t<span class=\"elementor-accordion-icon elementor-accordion-icon-left\" aria-hidden=\"true\">\n\t\t\t\t\t\t\t\t\t\t\t\t\t\t\t<span class=\"elementor-accordion-icon-closed\"><i class=\"fas fa-caret-down\"><\/i><\/span>\n\t\t\t\t\t\t\t\t\t\t\t\t\t\t\t\t\t<span class=\"elementor-accordion-icon-opened\"><i class=\"fas fa-caret-up\"><\/i><\/span>\n\t\t\t\t\t\t\t\t\t\t\t\t\t\t\t\t\t\t\t\t\t\t<\/span>\n\t\t\t\t\t\t\t\t\t\t\t\t\t\t\t\t\t\t<a class=\"elementor-accordion-title\" href=\"\">Licita\u021bii 2019<\/a>\n\t\t\t\t\t<\/h4>\n\t\t\t\t\t<div id=\"elementor-tab-content-5758\" class=\"elementor-tab-content elementor-clearfix\" data-tab=\"8\" role=\"tabpanel\" aria-labelledby=\"elementor-tab-title-5758\"><table style=\"width: 100%;\">\n    <thead>\n    <tr>\n        <th>Titlu<\/th>\n        <th><\/th>\n        <th><\/th>\n    <\/tr>\n    <\/thead>\n    <tbody>\n    <tr>\n        <td>Comunicat cu privire la licita\u021bie, 26.02.2019<\/td>\n        <td><\/td>\n        <td><a href=\"https:\/\/cimislia.md\/wp-content\/uploads\/2023\/09\/Comunicat-licitatii.pdf-2.pdf\" target=\"_blank\" rel=\"noopener\">\n            <img decoding=\"async\" src=\"\/wp-content\/uploads\/2023\/09\/download.svg\" \/>\n            Click aici\n        <\/a><\/td>\n    <\/tr>\n        <tr>\n        <td>Comunicat cu privire la licita\u021bie, 23.04.2019<\/td>\n        <td><\/td>\n        <td><a href=\"https:\/\/cimislia.md\/wp-content\/uploads\/2023\/09\/scan-2-licitatie.pdf\" target=\"_blank\" rel=\"noopener\">\n            <img decoding=\"async\" src=\"\/wp-content\/uploads\/2023\/09\/download.svg\" \/>\n            Click aici\n        <\/a><\/td>\n    <\/tr>\n    <tr>\n        <td>Comunicat cu privire la licita\u021bie, 02.07.2019<\/td>\n        <td><\/td>\n        <td><a href=\"https:\/\/cimislia.md\/wp-content\/uploads\/2023\/09\/licitatie.pdf\" target=\"_blank\" rel=\"noopener\">\n            <img decoding=\"async\" src=\"\/wp-content\/uploads\/2023\/09\/download.svg\" \/>\n            Click aici\n        <\/a><\/td>\n    <\/tbody>\n<\/table><\/div>\n\t\t\t\t<\/div>\n\t\t\t\t\t\t\t<div class=\"elementor-accordion-item\">\n\t\t\t\t\t<h4 id=\"elementor-tab-title-5759\" class=\"elementor-tab-title the7-accordion-header\" data-tab=\"9\" role=\"tab\" aria-controls=\"elementor-tab-content-5759\">\n\n\t\t\t\t\t\t\t\t\t\t\t\t\t<span class=\"elementor-accordion-icon elementor-accordion-icon-left\" aria-hidden=\"true\">\n\t\t\t\t\t\t\t\t\t\t\t\t\t\t\t<span class=\"elementor-accordion-icon-closed\"><i class=\"fas fa-caret-down\"><\/i><\/span>\n\t\t\t\t\t\t\t\t\t\t\t\t\t\t\t\t\t<span class=\"elementor-accordion-icon-opened\"><i class=\"fas fa-caret-up\"><\/i><\/span>\n\t\t\t\t\t\t\t\t\t\t\t\t\t\t\t\t\t\t\t\t\t\t<\/span>\n\t\t\t\t\t\t\t\t\t\t\t\t\t\t\t\t\t\t<a class=\"elementor-accordion-title\" href=\"\">Licita\u021bii 2018<\/a>\n\t\t\t\t\t<\/h4>\n\t\t\t\t\t<div id=\"elementor-tab-content-5759\" class=\"elementor-tab-content elementor-clearfix\" data-tab=\"9\" role=\"tabpanel\" aria-labelledby=\"elementor-tab-title-5759\"><table style=\"width: 100%;\">\n    <thead>\n    <tr>\n        <th>Titlu<\/th>\n        <th><\/th>\n        <th><\/th>\n    <\/tr>\n    <\/thead>\n    <tbody>\n    <tr>\n        <td>Cerere ofert\u0103 de pre\u021b:instalarea pavajului la Gr\u0103dini\u021ba &#8222;Ghiocel&#8221;, 21.06.2018<\/td>\n        <td><\/td>\n        <td><a href=\"https:\/\/cimislia.md\/wp-content\/uploads\/2023\/09\/instalarea-pavajului.pdf\" target=\"_blank\" rel=\"noopener\">\n            <img decoding=\"async\" src=\"\/wp-content\/uploads\/2023\/09\/download.svg\" \/>\n            Click aici\n        <\/a><\/td>\n    <\/tr>\n        <tr>\n        <td>Cerere ofert\u0103 de pre\u021b: repara\u021bia s\u0103lii festive la Gr\u0103dini\u021ba &#8222;R\u00eendunica&#8221;, 21.06.2018<\/td>\n        <td><\/td>\n        <td><a href=\"https:\/\/cimislia.md\/wp-content\/uploads\/2023\/09\/rindunica.pdf\" target=\"_blank\" rel=\"noopener\">\n            <img decoding=\"async\" src=\"\/wp-content\/uploads\/2023\/09\/download.svg\" \/>\n            Click aici\n        <\/a><\/td>\n    <\/tr>\n    <tr>\n        <td>Cerere ofert\u0103 de pre\u021b: asfaltarea conexiunilor de pe str. M.Eminescu, etc., 22.06.2018<\/td>\n        <td><\/td>\n        <td><a href=\"https:\/\/cimislia.md\/wp-content\/uploads\/2023\/09\/Anunt-de-participare-Asfaltarea-conexiunilor-d-epe-str.-M.Eminescu-si-strazile-adiancente.pdf\" target=\"_blank\" rel=\"noopener\">\n            <img decoding=\"async\" src=\"\/wp-content\/uploads\/2023\/09\/download.svg\" \/>\n            Click aici\n        <\/a><\/td>\n    <tr>\n        <td>Licita\u021bie public\u0103: Produse alimentare pentru perioada septembrie-decembrie 2018<\/td>\n        <td><\/td>\n        <td><a href=\"https:\/\/cimislia.md\/wp-content\/uploads\/2023\/09\/alimentatia.pdf\" target=\"_blank\" rel=\"noopener\">\n            <img decoding=\"async\" src=\"\/wp-content\/uploads\/2023\/09\/download.svg\" \/>\n            Click aici\n        <\/a><\/td>\n    <\/tr>\n    <tr>\n        <td>Licita\u0163ie public\u0103: Construc\u0163ia unui teren sportiv multifunc\u0163ional de fotbal \u015fi tenis de c\u00eemp<\/td>\n        <td><\/td>\n        <td><a href=\"https:\/\/cimislia.md\/wp-content\/uploads\/2023\/09\/LICITATIE-PUBLICA-TEREN-SPORTIV.pdf\" target=\"_blank\" rel=\"noopener\">\n            <img decoding=\"async\" src=\"\/wp-content\/uploads\/2023\/09\/download.svg\" \/>\n            Click aici\n        <\/a><\/td>\n    <\/tr>\n    <tr>\n        <td>Anunt de participare la procedura de achizi\u021bie public\u0103 de tip Licita\u021bie Public\u0103, piept de g\u0103in\u0103<\/td>\n        <td><\/td>\n        <td><a href=\"https:\/\/cimislia.md\/wp-content\/uploads\/2023\/09\/Anunt-de-participare.pdf\" target=\"_blank\" rel=\"noopener\">\n            <img decoding=\"async\" src=\"\/wp-content\/uploads\/2023\/09\/download.svg\" \/>\n            Click aici\n        <\/a><\/td>\n    <tr>\n        <td>Anun\u021b cu privire la Licita\u021bia &#8222;cu strigare&#8221; din 08.11.18,pag. 1<\/td>\n        <td><\/td>\n        <td><a href=\"https:\/\/cimislia.md\/wp-content\/uploads\/2023\/09\/comunicat-MO.-Licitatia-08.11.18-1.pdf\" target=\"_blank\" rel=\"noopener\">\n            <img decoding=\"async\" src=\"\/wp-content\/uploads\/2023\/09\/download.svg\" \/>\n            Click aici\n        <\/a><\/td>\n    <\/tr>\n    <tr>\n        <td>Anun\u021b cu privire Licita\u021bia &#8222;cu strigare&#8221; din 08.11.18,pag. 2<\/td>\n        <td><\/td>\n        <td><a href=\"https:\/\/cimislia.md\/wp-content\/uploads\/2023\/09\/comunicat-MO.-Licitatia-08.11.18-2.pdf\" target=\"_blank\" rel=\"noopener\">\n            <img decoding=\"async\" src=\"\/wp-content\/uploads\/2023\/09\/download.svg\" \/>\n            Click aici\n        <\/a><\/td>\n    <\/tbody>\n<\/table><\/div>\n\t\t\t\t<\/div>\n\t\t\t\t\t\t\t<div class=\"elementor-accordion-item\">\n\t\t\t\t\t<h4 id=\"elementor-tab-title-57510\" class=\"elementor-tab-title the7-accordion-header\" data-tab=\"10\" role=\"tab\" aria-controls=\"elementor-tab-content-57510\">\n\n\t\t\t\t\t\t\t\t\t\t\t\t\t<span class=\"elementor-accordion-icon elementor-accordion-icon-left\" aria-hidden=\"true\">\n\t\t\t\t\t\t\t\t\t\t\t\t\t\t\t<span class=\"elementor-accordion-icon-closed\"><i class=\"fas fa-caret-down\"><\/i><\/span>\n\t\t\t\t\t\t\t\t\t\t\t\t\t\t\t\t\t<span class=\"elementor-accordion-icon-opened\"><i class=\"fas fa-caret-up\"><\/i><\/span>\n\t\t\t\t\t\t\t\t\t\t\t\t\t\t\t\t\t\t\t\t\t\t<\/span>\n\t\t\t\t\t\t\t\t\t\t\t\t\t\t\t\t\t\t<a class=\"elementor-accordion-title\" href=\"\">Anun\u021b licita\u021bie \"cu strigare\"<\/a>\n\t\t\t\t\t<\/h4>\n\t\t\t\t\t<div id=\"elementor-tab-content-57510\" class=\"elementor-tab-content elementor-clearfix\" data-tab=\"10\" role=\"tabpanel\" aria-labelledby=\"elementor-tab-title-57510\"><p>V\u0103 inform\u0103m c\u0103 \u00een perioada 19 &#8211; 23 noiembrie 2018, sunt expuse licita\u021biei &#8222;cu strigare&#8221;, pe pia\u021ba reglementat\u0103\u00a0a Bursei de Valori, \u00een pachet unic ac\u021biunile proprietate public\u0103 de stat din S.A. &#8222;Drumuri &#8211; Cimi\u0219lia&#8221;, str. N. Iorga, 106, \u00een num\u0103r de 2 210 695 unit\u0103\u021bi (99,637%) la pre\u021bul ini\u021bial de 10,000 lei pentru o ac\u021biune.<\/p><p>Comunicatul informativ este publicat \u00een Monitorul oficial al Republicii Moldova nr. 384-395 din 12.10.2018.<\/p><p>link:\u00a0<\/p><p><a href=\"http:\/\/www.madrm.gov.md\/sites\/default\/files\/Monitorul%20Oficial%20Nr.%20384-395.pdf\" target=\"_blank\" rel=\"noopener\">http:\/\/www.madrm.gov.md\/sites\/default\/files\/Monitorul%20Oficial%20Nr.%20384-395.pdf<\/a><\/p><p>\u00a0<\/p><\/div>\n\t\t\t\t<\/div>\n\t\t\t\t\t<\/div>\n\t\t\t\t<\/div>\n\t\t\t\t<\/div>\n\t\t\t\t\t<\/div>\n\t\t<\/div>\n\t\t\t\t\t\t\t<\/div>\n\t\t<\/section>\n\t\t\t\t\t\t\t<\/div>","protected":false},"excerpt":{"rendered":"<p>Licita\u021bii 2026 Titlu \u00a0 \u00a0 Licita\u021bie public\u0103 03 februarie 2026.pdf \u00a0 Click aici Licita\u021bii 2025 Titlu \u00a0 \u00a0 Licita\u021bie public\u0103 04 martie 2025.pdf \u00a0 Click aici Licita\u021bie public\u0103 21 octombrie 2025.pdf \u00a0 Click aici Licita\u021bii 2024 Titlu \u00a0 \u00a0 Licita\u021bie public\u0103 26 martie 2024.pdf \u00a0 Click aici Licita\u021bie public\u0103 15 mai 2024.pdf \u00a0 Click aici&hellip;<\/p>","protected":false},"author":1,"featured_media":0,"parent":14051,"menu_order":0,"comment_status":"closed","ping_status":"closed","template":"","meta":{"inline_featured_image":false,"footnotes":""},"_links":{"self":[{"href":"https:\/\/cimislia.md\/ru\/wp-json\/wp\/v2\/pages\/14072"}],"collection":[{"href":"https:\/\/cimislia.md\/ru\/wp-json\/wp\/v2\/pages"}],"about":[{"href":"https:\/\/cimislia.md\/ru\/wp-json\/wp\/v2\/types\/page"}],"author":[{"embeddable":true,"href":"https:\/\/cimislia.md\/ru\/wp-json\/wp\/v2\/users\/1"}],"replies":[{"embeddable":true,"href":"https:\/\/cimislia.md\/ru\/wp-json\/wp\/v2\/comments?post=14072"}],"version-history":[{"count":63,"href":"https:\/\/cimislia.md\/ru\/wp-json\/wp\/v2\/pages\/14072\/revisions"}],"predecessor-version":[{"id":22708,"href":"https:\/\/cimislia.md\/ru\/wp-json\/wp\/v2\/pages\/14072\/revisions\/22708"}],"up":[{"embeddable":true,"href":"https:\/\/cimislia.md\/ru\/wp-json\/wp\/v2\/pages\/14051"}],"wp:attachment":[{"href":"https:\/\/cimislia.md\/ru\/wp-json\/wp\/v2\/media?parent=14072"}],"curies":[{"name":"wp","href":"https:\/\/api.w.org\/{rel}","templated":true}]}}