{"id":14074,"date":"2023-09-20T12:59:42","date_gmt":"2023-09-20T09:59:42","guid":{"rendered":"https:\/\/cimislia.md\/?page_id=14074"},"modified":"2026-02-25T09:01:26","modified_gmt":"2026-02-25T07:01:26","slug":"rezultatele-licitatiilor","status":"publish","type":"page","link":"https:\/\/cimislia.md\/ru\/primaria\/licitatii-publice\/rezultatele-licitatiilor\/","title":{"rendered":"\u0420\u0435\u0437\u0443\u043b\u044c\u0442\u0430\u0442\u044b \u0430\u0443\u043a\u0446\u0438\u043e\u043d\u0430"},"content":{"rendered":"<div data-elementor-type=\"wp-page\" data-elementor-id=\"14074\" class=\"elementor elementor-14074\">\n\t\t\t\t\t\t\t\t\t<section class=\"elementor-section elementor-top-section elementor-element elementor-element-509f28d elementor-section-boxed elementor-section-height-default elementor-section-height-default\" data-id=\"509f28d\" data-element_type=\"section\">\n\t\t\t\t\t\t<div class=\"elementor-container elementor-column-gap-default\">\n\t\t\t\t\t<div class=\"elementor-column elementor-col-100 elementor-top-column elementor-element elementor-element-6e53a49\" data-id=\"6e53a49\" data-element_type=\"column\">\n\t\t\t<div class=\"elementor-widget-wrap elementor-element-populated\">\n\t\t\t\t\t\t\t\t<div class=\"elementor-element elementor-element-fb902d8 elementor-widget elementor-widget-the7-accordion\" data-id=\"fb902d8\" data-element_type=\"widget\" data-widget_type=\"the7-accordion.default\">\n\t\t\t\t<div class=\"elementor-widget-container\">\n\t\t\t\t\t<div class=\"elementor-accordion the7-adv-accordion animate-on-loading\" data-accordion-type=\"accordion\" role=\"tablist\">\n\t\t\t\t\t\t\t<div class=\"elementor-accordion-item\">\n\t\t\t\t\t<h4 id=\"elementor-tab-title-2631\" class=\"elementor-tab-title the7-accordion-header active-default\" data-tab=\"1\" role=\"tab\" aria-controls=\"elementor-tab-content-2631\">\n\n\t\t\t\t\t\t\t\t\t\t\t\t\t<span class=\"elementor-accordion-icon elementor-accordion-icon-left\" aria-hidden=\"true\">\n\t\t\t\t\t\t\t\t\t\t\t\t\t\t\t<span class=\"elementor-accordion-icon-closed\"><i class=\"fas fa-caret-down\"><\/i><\/span>\n\t\t\t\t\t\t\t\t\t\t\t\t\t\t\t\t\t<span class=\"elementor-accordion-icon-opened\"><i class=\"fas fa-caret-up\"><\/i><\/span>\n\t\t\t\t\t\t\t\t\t\t\t\t\t\t\t\t\t\t\t\t\t\t<\/span>\n\t\t\t\t\t\t\t\t\t\t\t\t\t\t\t\t\t\t<a class=\"elementor-accordion-title\" href=\"\">Rezultate licita\u021bii anul 2017 - 2018<\/a>\n\t\t\t\t\t<\/h4>\n\t\t\t\t\t<div id=\"elementor-tab-content-2631\" class=\"elementor-tab-content elementor-clearfix active-default\" data-tab=\"1\" role=\"tabpanel\" aria-labelledby=\"elementor-tab-title-2631\"><table style=\"width: 100%;\">\n    <thead>\n    <tr>\n        <th>Titlu<\/th>\n        <th><\/th>\n        <th><\/th>\n    <\/tr>\n    <\/thead>\n    <tbody>\n    <tr>\n        <td>Licita\u021bia din 09.11.2017<\/td>\n        <td><\/td>\n        <td><a href=\"https:\/\/cimislia.md\/wp-content\/uploads\/2023\/09\/ilovepdf_com1.pdf\" target=\"_blank\" rel=\"noopener\">\n            <img decoding=\"async\" src=\"\/wp-content\/uploads\/2023\/09\/download.svg\" \/>\n            Click aici\n        <\/a><\/td>\n    <\/tr>\n    <tr>\n        <td>Licita\u021bia din 14.06. 2018<\/td>\n        <td><\/td>\n        <td><a href=\"https:\/\/cimislia.md\/wp-content\/uploads\/2023\/09\/ilovepdf_com-11.pdf\" target=\"_blank\" rel=\"noopener\">\n            <img decoding=\"async\" src=\"\/wp-content\/uploads\/2023\/09\/download.svg\" \/>\n            Click aici\n        <\/a><\/td>\n    <\/tr>\n    <tr>\n        <td>Licita\u021bia din 19.04.2018<\/td>\n        <td><\/td>\n        <td><a href=\"https:\/\/cimislia.md\/wp-content\/uploads\/2023\/09\/ilovepdf_com-21.pdf\" target=\"_blank\" rel=\"noopener\">\n            <img decoding=\"async\" src=\"\/wp-content\/uploads\/2023\/09\/download.svg\" \/>\n            Click aici\n        <\/a><\/td>\n    <\/tr>\n    <tr>\n        <td>Licita\u021bia sin 27.12.2017<\/td>\n        <td><\/td>\n        <td><a href=\"https:\/\/cimislia.md\/wp-content\/uploads\/2023\/09\/ilovepdf_com2.pdf\" target=\"_blank\" rel=\"noopener\">\n            <img decoding=\"async\" src=\"\/wp-content\/uploads\/2023\/09\/download.svg\" \/>\n            Click aici\n        <\/a><\/td>\n    <\/tr>\n    <tr>\n        <td>Licita\u021bia din 30.11.2017<\/td>\n        <td><\/td>\n        <td><a href=\"https:\/\/cimislia.md\/wp-content\/uploads\/2023\/09\/ilovepdf-com-11pdf-5b2794f73f543.pdf\" target=\"_blank\" rel=\"noopener\">\n            <img decoding=\"async\" src=\"\/wp-content\/uploads\/2023\/09\/download.svg\" \/>\n            Click aici\n        <\/a><\/td>\n    <\/tr>\n    <tr>\n        <td>Licita\u0163ia din 07.06.2018, cu privire la repara\u0163ia buc\u0103t\u0103riei \u015fi a depozitului de la Gr. F\u0103t-Frumos<\/td>\n        <td><\/td>\n        <td><a href=\"https:\/\/cimislia.md\/wp-content\/uploads\/2023\/09\/fat-frumos.pdf\" target=\"_blank\" rel=\"noopener\">\n            <img decoding=\"async\" src=\"\/wp-content\/uploads\/2023\/09\/download.svg\" \/>\n            Click aici\n        <\/a><\/td>\n    <\/tr>\n    <tr>\n        <td>Licita\u0163ia din 12.06.2018, cu privire la procurarea petri\u015fului din piatr\u0103 spart\u0103<\/td>\n        <td><\/td>\n        <td><a href=\"https:\/\/cimislia.md\/wp-content\/uploads\/2023\/09\/pietris.pdf\" target=\"_blank\" rel=\"noopener\">\n            <img decoding=\"async\" src=\"\/wp-content\/uploads\/2023\/09\/download.svg\" \/>\n            Click aici\n        <\/a><\/td>\n    <\/tr>\n    <tr>\n        <td>Licita\u0163ia din 07.06.2018, cu privire la repara\u0163ia capital\u0103 a acoperi\u015fului de la Gr. Viorica<\/td>\n        <td><\/td>\n        <td><a href=\"https:\/\/cimislia.md\/wp-content\/uploads\/2023\/09\/viorica.pdf\" target=\"_blank\" rel=\"noopener\">\n            <img decoding=\"async\" src=\"\/wp-content\/uploads\/2023\/09\/download.svg\" \/>\n            Click aici\n        <\/a><\/td>\n    <\/tr>\n    <tr>\n        <td>Licita\u021bia din 30.08.2018.pdf<\/td>\n        <td><\/td>\n        <td><a href=\"https:\/\/cimislia.md\/wp-content\/uploads\/2023\/09\/Licitatia-din-30.08.2018.pdf\" target=\"_blank\" rel=\"noopener\">\n            <img decoding=\"async\" src=\"\/wp-content\/uploads\/2023\/09\/download.svg\" \/>\n            Click aici\n        <\/a><\/td>\n    <\/tr>\n    <tr>\n        <td>Licita\u021bia din 11.09.2018, cu privire la achizi\u021bionarea pieptului de pui<\/td>\n        <td><\/td>\n        <td><a href=\"https:\/\/cimislia.md\/wp-content\/uploads\/2023\/09\/Slavena-Lux.pdf\" target=\"_blank\" rel=\"noopener\">\n            <img decoding=\"async\" src=\"\/wp-content\/uploads\/2023\/09\/download.svg\" \/>\n            Click aici\n        <\/a><\/td>\n    <\/tr>\n    <tr>\n        <td>Rezultatele licita\u021biei din 08.11.2018.pdf<\/td>\n        <td><\/td>\n        <td><a href=\"https:\/\/cimislia.md\/wp-content\/uploads\/2023\/09\/Rezultate-licitatii-1.pdf\" target=\"_blank\" rel=\"noopener\">\n            <img decoding=\"async\" src=\"\/wp-content\/uploads\/2023\/09\/download.svg\" \/>\n            Click aici\n        <\/a><\/td>\n    <\/tr>\n    <\/tbody>\n<\/table><\/div>\n\t\t\t\t<\/div>\n\t\t\t\t\t\t\t<div class=\"elementor-accordion-item\">\n\t\t\t\t\t<h4 id=\"elementor-tab-title-2632\" class=\"elementor-tab-title the7-accordion-header\" data-tab=\"2\" role=\"tab\" aria-controls=\"elementor-tab-content-2632\">\n\n\t\t\t\t\t\t\t\t\t\t\t\t\t<span class=\"elementor-accordion-icon elementor-accordion-icon-left\" aria-hidden=\"true\">\n\t\t\t\t\t\t\t\t\t\t\t\t\t\t\t<span class=\"elementor-accordion-icon-closed\"><i class=\"fas fa-caret-down\"><\/i><\/span>\n\t\t\t\t\t\t\t\t\t\t\t\t\t\t\t\t\t<span class=\"elementor-accordion-icon-opened\"><i class=\"fas fa-caret-up\"><\/i><\/span>\n\t\t\t\t\t\t\t\t\t\t\t\t\t\t\t\t\t\t\t\t\t\t<\/span>\n\t\t\t\t\t\t\t\t\t\t\t\t\t\t\t\t\t\t<a class=\"elementor-accordion-title\" href=\"\">Rezultate licita\u021bii 2020<\/a>\n\t\t\t\t\t<\/h4>\n\t\t\t\t\t<div id=\"elementor-tab-content-2632\" class=\"elementor-tab-content elementor-clearfix\" data-tab=\"2\" role=\"tabpanel\" aria-labelledby=\"elementor-tab-title-2632\"><table style=\"width: 100%;\">\n    <thead>\n    <tr>\n        <th>Titlu<\/th>\n        <th><\/th>\n        <th><\/th>\n    <\/tr>\n    <\/thead>\n    <tbody>\n    <tr>\n        <td>Raport privind rezultatele licita\u021biei publice cu strigare din 23.04.2020<\/td>\n        <td><\/td>\n        <td><a href=\"https:\/\/cimislia.md\/wp-content\/uploads\/2023\/09\/2020.04.28-Raport-privind-rezultatele-licitatiei-publice-cu-strigare-din-23.04.2020-1.docx\" target=\"_blank\" rel=\"noopener\">\n            <img decoding=\"async\" src=\"\/wp-content\/uploads\/2023\/09\/download.svg\" \/>\n            Click aici\n        <\/a><\/td>\n    <\/tr>\n\n    <\/tbody>\n<\/table><\/div>\n\t\t\t\t<\/div>\n\t\t\t\t\t\t\t<div class=\"elementor-accordion-item\">\n\t\t\t\t\t<h4 id=\"elementor-tab-title-2633\" class=\"elementor-tab-title the7-accordion-header\" data-tab=\"3\" role=\"tab\" aria-controls=\"elementor-tab-content-2633\">\n\n\t\t\t\t\t\t\t\t\t\t\t\t\t<span class=\"elementor-accordion-icon elementor-accordion-icon-left\" aria-hidden=\"true\">\n\t\t\t\t\t\t\t\t\t\t\t\t\t\t\t<span class=\"elementor-accordion-icon-closed\"><i class=\"fas fa-caret-down\"><\/i><\/span>\n\t\t\t\t\t\t\t\t\t\t\t\t\t\t\t\t\t<span class=\"elementor-accordion-icon-opened\"><i class=\"fas fa-caret-up\"><\/i><\/span>\n\t\t\t\t\t\t\t\t\t\t\t\t\t\t\t\t\t\t\t\t\t\t<\/span>\n\t\t\t\t\t\t\t\t\t\t\t\t\t\t\t\t\t\t<a class=\"elementor-accordion-title\" href=\"\">Rezultate licita\u021bii 2021<\/a>\n\t\t\t\t\t<\/h4>\n\t\t\t\t\t<div id=\"elementor-tab-content-2633\" class=\"elementor-tab-content elementor-clearfix\" data-tab=\"3\" role=\"tabpanel\" aria-labelledby=\"elementor-tab-title-2633\"><table style=\"width: 100%;\">\n    <thead>\n    <tr>\n        <th>Titlu<\/th>\n        <th><\/th>\n        <th><\/th>\n    <\/tr>\n    <\/thead>\n    <tbody>\n    <tr>\n        <td>Raport privind rezultatele licita\u021biei publice cu strigare din 03.02.2021.docx<\/td>\n        <td><\/td>\n        <td><a href=\"https:\/\/cimislia.md\/wp-content\/uploads\/2023\/09\/Rezultatele-licitatiei-publice-din-24-mai-2022.pdf\" target=\"_blank\" rel=\"noopener\">\n            <img decoding=\"async\" src=\"\/wp-content\/uploads\/2023\/09\/download.svg\" \/>\n            Click aici\n        <\/a><\/td>\n    <\/tr>\n\n    <\/tbody>\n<\/table><\/div>\n\t\t\t\t<\/div>\n\t\t\t\t\t\t\t<div class=\"elementor-accordion-item\">\n\t\t\t\t\t<h4 id=\"elementor-tab-title-2634\" class=\"elementor-tab-title the7-accordion-header\" data-tab=\"4\" role=\"tab\" aria-controls=\"elementor-tab-content-2634\">\n\n\t\t\t\t\t\t\t\t\t\t\t\t\t<span class=\"elementor-accordion-icon elementor-accordion-icon-left\" aria-hidden=\"true\">\n\t\t\t\t\t\t\t\t\t\t\t\t\t\t\t<span class=\"elementor-accordion-icon-closed\"><i class=\"fas fa-caret-down\"><\/i><\/span>\n\t\t\t\t\t\t\t\t\t\t\t\t\t\t\t\t\t<span class=\"elementor-accordion-icon-opened\"><i class=\"fas fa-caret-up\"><\/i><\/span>\n\t\t\t\t\t\t\t\t\t\t\t\t\t\t\t\t\t\t\t\t\t\t<\/span>\n\t\t\t\t\t\t\t\t\t\t\t\t\t\t\t\t\t\t<a class=\"elementor-accordion-title\" href=\"\">Rezultatele licita\u021biei 2022<\/a>\n\t\t\t\t\t<\/h4>\n\t\t\t\t\t<div id=\"elementor-tab-content-2634\" class=\"elementor-tab-content elementor-clearfix\" data-tab=\"4\" role=\"tabpanel\" aria-labelledby=\"elementor-tab-title-2634\"><table style=\"width: 100%;\">\n    <thead>\n    <tr>\n        <th>Titlu<\/th>\n        <th><\/th>\n        <th><\/th>\n    <\/tr>\n    <\/thead>\n    <tbody>\n    <tr>\n        <td>Raport privind rezultatele licita\u021biei din 20.09.22_publicare (1).pdf<\/td>\n        <td><\/td>\n        <td><a href=\"https:\/\/cimislia.md\/wp-content\/uploads\/2023\/09\/Raport-privind-rezultatele-licitatiei-din-20.09.22_publicare-1.pdf\" target=\"_blank\" rel=\"noopener\">\n            <img decoding=\"async\" src=\"\/wp-content\/uploads\/2023\/09\/download.svg\" \/>\n            Click aici\n        <\/a><\/td>\n    <\/tr>\n        <tr>\n        <td>Rezultatele licita\u021biei publice 29 noiembrie 2022.pdf<\/td>\n        <td><\/td>\n        <td><a href=\"https:\/\/cimislia.md\/wp-content\/uploads\/2023\/09\/Rezultatele-licitatiei-publice-29-noiembrie.pdf\" target=\"_blank\" rel=\"noopener\">\n            <img decoding=\"async\" src=\"\/wp-content\/uploads\/2023\/09\/download.svg\" \/>\n            Click aici\n        <\/a><\/td>\n    <\/tr>\n    <tr>\n        <td>Rezultatele licita\u021biei publice din 24 mai 2022.pdf<\/td>\n        <td><\/td>\n        <td><a href=\"https:\/\/cimislia.md\/wp-content\/uploads\/2023\/09\/Rezultatele-licitatiei-publice-din-24-mai-2022.pdf\" target=\"_blank\" rel=\"noopener\">\n            <img decoding=\"async\" src=\"\/wp-content\/uploads\/2023\/09\/download.svg\" \/>\n            Click aici\n        <\/a><\/td>\n    <\/tr>\n    <\/tbody>\n<\/table><\/div>\n\t\t\t\t<\/div>\n\t\t\t\t\t\t\t<div class=\"elementor-accordion-item\">\n\t\t\t\t\t<h4 id=\"elementor-tab-title-2635\" class=\"elementor-tab-title the7-accordion-header\" data-tab=\"5\" role=\"tab\" aria-controls=\"elementor-tab-content-2635\">\n\n\t\t\t\t\t\t\t\t\t\t\t\t\t<span class=\"elementor-accordion-icon elementor-accordion-icon-left\" aria-hidden=\"true\">\n\t\t\t\t\t\t\t\t\t\t\t\t\t\t\t<span class=\"elementor-accordion-icon-closed\"><i class=\"fas fa-caret-down\"><\/i><\/span>\n\t\t\t\t\t\t\t\t\t\t\t\t\t\t\t\t\t<span class=\"elementor-accordion-icon-opened\"><i class=\"fas fa-caret-up\"><\/i><\/span>\n\t\t\t\t\t\t\t\t\t\t\t\t\t\t\t\t\t\t\t\t\t\t<\/span>\n\t\t\t\t\t\t\t\t\t\t\t\t\t\t\t\t\t\t<a class=\"elementor-accordion-title\" href=\"\">Rezultate licita\u021bii 2023<\/a>\n\t\t\t\t\t<\/h4>\n\t\t\t\t\t<div id=\"elementor-tab-content-2635\" class=\"elementor-tab-content elementor-clearfix\" data-tab=\"5\" role=\"tabpanel\" aria-labelledby=\"elementor-tab-title-2635\"><table style=\"width: 100%;\">\n    <thead>\n    <tr>\n        <th>Titlu<\/th>\n        <th><\/th>\n        <th><\/th>\n    <\/tr>\n    <\/thead>\n    <tbody>\n    <tr>\n        <td>Rezultatele Licita\u021biei din 14.02.23.pdf<\/td>\n        <td><\/td>\n        <td><a href=\"https:\/\/cimislia.md\/wp-content\/uploads\/2023\/09\/Rezultatele-Licitatiei-din-14.02.23.pdf\" target=\"_blank\" rel=\"noopener\">\n            <img decoding=\"async\" src=\"\/wp-content\/uploads\/2023\/09\/download.svg\" \/>\n            Click aici\n        <\/a><\/td>\n    <\/tr>\n        <tr>\n        <td>Raport privind rezultatele licita\u021biei publice cu strigare din 04 aprilie 2023.pdf<\/td>\n        <td><\/td>\n        <td><a href=\"https:\/\/cimislia.md\/wp-content\/uploads\/2023\/09\/Raport-privind-rezultatele-licitatiei-publice-cu-strigare-din-04-aprilie-2023.pdf\" target=\"_blank\" rel=\"noopener\">\n            <img decoding=\"async\" src=\"\/wp-content\/uploads\/2023\/09\/download.svg\" \/>\n            Click aici\n        <\/a><\/td>\n    <\/tr>\n    <\/tbody>\n<\/table><\/div>\n\t\t\t\t<\/div>\n\t\t\t\t\t\t\t<div class=\"elementor-accordion-item\">\n\t\t\t\t\t<h4 id=\"elementor-tab-title-2636\" class=\"elementor-tab-title the7-accordion-header\" data-tab=\"6\" role=\"tab\" aria-controls=\"elementor-tab-content-2636\">\n\n\t\t\t\t\t\t\t\t\t\t\t\t\t<span class=\"elementor-accordion-icon elementor-accordion-icon-left\" aria-hidden=\"true\">\n\t\t\t\t\t\t\t\t\t\t\t\t\t\t\t<span class=\"elementor-accordion-icon-closed\"><i class=\"fas fa-caret-down\"><\/i><\/span>\n\t\t\t\t\t\t\t\t\t\t\t\t\t\t\t\t\t<span class=\"elementor-accordion-icon-opened\"><i class=\"fas fa-caret-up\"><\/i><\/span>\n\t\t\t\t\t\t\t\t\t\t\t\t\t\t\t\t\t\t\t\t\t\t<\/span>\n\t\t\t\t\t\t\t\t\t\t\t\t\t\t\t\t\t\t<a class=\"elementor-accordion-title\" href=\"\">Rezultate licita\u021bii 2024<\/a>\n\t\t\t\t\t<\/h4>\n\t\t\t\t\t<div id=\"elementor-tab-content-2636\" class=\"elementor-tab-content elementor-clearfix\" data-tab=\"6\" role=\"tabpanel\" aria-labelledby=\"elementor-tab-title-2636\"><table style=\"width: 100%;\"><thead><tr><th>Titlu<\/th><th>\u00a0<\/th><th>\u00a0<\/th><\/tr><\/thead><tbody><tr><td>Rezultatele Licita\u021biei publice din 15.05.2024.pdf<\/td><td>\u00a0<\/td><td><a href=\"https:\/\/cimislia.md\/wp-content\/uploads\/2025\/04\/Rezultatele-licitatiei-publice-din-15-mai-2024.pdf\" target=\"_blank\" rel=\"noopener\"><br \/><img decoding=\"async\" src=\"\/wp-content\/uploads\/2023\/09\/download.svg\" \/><br \/>Click aici<br \/><\/a><\/td><\/tr><\/tbody><\/table><\/div>\n\t\t\t\t<\/div>\n\t\t\t\t\t\t\t<div class=\"elementor-accordion-item\">\n\t\t\t\t\t<h4 id=\"elementor-tab-title-2637\" class=\"elementor-tab-title the7-accordion-header\" data-tab=\"7\" role=\"tab\" aria-controls=\"elementor-tab-content-2637\">\n\n\t\t\t\t\t\t\t\t\t\t\t\t\t<span class=\"elementor-accordion-icon elementor-accordion-icon-left\" aria-hidden=\"true\">\n\t\t\t\t\t\t\t\t\t\t\t\t\t\t\t<span class=\"elementor-accordion-icon-closed\"><i class=\"fas fa-caret-down\"><\/i><\/span>\n\t\t\t\t\t\t\t\t\t\t\t\t\t\t\t\t\t<span class=\"elementor-accordion-icon-opened\"><i class=\"fas fa-caret-up\"><\/i><\/span>\n\t\t\t\t\t\t\t\t\t\t\t\t\t\t\t\t\t\t\t\t\t\t<\/span>\n\t\t\t\t\t\t\t\t\t\t\t\t\t\t\t\t\t\t<a class=\"elementor-accordion-title\" href=\"\">Rezultate licita\u021bii 2025<\/a>\n\t\t\t\t\t<\/h4>\n\t\t\t\t\t<div id=\"elementor-tab-content-2637\" class=\"elementor-tab-content elementor-clearfix\" data-tab=\"7\" role=\"tabpanel\" aria-labelledby=\"elementor-tab-title-2637\"><table style=\"width: 100%;\"><thead><tr><th>Titlu<\/th><th>\u00a0<\/th><th>\u00a0<\/th><\/tr><\/thead><tbody><tr><td>Rezultatele Licita\u021biei publice din 04.03.2025.pdf<\/td><td>\u00a0<\/td><td><a href=\"https:\/\/cimislia.md\/wp-content\/uploads\/2025\/04\/Rezultatele-licitatiei-publice-cu-strigare-04.03.2025.pdf\" target=\"_blank\" rel=\"noopener\"><br \/><img decoding=\"async\" src=\"\/wp-content\/uploads\/2023\/09\/download.svg\" \/><br \/>Click aici<br \/><\/a><\/td><\/tr><tr><td>Rezultatele Licita\u021biei publice din 21.10.2025.pdf<\/td><td>\u00a0<\/td><td><a href=\"https:\/\/cimislia.md\/wp-content\/uploads\/2025\/11\/Raport-privind-rezultatele-licitatiei-publice-cu-strigare-din-21-octombrie-2025.pdf\" target=\"_blank\" rel=\"noopener\"><br \/><img decoding=\"async\" src=\"\/wp-content\/uploads\/2023\/09\/download.svg\" \/><br \/>Click aici<br \/><\/a><\/td><\/tr><\/tbody><\/table><\/div>\n\t\t\t\t<\/div>\n\t\t\t\t\t\t\t<div class=\"elementor-accordion-item\">\n\t\t\t\t\t<h4 id=\"elementor-tab-title-2638\" class=\"elementor-tab-title the7-accordion-header\" data-tab=\"8\" role=\"tab\" aria-controls=\"elementor-tab-content-2638\">\n\n\t\t\t\t\t\t\t\t\t\t\t\t\t<span class=\"elementor-accordion-icon elementor-accordion-icon-left\" aria-hidden=\"true\">\n\t\t\t\t\t\t\t\t\t\t\t\t\t\t\t<span class=\"elementor-accordion-icon-closed\"><i class=\"fas fa-caret-down\"><\/i><\/span>\n\t\t\t\t\t\t\t\t\t\t\t\t\t\t\t\t\t<span class=\"elementor-accordion-icon-opened\"><i class=\"fas fa-caret-up\"><\/i><\/span>\n\t\t\t\t\t\t\t\t\t\t\t\t\t\t\t\t\t\t\t\t\t\t<\/span>\n\t\t\t\t\t\t\t\t\t\t\t\t\t\t\t\t\t\t<a class=\"elementor-accordion-title\" href=\"\">Rezultate licita\u021bii 2026<\/a>\n\t\t\t\t\t<\/h4>\n\t\t\t\t\t<div id=\"elementor-tab-content-2638\" class=\"elementor-tab-content elementor-clearfix\" data-tab=\"8\" role=\"tabpanel\" aria-labelledby=\"elementor-tab-title-2638\"><table style=\"width: 100%;\"><thead><tr><th>Titlu<\/th><th>\u00a0<\/th><th>\u00a0<\/th><\/tr><\/thead><tbody><tr><td>Rezultatele Licita\u021biei publice din 03.02.2026.pdf<\/td><td>\u00a0<\/td><td><a href=\"https:\/\/cimislia.md\/wp-content\/uploads\/2026\/02\/Raport-semnat-rezultatele-licitatiei-din-03.02.26.pdf\" target=\"_blank\" rel=\"noopener\"><br \/><img decoding=\"async\" src=\"\/wp-content\/uploads\/2023\/09\/download.svg\" \/><br \/>Click aici<br \/><\/a><\/td><\/tr><\/tbody><\/table><\/div>\n\t\t\t\t<\/div>\n\t\t\t\t\t<\/div>\n\t\t\t\t<\/div>\n\t\t\t\t<\/div>\n\t\t\t\t\t<\/div>\n\t\t<\/div>\n\t\t\t\t\t\t\t<\/div>\n\t\t<\/section>\n\t\t\t\t\t\t\t<\/div>","protected":false},"excerpt":{"rendered":"<p>Rezultate licita\u021bii anul 2017 &#8211; 2018 Titlu Licita\u021bia din 09.11.2017 Click aici Licita\u021bia din 14.06. 2018 Click aici Licita\u021bia din 19.04.2018 Click aici Licita\u021bia sin 27.12.2017 Click aici Licita\u021bia din 30.11.2017 Click aici Licita\u0163ia din 07.06.2018, cu privire la repara\u0163ia buc\u0103t\u0103riei \u015fi a depozitului de la Gr. F\u0103t-Frumos Click aici Licita\u0163ia din 12.06.2018, cu privire&hellip;<\/p>","protected":false},"author":1,"featured_media":0,"parent":14051,"menu_order":0,"comment_status":"closed","ping_status":"closed","template":"","meta":{"inline_featured_image":false,"footnotes":""},"_links":{"self":[{"href":"https:\/\/cimislia.md\/ru\/wp-json\/wp\/v2\/pages\/14074"}],"collection":[{"href":"https:\/\/cimislia.md\/ru\/wp-json\/wp\/v2\/pages"}],"about":[{"href":"https:\/\/cimislia.md\/ru\/wp-json\/wp\/v2\/types\/page"}],"author":[{"embeddable":true,"href":"https:\/\/cimislia.md\/ru\/wp-json\/wp\/v2\/users\/1"}],"replies":[{"embeddable":true,"href":"https:\/\/cimislia.md\/ru\/wp-json\/wp\/v2\/comments?post=14074"}],"version-history":[{"count":21,"href":"https:\/\/cimislia.md\/ru\/wp-json\/wp\/v2\/pages\/14074\/revisions"}],"predecessor-version":[{"id":23309,"href":"https:\/\/cimislia.md\/ru\/wp-json\/wp\/v2\/pages\/14074\/revisions\/23309"}],"up":[{"embeddable":true,"href":"https:\/\/cimislia.md\/ru\/wp-json\/wp\/v2\/pages\/14051"}],"wp:attachment":[{"href":"https:\/\/cimislia.md\/ru\/wp-json\/wp\/v2\/media?parent=14074"}],"curies":[{"name":"wp","href":"https:\/\/api.w.org\/{rel}","templated":true}]}}