{"id":14163,"date":"2023-09-20T17:24:50","date_gmt":"2023-09-20T14:24:50","guid":{"rendered":"https:\/\/cimislia.md\/?page_id=14163"},"modified":"2026-01-21T15:09:45","modified_gmt":"2026-01-21T13:09:45","slug":"achizitii-publice-locale","status":"publish","type":"page","link":"https:\/\/cimislia.md\/ru\/primaria\/achizitii-publice-locale\/","title":{"rendered":"Achizi\u021bii publice locale"},"content":{"rendered":"<div data-elementor-type=\"wp-page\" data-elementor-id=\"14163\" class=\"elementor elementor-14163\">\n\t\t\t\t\t\t\t\t\t<section class=\"elementor-section elementor-top-section elementor-element elementor-element-7160d32 elementor-section-boxed elementor-section-height-default elementor-section-height-default\" data-id=\"7160d32\" data-element_type=\"section\">\n\t\t\t\t\t\t<div class=\"elementor-container elementor-column-gap-default\">\n\t\t\t\t\t<div class=\"elementor-column elementor-col-100 elementor-top-column elementor-element elementor-element-ba375ac\" data-id=\"ba375ac\" data-element_type=\"column\">\n\t\t\t<div class=\"elementor-widget-wrap elementor-element-populated\">\n\t\t\t\t\t\t\t\t<div class=\"elementor-element elementor-element-38fc6ad elementor-widget elementor-widget-text-editor\" data-id=\"38fc6ad\" data-element_type=\"widget\" data-widget_type=\"text-editor.default\">\n\t\t\t\t<div class=\"elementor-widget-container\">\n\t\t\t\t\t\t\t<p>Contractele de valoare mic\u0103, contractele \u00eencheiate \u00een baza procedurilor de achizi\u021bii: Cererea ofertelor de pre\u021buri \u0219i Licita\u021bii deschise, pot fi consultate la specialistul pentru achizi\u021bii publice.<\/p><p>Tel. 0241-2-41-35<\/p><p>E-mail: achizitii@cimislia.md<\/p>\t\t\t\t\t\t<\/div>\n\t\t\t\t<\/div>\n\t\t\t\t\t<\/div>\n\t\t<\/div>\n\t\t\t\t\t\t\t<\/div>\n\t\t<\/section>\n\t\t\t\t<section class=\"elementor-section elementor-top-section elementor-element elementor-element-131402c elementor-section-boxed elementor-section-height-default elementor-section-height-default\" data-id=\"131402c\" data-element_type=\"section\">\n\t\t\t\t\t\t<div class=\"elementor-container elementor-column-gap-default\">\n\t\t\t\t\t<div class=\"elementor-column elementor-col-25 elementor-top-column elementor-element elementor-element-7045c49\" data-id=\"7045c49\" data-element_type=\"column\">\n\t\t\t<div class=\"elementor-widget-wrap elementor-element-populated\">\n\t\t\t\t\t\t\t\t<div class=\"elementor-element elementor-element-7b90c03 elementor-widget elementor-widget-heading\" data-id=\"7b90c03\" data-element_type=\"widget\" data-widget_type=\"heading.default\">\n\t\t\t\t<div class=\"elementor-widget-container\">\n\t\t\t<h3 class=\"elementor-heading-title elementor-size-default\"><a href=\"https:\/\/cimislia.md\/ru\/primaria\/achizitii-publice-locale\/rapoarte-achizitii\/\">\u041e\u0442\u0447\u0435\u0442\u044b \u043e \u043f\u043e\u043a\u0443\u043f\u043a\u0430\u0445<br><br><\/a><\/h3>\t\t<\/div>\n\t\t\t\t<\/div>\n\t\t\t\t<div class=\"elementor-element elementor-element-d1f4bdb elementor-widget-divider--view-line elementor-widget elementor-widget-divider\" data-id=\"d1f4bdb\" data-element_type=\"widget\" data-widget_type=\"divider.default\">\n\t\t\t\t<div class=\"elementor-widget-container\">\n\t\t\t\t\t<div class=\"elementor-divider\">\n\t\t\t<span class=\"elementor-divider-separator\">\n\t\t\t\t\t\t<\/span>\n\t\t<\/div>\n\t\t\t\t<\/div>\n\t\t\t\t<\/div>\n\t\t\t\t\t<\/div>\n\t\t<\/div>\n\t\t\t\t<div class=\"elementor-column elementor-col-25 elementor-top-column elementor-element elementor-element-0407382\" data-id=\"0407382\" data-element_type=\"column\">\n\t\t\t<div class=\"elementor-widget-wrap elementor-element-populated\">\n\t\t\t\t\t\t\t\t<div class=\"elementor-element elementor-element-cb41478 elementor-widget elementor-widget-heading\" data-id=\"cb41478\" data-element_type=\"widget\" data-widget_type=\"heading.default\">\n\t\t\t\t<div class=\"elementor-widget-container\">\n\t\t\t<h3 class=\"elementor-heading-title elementor-size-default\"><a href=\"https:\/\/cimislia.md\/ru\/primaria\/achizitii-publice-locale\/contracte\/\">Contracte<br><br><\/a><\/h3>\t\t<\/div>\n\t\t\t\t<\/div>\n\t\t\t\t<div class=\"elementor-element elementor-element-bdb358e elementor-widget-divider--view-line elementor-widget elementor-widget-divider\" data-id=\"bdb358e\" data-element_type=\"widget\" data-widget_type=\"divider.default\">\n\t\t\t\t<div class=\"elementor-widget-container\">\n\t\t\t\t\t<div class=\"elementor-divider\">\n\t\t\t<span class=\"elementor-divider-separator\">\n\t\t\t\t\t\t<\/span>\n\t\t<\/div>\n\t\t\t\t<\/div>\n\t\t\t\t<\/div>\n\t\t\t\t\t<\/div>\n\t\t<\/div>\n\t\t\t\t<div class=\"elementor-column elementor-col-25 elementor-top-column elementor-element elementor-element-d81e733\" data-id=\"d81e733\" data-element_type=\"column\">\n\t\t\t<div class=\"elementor-widget-wrap elementor-element-populated\">\n\t\t\t\t\t\t\t\t<div class=\"elementor-element elementor-element-de8fee7 elementor-widget elementor-widget-heading\" data-id=\"de8fee7\" data-element_type=\"widget\" data-widget_type=\"heading.default\">\n\t\t\t\t<div class=\"elementor-widget-container\">\n\t\t\t<h3 class=\"elementor-heading-title elementor-size-default\"><a href=\"https:\/\/cimislia.md\/ru\/primaria\/achizitii-publice-locale\/anunturi-achizitii-publice-2020-2022\/\">Anun\u021buri achizi\u021bii publice 2020-2026<br><\/a><\/h3>\t\t<\/div>\n\t\t\t\t<\/div>\n\t\t\t\t<div class=\"elementor-element elementor-element-a2793b4 elementor-widget-divider--view-line elementor-widget elementor-widget-divider\" data-id=\"a2793b4\" data-element_type=\"widget\" data-widget_type=\"divider.default\">\n\t\t\t\t<div class=\"elementor-widget-container\">\n\t\t\t\t\t<div class=\"elementor-divider\">\n\t\t\t<span class=\"elementor-divider-separator\">\n\t\t\t\t\t\t<\/span>\n\t\t<\/div>\n\t\t\t\t<\/div>\n\t\t\t\t<\/div>\n\t\t\t\t\t<\/div>\n\t\t<\/div>\n\t\t\t\t<div class=\"elementor-column elementor-col-25 elementor-top-column elementor-element elementor-element-69a6e5c\" data-id=\"69a6e5c\" data-element_type=\"column\">\n\t\t\t<div class=\"elementor-widget-wrap elementor-element-populated\">\n\t\t\t\t\t\t\t\t<div class=\"elementor-element elementor-element-e634411 elementor-widget elementor-widget-heading\" data-id=\"e634411\" data-element_type=\"widget\" data-widget_type=\"heading.default\">\n\t\t\t\t<div class=\"elementor-widget-container\">\n\t\t\t<h3 class=\"elementor-heading-title elementor-size-default\"><a href=\"https:\/\/cimislia.md\/ru\/primaria\/achizitii-publice-locale\/planuri-de-achizitii\/\">\u041f\u043b\u0430\u043d\u044b \u0437\u0430\u043a\u0443\u043f\u043e\u043a<br><br><\/a><\/h3>\t\t<\/div>\n\t\t\t\t<\/div>\n\t\t\t\t<div class=\"elementor-element elementor-element-74f293f elementor-widget-divider--view-line elementor-widget elementor-widget-divider\" data-id=\"74f293f\" data-element_type=\"widget\" data-widget_type=\"divider.default\">\n\t\t\t\t<div class=\"elementor-widget-container\">\n\t\t\t\t\t<div class=\"elementor-divider\">\n\t\t\t<span class=\"elementor-divider-separator\">\n\t\t\t\t\t\t<\/span>\n\t\t<\/div>\n\t\t\t\t<\/div>\n\t\t\t\t<\/div>\n\t\t\t\t\t<\/div>\n\t\t<\/div>\n\t\t\t\t\t\t\t<\/div>\n\t\t<\/section>\n\t\t\t\t\t\t\t<\/div>","protected":false},"excerpt":{"rendered":"<p>Contractele de valoare mic\u0103, contractele \u00eencheiate \u00een baza procedurilor de achizi\u021bii: Cererea ofertelor de pre\u021buri \u0219i Licita\u021bii deschise, pot fi consultate la specialistul pentru achizi\u021bii publice. Tel. 0241-2-41-35 E-mail: achizitii@cimislia.md Rapoarte achizi\u021bii Contracte Anun\u021buri achizi\u021bii publice 2020-2026 Planuri de achizi\u021bii<\/p>","protected":false},"author":1,"featured_media":0,"parent":13236,"menu_order":0,"comment_status":"closed","ping_status":"closed","template":"","meta":{"inline_featured_image":false,"footnotes":""},"_links":{"self":[{"href":"https:\/\/cimislia.md\/ru\/wp-json\/wp\/v2\/pages\/14163"}],"collection":[{"href":"https:\/\/cimislia.md\/ru\/wp-json\/wp\/v2\/pages"}],"about":[{"href":"https:\/\/cimislia.md\/ru\/wp-json\/wp\/v2\/types\/page"}],"author":[{"embeddable":true,"href":"https:\/\/cimislia.md\/ru\/wp-json\/wp\/v2\/users\/1"}],"replies":[{"embeddable":true,"href":"https:\/\/cimislia.md\/ru\/wp-json\/wp\/v2\/comments?post=14163"}],"version-history":[{"count":33,"href":"https:\/\/cimislia.md\/ru\/wp-json\/wp\/v2\/pages\/14163\/revisions"}],"predecessor-version":[{"id":22486,"href":"https:\/\/cimislia.md\/ru\/wp-json\/wp\/v2\/pages\/14163\/revisions\/22486"}],"up":[{"embeddable":true,"href":"https:\/\/cimislia.md\/ru\/wp-json\/wp\/v2\/pages\/13236"}],"wp:attachment":[{"href":"https:\/\/cimislia.md\/ru\/wp-json\/wp\/v2\/media?parent=14163"}],"curies":[{"name":"wp","href":"https:\/\/api.w.org\/{rel}","templated":true}]}}