{"id":14360,"date":"2023-09-21T15:24:25","date_gmt":"2023-09-21T12:24:25","guid":{"rendered":"https:\/\/cimislia.md\/?page_id=14360"},"modified":"2023-09-21T15:35:39","modified_gmt":"2023-09-21T12:35:39","slug":"rapoarte-si-planuri-de-activitate","status":"publish","type":"page","link":"https:\/\/cimislia.md\/ru\/primaria\/rapoarte-si-planuri-de-activitate\/","title":{"rendered":"\u041e\u0442\u0447\u0435\u0442\u044b \u0438 \u043f\u043b\u0430\u043d\u044b \u0434\u0435\u0439\u0441\u0442\u0432\u0438\u0439"},"content":{"rendered":"<div data-elementor-type=\"wp-page\" data-elementor-id=\"14360\" class=\"elementor elementor-14360\">\n\t\t\t\t\t\t\t\t\t<section class=\"elementor-section elementor-top-section elementor-element elementor-element-ef70ec8 elementor-section-boxed elementor-section-height-default elementor-section-height-default\" data-id=\"ef70ec8\" data-element_type=\"section\">\n\t\t\t\t\t\t<div class=\"elementor-container elementor-column-gap-default\">\n\t\t\t\t\t<div class=\"elementor-column elementor-col-100 elementor-top-column elementor-element elementor-element-afc458e\" data-id=\"afc458e\" data-element_type=\"column\">\n\t\t\t<div class=\"elementor-widget-wrap elementor-element-populated\">\n\t\t\t\t\t\t\t\t<div class=\"elementor-element elementor-element-82f55b8 elementor-widget elementor-widget-the7-accordion\" data-id=\"82f55b8\" data-element_type=\"widget\" data-widget_type=\"the7-accordion.default\">\n\t\t\t\t<div class=\"elementor-widget-container\">\n\t\t\t\t\t<div class=\"elementor-accordion the7-adv-accordion animate-on-loading\" data-accordion-type=\"accordion\" role=\"tablist\">\n\t\t\t\t\t\t\t<div class=\"elementor-accordion-item\">\n\t\t\t\t\t<h4 id=\"elementor-tab-title-1371\" class=\"elementor-tab-title the7-accordion-header active-default\" data-tab=\"1\" role=\"tab\" aria-controls=\"elementor-tab-content-1371\">\n\n\t\t\t\t\t\t\t\t\t\t\t\t\t<span class=\"elementor-accordion-icon elementor-accordion-icon-left\" aria-hidden=\"true\">\n\t\t\t\t\t\t\t\t\t\t\t\t\t\t\t<span class=\"elementor-accordion-icon-closed\"><i class=\"fas fa-caret-down\"><\/i><\/span>\n\t\t\t\t\t\t\t\t\t\t\t\t\t\t\t\t\t<span class=\"elementor-accordion-icon-opened\"><i class=\"fas fa-caret-up\"><\/i><\/span>\n\t\t\t\t\t\t\t\t\t\t\t\t\t\t\t\t\t\t\t\t\t\t<\/span>\n\t\t\t\t\t\t\t\t\t\t\t\t\t\t\t\t\t\t<a class=\"elementor-accordion-title\" href=\"\">\u041f\u041b\u0410\u041d \u0414\u0415\u0419\u0421\u0422\u0412\u0418\u0419 \u041d\u0410 \u0422\u0415\u041a\u0423\u0429\u0418\u0419 \u0413\u041e\u0414<\/a>\n\t\t\t\t\t<\/h4>\n\t\t\t\t\t<div id=\"elementor-tab-content-1371\" class=\"elementor-tab-content elementor-clearfix active-default\" data-tab=\"1\" role=\"tabpanel\" aria-labelledby=\"elementor-tab-title-1371\"><table style=\"width: 100%;\">\n    <thead>\n    <tr>\n        <th>Titlu<\/th>\n        <th><\/th>\n        <th><\/th>\n    <\/tr>\n    <\/thead>\n    <tbody>\n    <tr>\n        <td>Planul de activitate al Prim\u0103riei ora\u0219ului Cimi\u0219lia pentru anul 2015<\/td>\n        <td><\/td>\n        <td><a href=\"https:\/\/cimislia.md\/wp-content\/uploads\/2023\/09\/Planul-de-activitate-al-Primariei-orasului-Cimislia-pentru-anul-2015-1.pdf\" target=\"_blank\" rel=\"noopener\">\n            <img decoding=\"async\" src=\"\/wp-content\/uploads\/2023\/09\/download.svg\" \/>\n            Click aici\n        <\/a><\/td>\n    <\/tr>\n    <tr>\n        <td>Planul de ac\u0163iuni pentru dezvoltarea turismului \u00een ora\u015ful Cimi\u015flia<\/td>\n        <td><\/td>\n        <td><a href=\"https:\/\/cimislia.md\/wp-content\/uploads\/2023\/09\/Pentru_programul_Turism_RDSud_Cimislia-1-1.pdf\" target=\"_blank\" rel=\"noopener\">\n            <img decoding=\"async\" src=\"\/wp-content\/uploads\/2023\/09\/download.svg\" \/>\n            Click aici\n        <\/a><\/td>\n    <\/tr>\n    <tr>\n        <td>Planul de achizi\u021bii pentru anul 2017, pdf<\/td>\n        <td><\/td>\n        <td><a href=\"https:\/\/cimislia.md\/wp-content\/uploads\/2023\/09\/Planul-de-achizitii-a.-2017-1.pdf\" target=\"_blank\" rel=\"noopener\">\n            <img decoding=\"async\" src=\"\/wp-content\/uploads\/2023\/09\/download.svg\" \/>\n            Click aici\n        <\/a><\/td>\n    <\/tr>\n    <tr>\n        <td>Planul de achizi\u021bii pentru anul 2018, pdf.pdf<\/td>\n        <td><\/td>\n        <td><a href=\"https:\/\/cimislia.md\/wp-content\/uploads\/2023\/09\/Planul-de-achizitii-2018-pdf-1.pdf\" target=\"_blank\" rel=\"noopener\">\n            <img decoding=\"async\" src=\"\/wp-content\/uploads\/2023\/09\/download.svg\" \/>\n            Click aici\n        <\/a><\/td>\n    <\/tr>\n    <tr>\n        <td>Plan de activitate al Prim\u0103riei ora\u0219ului Cimi\u0219lia pentru anul 2018<\/td>\n        <td><\/td>\n        <td><a href=\"https:\/\/cimislia.md\/wp-content\/uploads\/2023\/09\/Plan-de-lucru-2018-primaria-pdf-1.pdf\" target=\"_blank\" rel=\"noopener\">\n            <img decoding=\"async\" src=\"\/wp-content\/uploads\/2023\/09\/download.svg\" \/>\n            Click aici\n        <\/a><\/td>\n    <\/tr>\n    <tr>\n        <td>Planul de achizi\u021bii pentru anul 2019 pdf<\/td>\n        <td><\/td>\n        <td><a href=\"https:\/\/cimislia.md\/wp-content\/uploads\/2023\/09\/plan-de-achizitii-1.pdf\" target=\"_blank\" rel=\"noopener\">\n            <img decoding=\"async\" src=\"\/wp-content\/uploads\/2023\/09\/download.svg\" \/>\n            Click aici\n        <\/a><\/td>\n    <\/tr>\n    <tr>\n        <td>Program de realizare a evalu\u0103rii impactului asupra mediului\/ reabilitarea zonei umede \u00een lunca<\/td>\n        <td><\/td>\n        <td><a href=\"https:\/\/cimislia.md\/wp-content\/uploads\/2023\/09\/Program-de-realizare-a-EIAM-f.a-1.pdf\" target=\"_blank\" rel=\"noopener\">\n            <img decoding=\"async\" src=\"\/wp-content\/uploads\/2023\/09\/download.svg\" \/>\n            Click aici\n        <\/a><\/td>\n    <\/tr>\n    <tr>\n        <td>Planul Dezvoltare Economic\u0103 Local\u0103 Cimi\u0219lia 2019-2020.pdf<\/td>\n        <td><\/td>\n        <td><a href=\"https:\/\/cimislia.md\/wp-content\/uploads\/2023\/09\/Planul-Dezvoltare-Economica-Locala-Cimislia-2019-2020-1.pdf\" target=\"_blank\" rel=\"noopener\">\n            <img decoding=\"async\" src=\"\/wp-content\/uploads\/2023\/09\/download.svg\" \/>\n            Click aici\n        <\/a><\/td>\n    <\/tr>\n    <tr>\n        <td>Local Economic Development Plan Cimi\u0219lia 2019-2020.pdf<\/td>\n        <td><\/td>\n        <td><a href=\"https:\/\/cimislia.md\/wp-content\/uploads\/2023\/09\/Local-Economic-Development-Plan-Cimislia-2019-2020-1.pdf\" target=\"_blank\" rel=\"noopener\">\n            <img decoding=\"async\" src=\"\/wp-content\/uploads\/2023\/09\/download.svg\" \/>\n            Click aici\n        <\/a><\/td>\n    <\/tr>\n    <tr>\n        <td>Planul de Revitalizare Urban\u0103 Cimislia 2019-2021+Anexe.pdf<\/td>\n        <td><\/td>\n        <td><a href=\"https:\/\/cimislia.md\/wp-content\/uploads\/2023\/09\/PRU-Cimislia-2019-2021Anexe-1.pdf\" target=\"_blank\" rel=\"noopener\">\n            <img decoding=\"async\" src=\"\/wp-content\/uploads\/2023\/09\/download.svg\" \/>\n            Click aici\n        <\/a><\/td>\n    <\/tr>\n    <tr>\n        <td>Program de realizare a evalu\u0103rii impactului asupra mediului<\/td>\n        <td><\/td>\n        <td><a href=\"https:\/\/cimislia.md\/wp-content\/uploads\/2023\/09\/Program-de-realizare-a-EIAM-f.a-1.docx\" target=\"_blank\" rel=\"noopener\">\n            <img decoding=\"async\" src=\"\/wp-content\/uploads\/2023\/09\/download.svg\" \/>\n            Click aici\n        <\/a><\/td>\n    <\/tr>\n    <tr>\n        <td>Studiul de fezabilitate a amplas\u0103rii lacului de acumulare pe r\u00eeul Cog\u00eelnic<\/td>\n        <td><\/td>\n        <td><a href=\"https:\/\/cimislia.md\/wp-content\/uploads\/2023\/09\/Studiu-de-fezabilitate-Iazul-lui-iepure-1.docx\" target=\"_blank\" rel=\"noopener\">\n            <img decoding=\"async\" src=\"\/wp-content\/uploads\/2023\/09\/download.svg\" \/>\n            Click aici\n        <\/a><\/td>\n    <\/tr>\n    <\/tbody>\n<\/table><\/div>\n\t\t\t\t<\/div>\n\t\t\t\t\t\t\t<div class=\"elementor-accordion-item\">\n\t\t\t\t\t<h4 id=\"elementor-tab-title-1372\" class=\"elementor-tab-title the7-accordion-header\" data-tab=\"2\" role=\"tab\" aria-controls=\"elementor-tab-content-1372\">\n\n\t\t\t\t\t\t\t\t\t\t\t\t\t<span class=\"elementor-accordion-icon elementor-accordion-icon-left\" aria-hidden=\"true\">\n\t\t\t\t\t\t\t\t\t\t\t\t\t\t\t<span class=\"elementor-accordion-icon-closed\"><i class=\"fas fa-caret-down\"><\/i><\/span>\n\t\t\t\t\t\t\t\t\t\t\t\t\t\t\t\t\t<span class=\"elementor-accordion-icon-opened\"><i class=\"fas fa-caret-up\"><\/i><\/span>\n\t\t\t\t\t\t\t\t\t\t\t\t\t\t\t\t\t\t\t\t\t\t<\/span>\n\t\t\t\t\t\t\t\t\t\t\t\t\t\t\t\t\t\t<a class=\"elementor-accordion-title\" href=\"\">\u0413\u041e\u0414\u041e\u0412\u042b\u0415 \u041e\u0422\u0427\u0401\u0422\u042b<\/a>\n\t\t\t\t\t<\/h4>\n\t\t\t\t\t<div id=\"elementor-tab-content-1372\" class=\"elementor-tab-content elementor-clearfix\" data-tab=\"2\" role=\"tabpanel\" aria-labelledby=\"elementor-tab-title-1372\"><table style=\"width: 100%;\">\n    <thead>\n    <tr>\n        <th>Titlu<\/th>\n        <th><\/th>\n        <th><\/th>\n    <\/tr>\n    <\/thead>\n    <tbody>\n    <tr>\n        <td>Raport de activitate al primarului ora\u0219ului Cimi\u0219lia pentru perioada 2014.pdf<\/td>\n        <td><\/td>\n        <td><a href=\"https:\/\/cimislia.md\/wp-content\/uploads\/2023\/09\/Raport-de-activitate-al-primarului-orasului-Cimislia-pentru-perioada-2014.pdf\" target=\"_blank\" rel=\"noopener\">\n            <img decoding=\"async\" src=\"\/wp-content\/uploads\/2023\/09\/download.svg\" \/>\n            Click aici\n        <\/a><\/td>\n    <\/tr>\n    <tr>\n        <td>Raport privind realizarea achizitiilor publice de valoare mica_Semestrul I 2015.pdf<\/td>\n        <td><\/td>\n        <td><a href=\"https:\/\/cimislia.md\/wp-content\/uploads\/2023\/09\/Raport-privind-realizarea-achizitiilor-publice-de-valoare-mica_Semestrul-I-2015.pdf\" target=\"_blank\" rel=\"noopener\">\n            <img decoding=\"async\" src=\"\/wp-content\/uploads\/2023\/09\/download.svg\" \/>\n            Click aici\n        <\/a><\/td>\n    <\/tr>\n    <\/tbody>\n<\/table><\/div>\n\t\t\t\t<\/div>\n\t\t\t\t\t<\/div>\n\t\t\t\t<\/div>\n\t\t\t\t<\/div>\n\t\t\t\t\t<\/div>\n\t\t<\/div>\n\t\t\t\t\t\t\t<\/div>\n\t\t<\/section>\n\t\t\t\t\t\t\t<\/div>","protected":false},"excerpt":{"rendered":"<p>Planuri de ac\u021biune Titlu Planul de activitate al Prim\u0103riei ora\u0219ului Cimi\u0219lia pentru anul 2015 Click aici Planul de ac\u0163iuni pentru dezvoltarea turismului \u00een ora\u015ful Cimi\u015flia Click aici Planul de achizi\u021bii pentru anul 2017, pdf Click aici Planul de achizi\u021bii pentru anul 2018, pdf.pdf Click aici Plan de activitate al Prim\u0103riei ora\u0219ului Cimi\u0219lia pentru anul 2018&hellip;<\/p>","protected":false},"author":1,"featured_media":0,"parent":13236,"menu_order":0,"comment_status":"closed","ping_status":"closed","template":"","meta":{"inline_featured_image":false,"footnotes":""},"_links":{"self":[{"href":"https:\/\/cimislia.md\/ru\/wp-json\/wp\/v2\/pages\/14360"}],"collection":[{"href":"https:\/\/cimislia.md\/ru\/wp-json\/wp\/v2\/pages"}],"about":[{"href":"https:\/\/cimislia.md\/ru\/wp-json\/wp\/v2\/types\/page"}],"author":[{"embeddable":true,"href":"https:\/\/cimislia.md\/ru\/wp-json\/wp\/v2\/users\/1"}],"replies":[{"embeddable":true,"href":"https:\/\/cimislia.md\/ru\/wp-json\/wp\/v2\/comments?post=14360"}],"version-history":[{"count":0,"href":"https:\/\/cimislia.md\/ru\/wp-json\/wp\/v2\/pages\/14360\/revisions"}],"up":[{"embeddable":true,"href":"https:\/\/cimislia.md\/ru\/wp-json\/wp\/v2\/pages\/13236"}],"wp:attachment":[{"href":"https:\/\/cimislia.md\/ru\/wp-json\/wp\/v2\/media?parent=14360"}],"curies":[{"name":"wp","href":"https:\/\/api.w.org\/{rel}","templated":true}]}}