{"id":14596,"date":"2023-09-25T16:56:10","date_gmt":"2023-09-25T13:56:10","guid":{"rendered":"https:\/\/cimislia.md\/?page_id=14596"},"modified":"2023-09-25T17:03:19","modified_gmt":"2023-09-25T14:03:19","slug":"cum-sa-ajungi-in-oras-amplasarea-geografica","status":"publish","type":"page","link":"https:\/\/cimislia.md\/ru\/orasul-si-oamenii\/orasul-cimislia\/cum-sa-ajungi-in-oras-amplasarea-geografica\/","title":{"rendered":"\u041a\u0410\u041a \u041f\u041e\u041f\u0410\u0421\u0422\u042c \u0412 \u0413\u041e\u0420\u041e\u0414 \/ \u0413\u0415\u041e\u0413\u0420\u0410\u0424\u0418\u0427\u0415\u0421\u041a\u041e\u0415 \u0420\u0410\u0421\u041f\u041e\u041b\u041e\u0416\u0415\u041d\u0418\u0415"},"content":{"rendered":"<div data-elementor-type=\"wp-page\" data-elementor-id=\"14596\" class=\"elementor elementor-14596\">\n\t\t\t\t\t\t\t\t\t<section class=\"elementor-section elementor-top-section elementor-element elementor-element-c532cd6 elementor-section-boxed elementor-section-height-default elementor-section-height-default\" data-id=\"c532cd6\" data-element_type=\"section\">\n\t\t\t\t\t\t<div class=\"elementor-container elementor-column-gap-default\">\n\t\t\t\t\t<div class=\"elementor-column elementor-col-100 elementor-top-column elementor-element elementor-element-5cf25d8\" data-id=\"5cf25d8\" data-element_type=\"column\">\n\t\t\t<div class=\"elementor-widget-wrap elementor-element-populated\">\n\t\t\t\t\t\t\t\t<div class=\"elementor-element elementor-element-5dc8bca elementor-widget elementor-widget-text-editor\" data-id=\"5dc8bca\" data-element_type=\"widget\" data-widget_type=\"text-editor.default\">\n\t\t\t\t<div class=\"elementor-widget-container\">\n\t\t\t\t\t\t\t<p>Cimi\u0219lia este situat \u00een partea sudic\u0103 a Republicii Moldova, \u00een raionul Cimi\u0219lia pe malurile r\u00e2ului Cog\u00e2lnic, la o distan\u021b\u0103 de 68 km de capitala Chi\u0219in\u0103u, la intersec\u021bia drumurilor de importan\u021b\u0103 republican\u0103: Chi\u0219in\u0103u &#8211; Bolgrad, Chi\u0219in\u0103u &#8211; Giurgiule\u0219ti, Tiraspol &#8211; Leova, afl\u00e2ndu-se la o distan\u021b\u0103 de 30 km de Comrat, 57 km de C\u0103u\u0219eni, 35 km de H\u00eence\u0219ti, 28 km de Basarabeasca \u0219i 52 km de Leova.<\/p><p>Ora\u0219ul Cimi\u0219lia este re\u0219edin\u021ba Regiunii de Dezvoltare Sud a Republicii Moldova.<\/p>\t\t\t\t\t\t<\/div>\n\t\t\t\t<\/div>\n\t\t\t\t<div class=\"elementor-element elementor-element-f1d8a2d elementor-widget elementor-widget-text-editor\" data-id=\"f1d8a2d\" data-element_type=\"widget\" data-widget_type=\"text-editor.default\">\n\t\t\t\t<div class=\"elementor-widget-container\">\n\t\t\t\t\t\t\t<iframe allow=\"geolocation\" width=\"900\" height=\"550\" frameborder=\"0\" src=\"https:\/\/map.md\/ru\/city\/265099170?embed=1#13.54085359878859\/46.528865351527116\/28.768720596491136\/0\/0\"> <\/iframe>\t\t\t\t\t\t<\/div>\n\t\t\t\t<\/div>\n\t\t\t\t\t<\/div>\n\t\t<\/div>\n\t\t\t\t\t\t\t<\/div>\n\t\t<\/section>\n\t\t\t\t\t\t\t<\/div>","protected":false},"excerpt":{"rendered":"<p>Cimi\u0219lia este situat \u00een partea sudic\u0103 a Republicii Moldova, \u00een raionul Cimi\u0219lia pe malurile r\u00e2ului Cog\u00e2lnic, la o distan\u021b\u0103 de 68 km de capitala Chi\u0219in\u0103u, la intersec\u021bia drumurilor de importan\u021b\u0103 republican\u0103: Chi\u0219in\u0103u &#8211; Bolgrad, Chi\u0219in\u0103u &#8211; Giurgiule\u0219ti, Tiraspol &#8211; Leova, afl\u00e2ndu-se la o distan\u021b\u0103 de 30 km de Comrat, 57 km de C\u0103u\u0219eni, 35 km&hellip;<\/p>","protected":false},"author":1,"featured_media":0,"parent":14543,"menu_order":0,"comment_status":"closed","ping_status":"closed","template":"","meta":{"inline_featured_image":false,"footnotes":""},"_links":{"self":[{"href":"https:\/\/cimislia.md\/ru\/wp-json\/wp\/v2\/pages\/14596"}],"collection":[{"href":"https:\/\/cimislia.md\/ru\/wp-json\/wp\/v2\/pages"}],"about":[{"href":"https:\/\/cimislia.md\/ru\/wp-json\/wp\/v2\/types\/page"}],"author":[{"embeddable":true,"href":"https:\/\/cimislia.md\/ru\/wp-json\/wp\/v2\/users\/1"}],"replies":[{"embeddable":true,"href":"https:\/\/cimislia.md\/ru\/wp-json\/wp\/v2\/comments?post=14596"}],"version-history":[{"count":0,"href":"https:\/\/cimislia.md\/ru\/wp-json\/wp\/v2\/pages\/14596\/revisions"}],"up":[{"embeddable":true,"href":"https:\/\/cimislia.md\/ru\/wp-json\/wp\/v2\/pages\/14543"}],"wp:attachment":[{"href":"https:\/\/cimislia.md\/ru\/wp-json\/wp\/v2\/media?parent=14596"}],"curies":[{"name":"wp","href":"https:\/\/api.w.org\/{rel}","templated":true}]}}