{"id":14608,"date":"2023-09-25T17:11:09","date_gmt":"2023-09-25T14:11:09","guid":{"rendered":"https:\/\/cimislia.md\/?page_id=14608"},"modified":"2026-01-28T16:17:51","modified_gmt":"2026-01-28T14:17:51","slug":"orase-infratite","status":"publish","type":"page","link":"https:\/\/cimislia.md\/ru\/orasul-si-oamenii\/orasul-cimislia\/orase-infratite\/","title":{"rendered":"\u0413\u041e\u0420\u041e\u0414\u0410 \u041f\u041e\u0411\u0420\u0410\u0422\u0418\u041c\u042b"},"content":{"rendered":"<div data-elementor-type=\"wp-page\" data-elementor-id=\"14608\" class=\"elementor elementor-14608\">\n\t\t\t\t\t\t\t\t\t<section class=\"elementor-section elementor-top-section elementor-element elementor-element-a6e3816 elementor-section-boxed elementor-section-height-default elementor-section-height-default\" data-id=\"a6e3816\" data-element_type=\"section\">\n\t\t\t\t\t\t<div class=\"elementor-container elementor-column-gap-default\">\n\t\t\t\t\t<div class=\"elementor-column elementor-col-100 elementor-top-column elementor-element elementor-element-611d46e\" data-id=\"611d46e\" data-element_type=\"column\">\n\t\t\t<div class=\"elementor-widget-wrap elementor-element-populated\">\n\t\t\t\t\t\t\t\t<div class=\"elementor-element elementor-element-a4f21bd content-align-left icon-box-vertical-align-top icon-vertical-align-start elementor-widget elementor-widget-the7_image_box_widget\" data-id=\"a4f21bd\" data-element_type=\"widget\" data-widget_type=\"the7_image_box_widget.default\">\n\t\t\t\t<div class=\"elementor-widget-container\">\n\t\t\t\n\t\t<div class=\"the7-box-wrapper the7-elementor-widget the7_image_box_widget-a4f21bd\">\t\t\t<div class=\"box-content-wrapper\">\n\t\t\t\t\t\t\t\t<div class=\"elementor-image-div\">\n\t\t\t\t\t<a class=\"post-thumbnail-rollover layzr-bg img-css-resize-wrapper\" href=\"https:\/\/campiaturzii.ro\/?fbclid=IwAR3GXGHFHoSMhZ4vWY6HhL6pism1GAq-I7xVjgwnOzF9hxnN1miD9Ss517U\"><img decoding=\"async\" width=\"180\" height=\"249\" src=\"data:image\/svg+xml,%3Csvg%20xmlns%3D&#039;http%3A%2F%2Fwww.w3.org%2F2000%2Fsvg&#039;%20viewBox%3D&#039;0%200%20180%20249&#039;%2F%3E\" class=\"attachment-full size-full preload-me aspect lazy lazy-load\" alt=\"\" sizes=\"(max-width: 180px) 100vw, 180px\" style=\"--ratio: 180 \/ 249;\" data-src=\"https:\/\/cimislia.md\/wp-content\/uploads\/2023\/09\/campia-removebg-preview.png\" loading=\"eager\" data-srcset=\"https:\/\/cimislia.md\/wp-content\/uploads\/2023\/09\/campia-removebg-preview.png 180w, https:\/\/cimislia.md\/wp-content\/uploads\/2023\/09\/campia-removebg-preview-9x12.png 9w\" \/><span class=\"the7-hover-icon\"><\/span><\/a>\t\t\t\t<\/div>\n\t\t\t\t\n\t\t\t\t<div class=\"box-content\">\n\t\t\t\t\t<h4 class=\"box-heading\"><a href=\"https:\/\/campiaturzii.ro\/?fbclid=IwAR3GXGHFHoSMhZ4vWY6HhL6pism1GAq-I7xVjgwnOzF9hxnN1miD9Ss517U\">C\u00e2mpia Turzii, jude\u021bul Cluj Rom\u00e2nia<\/a><\/h4><div class=\"box-description\">Acord de \u00eenfr\u0103\u021bire \u00eencheiat \u00een ianuarie 2020<\/div>\t\t\t\t<\/div>\n\t\t\t<\/div>\n\t\t<\/div>\t\t<\/div>\n\t\t\t\t<\/div>\n\t\t\t\t<div class=\"elementor-element elementor-element-933724f content-align-left icon-box-vertical-align-top icon-vertical-align-start elementor-widget elementor-widget-the7_image_box_widget\" data-id=\"933724f\" data-element_type=\"widget\" data-widget_type=\"the7_image_box_widget.default\">\n\t\t\t\t<div class=\"elementor-widget-container\">\n\t\t\t\n\t\t<div class=\"the7-box-wrapper the7-elementor-widget the7_image_box_widget-933724f\">\t\t\t<div class=\"box-content-wrapper\">\n\t\t\t\t\t\t\t\t<div class=\"elementor-image-div\">\n\t\t\t\t\t<a class=\"post-thumbnail-rollover layzr-bg img-css-resize-wrapper\" href=\"http:\/\/www.primariacampina.ro\/\"><img fetchpriority=\"high\" decoding=\"async\" width=\"188\" height=\"300\" src=\"data:image\/svg+xml,%3Csvg%20xmlns%3D&#039;http%3A%2F%2Fwww.w3.org%2F2000%2Fsvg&#039;%20viewBox%3D&#039;0%200%20188%20300&#039;%2F%3E\" class=\"attachment-medium size-medium preload-me aspect lazy lazy-load\" alt=\"\" sizes=\"(max-width: 188px) 100vw, 188px\" style=\"--ratio: 188 \/ 300;\" data-src=\"https:\/\/cimislia.md\/wp-content\/uploads\/2023\/09\/Campina-removebg-preview-188x300.png\" loading=\"eager\" data-srcset=\"https:\/\/cimislia.md\/wp-content\/uploads\/2023\/09\/Campina-removebg-preview-188x300.png 188w, https:\/\/cimislia.md\/wp-content\/uploads\/2023\/09\/Campina-removebg-preview-8x12.png 8w, https:\/\/cimislia.md\/wp-content\/uploads\/2023\/09\/Campina-removebg-preview.png 395w\" \/><span class=\"the7-hover-icon\"><\/span><\/a>\t\t\t\t<\/div>\n\t\t\t\t\n\t\t\t\t<div class=\"box-content\">\n\t\t\t\t\t<h4 class=\"box-heading\"><a href=\"http:\/\/www.primariacampina.ro\/\">C\u00e2mpina, Rom\u00e2nia<\/a><\/h4><div class=\"box-description\">Prim\u0103ria C\u00e2mpina, Acord de \u00eenfr\u0103\u021bire \u00eencheiat \u00een martie 2015<\/div>\t\t\t\t<\/div>\n\t\t\t<\/div>\n\t\t<\/div>\t\t<\/div>\n\t\t\t\t<\/div>\n\t\t\t\t<div class=\"elementor-element elementor-element-b8321e3 content-align-left icon-box-vertical-align-top icon-vertical-align-start elementor-widget elementor-widget-the7_image_box_widget\" data-id=\"b8321e3\" data-element_type=\"widget\" data-widget_type=\"the7_image_box_widget.default\">\n\t\t\t\t<div class=\"elementor-widget-container\">\n\t\t\t\n\t\t<div class=\"the7-box-wrapper the7-elementor-widget the7_image_box_widget-b8321e3\">\t\t\t<div class=\"box-content-wrapper\">\n\t\t\t\t\t\t\t\t<div class=\"elementor-image-div\">\n\t\t\t\t\t<a class=\"post-thumbnail-rollover layzr-bg img-css-resize-wrapper\" href=\"http:\/\/rokiciny.e-tomaszowski.pl\/\"><img decoding=\"async\" width=\"253\" height=\"300\" src=\"data:image\/svg+xml,%3Csvg%20xmlns%3D&#039;http%3A%2F%2Fwww.w3.org%2F2000%2Fsvg&#039;%20viewBox%3D&#039;0%200%20253%20300&#039;%2F%3E\" class=\"attachment-medium size-medium preload-me aspect lazy lazy-load\" alt=\"\" sizes=\"(max-width: 253px) 100vw, 253px\" style=\"--ratio: 253 \/ 300;\" data-src=\"https:\/\/cimislia.md\/wp-content\/uploads\/2023\/09\/Nowogrod-Bobrzanski-253x300.gif\" loading=\"eager\" data-srcset=\"https:\/\/cimislia.md\/wp-content\/uploads\/2023\/09\/Nowogrod-Bobrzanski-253x300.gif 253w, https:\/\/cimislia.md\/wp-content\/uploads\/2023\/09\/Nowogrod-Bobrzanski-768x910.gif 768w, https:\/\/cimislia.md\/wp-content\/uploads\/2023\/09\/Nowogrod-Bobrzanski-10x12.gif 10w\" \/><span class=\"the7-hover-icon\"><\/span><\/a>\t\t\t\t<\/div>\n\t\t\t\t\n\t\t\t\t<div class=\"box-content\">\n\t\t\t\t\t<h4 class=\"box-heading\"><a href=\"http:\/\/rokiciny.e-tomaszowski.pl\/\">Gmina Rokiciny<\/a><\/h4><div class=\"box-description\">Polonia, Acord de \u00cenfr\u0103\u021bire \u00eencheiat \u00een august 2012\n\n<\/div>\t\t\t\t<\/div>\n\t\t\t<\/div>\n\t\t<\/div>\t\t<\/div>\n\t\t\t\t<\/div>\n\t\t\t\t<div class=\"elementor-element elementor-element-a9fc1cb content-align-left icon-box-vertical-align-top icon-vertical-align-start elementor-widget elementor-widget-the7_image_box_widget\" data-id=\"a9fc1cb\" data-element_type=\"widget\" data-widget_type=\"the7_image_box_widget.default\">\n\t\t\t\t<div class=\"elementor-widget-container\">\n\t\t\t\n\t\t<div class=\"the7-box-wrapper the7-elementor-widget the7_image_box_widget-a9fc1cb\">\t\t\t<div class=\"box-content-wrapper\">\n\t\t\t\t\t\t\t\t<div class=\"elementor-image-div\">\n\t\t\t\t\t<a class=\"post-thumbnail-rollover layzr-bg img-css-resize-wrapper\" href=\"http:\/\/primaria-hirlau.ro\/\"><img decoding=\"async\" width=\"204\" height=\"300\" src=\"data:image\/svg+xml,%3Csvg%20xmlns%3D&#039;http%3A%2F%2Fwww.w3.org%2F2000%2Fsvg&#039;%20viewBox%3D&#039;0%200%20204%20300&#039;%2F%3E\" class=\"attachment-medium size-medium preload-me aspect lazy lazy-load\" alt=\"\" sizes=\"(max-width: 204px) 100vw, 204px\" style=\"--ratio: 204 \/ 300;\" data-src=\"https:\/\/cimislia.md\/wp-content\/uploads\/2023\/09\/AnyConv.com__Harlau-removebg-preview-204x300.png\" loading=\"eager\" data-srcset=\"https:\/\/cimislia.md\/wp-content\/uploads\/2023\/09\/AnyConv.com__Harlau-removebg-preview-204x300.png 204w, https:\/\/cimislia.md\/wp-content\/uploads\/2023\/09\/AnyConv.com__Harlau-removebg-preview-8x12.png 8w, https:\/\/cimislia.md\/wp-content\/uploads\/2023\/09\/AnyConv.com__Harlau-removebg-preview.png 412w\" \/><span class=\"the7-hover-icon\"><\/span><\/a>\t\t\t\t<\/div>\n\t\t\t\t\n\t\t\t\t<div class=\"box-content\">\n\t\t\t\t\t<h4 class=\"box-heading\"><a href=\"http:\/\/primaria-hirlau.ro\/\">H\u00e2rl\u0103u, Rom\u00e2nia<\/a><\/h4><div class=\"box-description\">Prim\u0103ria ora\u0219ului H\u00e2rl\u0103u, Acord de \u00eenfr\u0103\u021bire \u00eencheiat \u00een octombrie 1993\n<\/div>\t\t\t\t<\/div>\n\t\t\t<\/div>\n\t\t<\/div>\t\t<\/div>\n\t\t\t\t<\/div>\n\t\t\t\t<div class=\"elementor-element elementor-element-39e4ed6 content-align-left icon-box-vertical-align-top icon-vertical-align-start elementor-widget elementor-widget-the7_image_box_widget\" data-id=\"39e4ed6\" data-element_type=\"widget\" data-widget_type=\"the7_image_box_widget.default\">\n\t\t\t\t<div class=\"elementor-widget-container\">\n\t\t\t\n\t\t<div class=\"the7-box-wrapper the7-elementor-widget the7_image_box_widget-39e4ed6\">\t\t\t<div class=\"box-content-wrapper\">\n\t\t\t\t\t\t\t\t<div class=\"elementor-image-div\">\n\t\t\t\t\t<a class=\"post-thumbnail-rollover layzr-bg img-css-resize-wrapper\" href=\"http:\/\/www.primariahusi.ro\/\"><img decoding=\"async\" width=\"219\" height=\"300\" src=\"data:image\/svg+xml,%3Csvg%20xmlns%3D&#039;http%3A%2F%2Fwww.w3.org%2F2000%2Fsvg&#039;%20viewBox%3D&#039;0%200%20219%20300&#039;%2F%3E\" class=\"attachment-medium size-medium preload-me aspect lazy lazy-load\" alt=\"\" sizes=\"(max-width: 219px) 100vw, 219px\" style=\"--ratio: 219 \/ 300;\" data-src=\"https:\/\/cimislia.md\/wp-content\/uploads\/2023\/09\/Husi-removebg-preview-219x300.png\" loading=\"eager\" data-srcset=\"https:\/\/cimislia.md\/wp-content\/uploads\/2023\/09\/Husi-removebg-preview-219x300.png 219w, https:\/\/cimislia.md\/wp-content\/uploads\/2023\/09\/Husi-removebg-preview-9x12.png 9w, https:\/\/cimislia.md\/wp-content\/uploads\/2023\/09\/Husi-removebg-preview.png 427w\" \/><span class=\"the7-hover-icon\"><\/span><\/a>\t\t\t\t<\/div>\n\t\t\t\t\n\t\t\t\t<div class=\"box-content\">\n\t\t\t\t\t<h4 class=\"box-heading\"><a href=\"http:\/\/www.primariahusi.ro\/\">Hu\u0219i, Rom\u00e2nia<\/a><\/h4><div class=\"box-description\">Prim\u0103ria municipiului Hu\u0219i, Acord de \u00eenfr\u0103\u021bire \u00eencheiat \u00een iunie 2013<\/div>\t\t\t\t<\/div>\n\t\t\t<\/div>\n\t\t<\/div>\t\t<\/div>\n\t\t\t\t<\/div>\n\t\t\t\t<div class=\"elementor-element elementor-element-477791d content-align-left icon-box-vertical-align-top icon-vertical-align-start elementor-widget elementor-widget-the7_image_box_widget\" data-id=\"477791d\" data-element_type=\"widget\" data-widget_type=\"the7_image_box_widget.default\">\n\t\t\t\t<div class=\"elementor-widget-container\">\n\t\t\t\n\t\t<div class=\"the7-box-wrapper the7-elementor-widget the7_image_box_widget-477791d\">\t\t\t<div class=\"box-content-wrapper\">\n\t\t\t\t\t\t\t\t<div class=\"elementor-image-div\">\n\t\t\t\t\t<a class=\"post-thumbnail-rollover layzr-bg img-css-resize-wrapper\" href=\"https:\/\/nowogrodbobrz.pl\/\"><img decoding=\"async\" width=\"249\" height=\"300\" src=\"data:image\/svg+xml,%3Csvg%20xmlns%3D&#039;http%3A%2F%2Fwww.w3.org%2F2000%2Fsvg&#039;%20viewBox%3D&#039;0%200%20249%20300&#039;%2F%3E\" class=\"attachment-medium size-medium preload-me aspect lazy lazy-load\" alt=\"\" sizes=\"(max-width: 249px) 100vw, 249px\" style=\"--ratio: 249 \/ 300;\" data-src=\"https:\/\/cimislia.md\/wp-content\/uploads\/2023\/09\/Gmina_Rokiciny-removebg-preview-249x300.png\" loading=\"eager\" data-srcset=\"https:\/\/cimislia.md\/wp-content\/uploads\/2023\/09\/Gmina_Rokiciny-removebg-preview-249x300.png 249w, https:\/\/cimislia.md\/wp-content\/uploads\/2023\/09\/Gmina_Rokiciny-removebg-preview-10x12.png 10w, https:\/\/cimislia.md\/wp-content\/uploads\/2023\/09\/Gmina_Rokiciny-removebg-preview.png 455w\" \/><span class=\"the7-hover-icon\"><\/span><\/a>\t\t\t\t<\/div>\n\t\t\t\t\n\t\t\t\t<div class=\"box-content\">\n\t\t\t\t\t<h4 class=\"box-heading\"><a href=\"https:\/\/nowogrodbobrz.pl\/\">Nowogrod Bobrzanski<\/a><\/h4><div class=\"box-description\">Polonia, Acord de \u00cenfr\u0103\u021bire \u00eencheiat \u00een februarie 2010<\/div>\t\t\t\t<\/div>\n\t\t\t<\/div>\n\t\t<\/div>\t\t<\/div>\n\t\t\t\t<\/div>\n\t\t\t\t<div class=\"elementor-element elementor-element-d8be757 content-align-left icon-box-vertical-align-top icon-vertical-align-start elementor-widget elementor-widget-the7_image_box_widget\" data-id=\"d8be757\" data-element_type=\"widget\" data-widget_type=\"the7_image_box_widget.default\">\n\t\t\t\t<div class=\"elementor-widget-container\">\n\t\t\t\n\t\t<div class=\"the7-box-wrapper the7-elementor-widget the7_image_box_widget-d8be757\">\t\t\t<div class=\"box-content-wrapper\">\n\t\t\t\t\t\t\t\t<div class=\"elementor-image-div\">\n\t\t\t\t\t<a class=\"post-thumbnail-rollover layzr-bg img-css-resize-wrapper\" href=\"https:\/\/nowogrodbobrz.pl\/\"><img decoding=\"async\" width=\"222\" height=\"300\" src=\"data:image\/svg+xml,%3Csvg%20xmlns%3D&#039;http%3A%2F%2Fwww.w3.org%2F2000%2Fsvg&#039;%20viewBox%3D&#039;0%200%20222%20300&#039;%2F%3E\" class=\"attachment-medium size-medium preload-me aspect lazy lazy-load\" alt=\"\" sizes=\"(max-width: 222px) 100vw, 222px\" style=\"--ratio: 222 \/ 300;\" data-src=\"https:\/\/cimislia.md\/wp-content\/uploads\/2023\/09\/ROU_PH_Valenii_de_Munte_CoA-222x300.png\" loading=\"eager\" data-srcset=\"https:\/\/cimislia.md\/wp-content\/uploads\/2023\/09\/ROU_PH_Valenii_de_Munte_CoA-222x300.png 222w, https:\/\/cimislia.md\/wp-content\/uploads\/2023\/09\/ROU_PH_Valenii_de_Munte_CoA-9x12.png 9w, https:\/\/cimislia.md\/wp-content\/uploads\/2023\/09\/ROU_PH_Valenii_de_Munte_CoA.png 492w\" \/><span class=\"the7-hover-icon\"><\/span><\/a>\t\t\t\t<\/div>\n\t\t\t\t\n\t\t\t\t<div class=\"box-content\">\n\t\t\t\t\t<h4 class=\"box-heading\"><a href=\"https:\/\/nowogrodbobrz.pl\/\">V\u0103lenii de Munte, Rom\u00e2nia<\/a><\/h4><div class=\"box-description\">Prim\u0103ria ora\u0219ului V\u0103lenii de munte, Acord de \u00eenfr\u0103\u021bire \u00eencheiat \u00een noiembrie 2002\n\n<\/div>\t\t\t\t<\/div>\n\t\t\t<\/div>\n\t\t<\/div>\t\t<\/div>\n\t\t\t\t<\/div>\n\t\t\t\t<div class=\"elementor-element elementor-element-20690d1 content-align-left icon-box-vertical-align-top icon-vertical-align-start elementor-widget elementor-widget-the7_image_box_widget\" data-id=\"20690d1\" data-element_type=\"widget\" data-widget_type=\"the7_image_box_widget.default\">\n\t\t\t\t<div class=\"elementor-widget-container\">\n\t\t\t\n\t\t<div class=\"the7-box-wrapper the7-elementor-widget the7_image_box_widget-20690d1\">\t\t\t<div class=\"box-content-wrapper\">\n\t\t\t\t\t\t\t\t<div class=\"elementor-image-div\">\n\t\t\t\t\t<a class=\"post-thumbnail-rollover layzr-bg img-css-resize-wrapper\" href=\"http:\/\/vileyka.minsk-region.by\/en\/\"><img decoding=\"async\" width=\"233\" height=\"300\" src=\"data:image\/svg+xml,%3Csvg%20xmlns%3D&#039;http%3A%2F%2Fwww.w3.org%2F2000%2Fsvg&#039;%20viewBox%3D&#039;0%200%20233%20300&#039;%2F%3E\" class=\"attachment-medium size-medium preload-me aspect lazy lazy-load\" alt=\"\" sizes=\"(max-width: 233px) 100vw, 233px\" style=\"--ratio: 233 \/ 300;\" data-src=\"https:\/\/cimislia.md\/wp-content\/uploads\/2023\/09\/Vilejka_Belarus-233x300.png\" loading=\"eager\" data-srcset=\"https:\/\/cimislia.md\/wp-content\/uploads\/2023\/09\/Vilejka_Belarus-233x300.png 233w, https:\/\/cimislia.md\/wp-content\/uploads\/2023\/09\/Vilejka_Belarus-768x990.png 768w, https:\/\/cimislia.md\/wp-content\/uploads\/2023\/09\/Vilejka_Belarus-9x12.png 9w, https:\/\/cimislia.md\/wp-content\/uploads\/2023\/09\/Vilejka_Belarus.png 776w\" \/><span class=\"the7-hover-icon\"><\/span><\/a>\t\t\t\t<\/div>\n\t\t\t\t\n\t\t\t\t<div class=\"box-content\">\n\t\t\t\t\t<h4 class=\"box-heading\"><a href=\"http:\/\/vileyka.minsk-region.by\/en\/\">Vileyka<\/a><\/h4><div class=\"box-description\">Belarus, Acord de \u00cenfr\u0103\u021bire \u00eencheiat \u00een august 2012<\/div>\t\t\t\t<\/div>\n\t\t\t<\/div>\n\t\t<\/div>\t\t<\/div>\n\t\t\t\t<\/div>\n\t\t\t\t<div class=\"elementor-element elementor-element-293c670 content-align-left icon-box-vertical-align-top icon-vertical-align-start elementor-widget elementor-widget-the7_image_box_widget\" data-id=\"293c670\" data-element_type=\"widget\" data-widget_type=\"the7_image_box_widget.default\">\n\t\t\t\t<div class=\"elementor-widget-container\">\n\t\t\t\n\t\t<div class=\"the7-box-wrapper the7-elementor-widget the7_image_box_widget-293c670\">\t\t\t<div class=\"box-content-wrapper\">\n\t\t\t\t\t\t\t\t<div class=\"elementor-image-div\">\n\t\t\t\t\t<a class=\"post-thumbnail-rollover layzr-bg img-css-resize-wrapper\" href=\"http:\/\/vileyka.minsk-region.by\/en\/\"><img decoding=\"async\" width=\"837\" height=\"600\" src=\"data:image\/svg+xml,%3Csvg%20xmlns%3D&#039;http%3A%2F%2Fwww.w3.org%2F2000%2Fsvg&#039;%20viewBox%3D&#039;0%200%201%201&#039;%2F%3E\" class=\"attachment-large size-large preload-me aspect lazy lazy-load\" alt=\"\" sizes=\"(max-width: 837px) 100vw, 837px\" data-src=\"https:\/\/cimislia.md\/wp-content\/uploads\/2026\/01\/stema-comuna-Padureni.jpg\" loading=\"eager\" data-srcset=\"https:\/\/cimislia.md\/wp-content\/uploads\/2026\/01\/stema-comuna-Padureni.jpg 837w, https:\/\/cimislia.md\/wp-content\/uploads\/2026\/01\/stema-comuna-Padureni-300x215.jpg 300w, https:\/\/cimislia.md\/wp-content\/uploads\/2026\/01\/stema-comuna-Padureni-768x551.jpg 768w, https:\/\/cimislia.md\/wp-content\/uploads\/2026\/01\/stema-comuna-Padureni-18x12.jpg 18w\" \/><span class=\"the7-hover-icon\"><\/span><\/a>\t\t\t\t<\/div>\n\t\t\t\t\n\t\t\t\t<div class=\"box-content\">\n\t\t\t\t\t<h4 class=\"box-heading\"><a href=\"http:\/\/vileyka.minsk-region.by\/en\/\">Comuna P\u0103dureni, jude\u021bul Vaslui, Rom\u00e2nia<\/a><\/h4><div class=\"box-description\">Acord de \u00eenfr\u0103\u021bire \u00eencheiat pe \n03 iunie 2025.\n<\/div>\t\t\t\t<\/div>\n\t\t\t<\/div>\n\t\t<\/div>\t\t<\/div>\n\t\t\t\t<\/div>\n\t\t\t\t<div class=\"elementor-element elementor-element-4d18f00 content-align-left icon-box-vertical-align-top icon-vertical-align-start elementor-widget elementor-widget-the7_image_box_widget\" data-id=\"4d18f00\" data-element_type=\"widget\" data-widget_type=\"the7_image_box_widget.default\">\n\t\t\t\t<div class=\"elementor-widget-container\">\n\t\t\t\n\t\t<div class=\"the7-box-wrapper the7-elementor-widget the7_image_box_widget-4d18f00\">\t\t\t<div class=\"box-content-wrapper\">\n\t\t\t\t\t\t\t\t<div class=\"elementor-image-div\">\n\t\t\t\t\t<a class=\"post-thumbnail-rollover layzr-bg img-css-resize-wrapper\" href=\"http:\/\/vileyka.minsk-region.by\/en\/\"><img decoding=\"async\" width=\"1024\" height=\"1024\" src=\"data:image\/svg+xml,%3Csvg%20xmlns%3D&#039;http%3A%2F%2Fwww.w3.org%2F2000%2Fsvg&#039;%20viewBox%3D&#039;0%200%201024%201024&#039;%2F%3E\" class=\"attachment-large size-large preload-me aspect lazy lazy-load\" alt=\"\" sizes=\"(max-width: 1024px) 100vw, 1024px\" style=\"--ratio: 1024 \/ 1024;\" data-src=\"https:\/\/cimislia.md\/wp-content\/uploads\/2026\/01\/443716641_838038971692758_6654166215345409913_n-1024x1024.jpg\" loading=\"eager\" data-srcset=\"https:\/\/cimislia.md\/wp-content\/uploads\/2026\/01\/443716641_838038971692758_6654166215345409913_n-1024x1024.jpg 1024w, https:\/\/cimislia.md\/wp-content\/uploads\/2026\/01\/443716641_838038971692758_6654166215345409913_n-300x300.jpg 300w, https:\/\/cimislia.md\/wp-content\/uploads\/2026\/01\/443716641_838038971692758_6654166215345409913_n-150x150.jpg 150w, https:\/\/cimislia.md\/wp-content\/uploads\/2026\/01\/443716641_838038971692758_6654166215345409913_n-768x768.jpg 768w, https:\/\/cimislia.md\/wp-content\/uploads\/2026\/01\/443716641_838038971692758_6654166215345409913_n-12x12.jpg 12w, https:\/\/cimislia.md\/wp-content\/uploads\/2026\/01\/443716641_838038971692758_6654166215345409913_n.jpg 1080w\" \/><span class=\"the7-hover-icon\"><\/span><\/a>\t\t\t\t<\/div>\n\t\t\t\t\n\t\t\t\t<div class=\"box-content\">\n\t\t\t\t\t<h4 class=\"box-heading\"><a href=\"http:\/\/vileyka.minsk-region.by\/en\/\">Satul Sra\u021bimir, Municipiul Silistra, Provincia Silistra, Republica Bulgaria<\/a><\/h4><div class=\"box-description\">Acord de \u00eenfr\u0103\u021bire \u00eencheiat pe \n11 decembrie 2025.\n<\/div>\t\t\t\t<\/div>\n\t\t\t<\/div>\n\t\t<\/div>\t\t<\/div>\n\t\t\t\t<\/div>\n\t\t\t\t\t<\/div>\n\t\t<\/div>\n\t\t\t\t\t\t\t<\/div>\n\t\t<\/section>\n\t\t\t\t\t\t\t<\/div>","protected":false},"excerpt":{"rendered":"<p>C\u00e2mpia Turzii, jude\u021bul Cluj Rom\u00e2nia Acord de \u00eenfr\u0103\u021bire \u00eencheiat \u00een ianuarie 2020 C\u00e2mpina, Rom\u00e2nia Prim\u0103ria C\u00e2mpina, Acord de \u00eenfr\u0103\u021bire \u00eencheiat \u00een martie 2015 Gmina Rokiciny Polonia, Acord de \u00cenfr\u0103\u021bire \u00eencheiat \u00een august 2012 H\u00e2rl\u0103u, Rom\u00e2nia Prim\u0103ria ora\u0219ului H\u00e2rl\u0103u, Acord de \u00eenfr\u0103\u021bire \u00eencheiat \u00een octombrie 1993 Hu\u0219i, Rom\u00e2nia Prim\u0103ria municipiului Hu\u0219i, Acord de \u00eenfr\u0103\u021bire \u00eencheiat \u00een&hellip;<\/p>","protected":false},"author":1,"featured_media":0,"parent":14543,"menu_order":0,"comment_status":"closed","ping_status":"closed","template":"","meta":{"inline_featured_image":false,"footnotes":""},"_links":{"self":[{"href":"https:\/\/cimislia.md\/ru\/wp-json\/wp\/v2\/pages\/14608"}],"collection":[{"href":"https:\/\/cimislia.md\/ru\/wp-json\/wp\/v2\/pages"}],"about":[{"href":"https:\/\/cimislia.md\/ru\/wp-json\/wp\/v2\/types\/page"}],"author":[{"embeddable":true,"href":"https:\/\/cimislia.md\/ru\/wp-json\/wp\/v2\/users\/1"}],"replies":[{"embeddable":true,"href":"https:\/\/cimislia.md\/ru\/wp-json\/wp\/v2\/comments?post=14608"}],"version-history":[{"count":9,"href":"https:\/\/cimislia.md\/ru\/wp-json\/wp\/v2\/pages\/14608\/revisions"}],"predecessor-version":[{"id":22778,"href":"https:\/\/cimislia.md\/ru\/wp-json\/wp\/v2\/pages\/14608\/revisions\/22778"}],"up":[{"embeddable":true,"href":"https:\/\/cimislia.md\/ru\/wp-json\/wp\/v2\/pages\/14543"}],"wp:attachment":[{"href":"https:\/\/cimislia.md\/ru\/wp-json\/wp\/v2\/media?parent=14608"}],"curies":[{"name":"wp","href":"https:\/\/api.w.org\/{rel}","templated":true}]}}