{"id":15097,"date":"2023-10-05T14:38:42","date_gmt":"2023-10-05T11:38:42","guid":{"rendered":"https:\/\/cimislia.md\/?page_id=15097"},"modified":"2026-03-30T15:30:34","modified_gmt":"2026-03-30T12:30:34","slug":"proiecte-consultate-sinteza-recomandarilor","status":"publish","type":"page","link":"https:\/\/cimislia.md\/ru\/transparenta\/consultari-publice\/proiecte-consultate-sinteza-recomandarilor\/","title":{"rendered":"Coordonatorul procesului de consultare public\u0103"},"content":{"rendered":"<div data-elementor-type=\"wp-page\" data-elementor-id=\"15097\" class=\"elementor elementor-15097\">\n\t\t\t\t\t\t\t\t\t<section class=\"elementor-section elementor-top-section elementor-element elementor-element-f1e8f7c elementor-section-boxed elementor-section-height-default elementor-section-height-default\" data-id=\"f1e8f7c\" data-element_type=\"section\">\n\t\t\t\t\t\t<div class=\"elementor-container elementor-column-gap-default\">\n\t\t\t\t\t<div class=\"elementor-column elementor-col-100 elementor-top-column elementor-element elementor-element-43094dd\" data-id=\"43094dd\" data-element_type=\"column\">\n\t\t\t<div class=\"elementor-widget-wrap elementor-element-populated\">\n\t\t\t\t\t\t\t\t<div class=\"elementor-element elementor-element-0dcf385 elementor-widget elementor-widget-text-editor\" data-id=\"0dcf385\" data-element_type=\"widget\" data-widget_type=\"text-editor.default\">\n\t\t\t\t<div class=\"elementor-widget-container\">\n\t\t\t\t\t\t\t<p><strong>Coordonatorul procesului de consultare public\u0103<\/strong> \u2013 secretarul Consiliului or\u0103\u0219enesc Cimi\u0219lia\u00a0 &#8211; Cristina P\u00ceNZARI<\/p><p><strong>Telefon<\/strong>: 0-(241)-2-28-42; <strong>E-mail: <\/strong>secretar.consiliu@cimislia.md; Biroul 21, etajul II, Prim\u0103ria ora\u0219ului Cimi\u0219lia.<\/p><p><strong>Conform Regulamentului cu privire la procedurile de consultare public\u0103 cu societatea civil\u0103 \u00een procesul decizional, aprobat prin Hot\u0103r\u00eerea Guvernului 967\/2016, coordonatorul are urm\u0103toarele atribu\u021bii:<\/strong><\/p><p>1) monitorizarea respect\u0103rii cerin\u021belor de asigurare a transparen\u021bei \u00een procesul de elaborare \u0219i adoptare a proiectelor de decizii;<br \/>2) \u00eentocmirea unei liste generale a p\u0103r\u0163ilor interesate, care vor fi informate prioritar despre proiectele de decizii elaborate \u0219i promovate de Prim\u0103rie.<br \/>3) \u00eentocmirea raportului anual privind asigurarea transparen\u021bei procesului decizional \u00een cadrul Prim\u0103riei.<\/p>\t\t\t\t\t\t<\/div>\n\t\t\t\t<\/div>\n\t\t\t\t\t<\/div>\n\t\t<\/div>\n\t\t\t\t\t\t\t<\/div>\n\t\t<\/section>\n\t\t\t\t\t\t\t<\/div>","protected":false},"excerpt":{"rendered":"<p>Coordonatorul procesului de consultare public\u0103 \u2013 secretarul Consiliului or\u0103\u0219enesc Cimi\u0219lia\u00a0 &#8211; Cristina P\u00ceNZARI Telefon: 0-(241)-2-28-42; E-mail: secretar.consiliu@cimislia.md; Biroul 21, etajul II, Prim\u0103ria ora\u0219ului Cimi\u0219lia. Conform Regulamentului cu privire la procedurile de consultare public\u0103 cu societatea civil\u0103 \u00een procesul decizional, aprobat prin Hot\u0103r\u00eerea Guvernului 967\/2016, coordonatorul are urm\u0103toarele atribu\u021bii: 1) monitorizarea respect\u0103rii cerin\u021belor de asigurare a&hellip;<\/p>","protected":false},"author":1,"featured_media":0,"parent":15079,"menu_order":0,"comment_status":"closed","ping_status":"closed","template":"","meta":{"inline_featured_image":false,"footnotes":""},"_links":{"self":[{"href":"https:\/\/cimislia.md\/ru\/wp-json\/wp\/v2\/pages\/15097"}],"collection":[{"href":"https:\/\/cimislia.md\/ru\/wp-json\/wp\/v2\/pages"}],"about":[{"href":"https:\/\/cimislia.md\/ru\/wp-json\/wp\/v2\/types\/page"}],"author":[{"embeddable":true,"href":"https:\/\/cimislia.md\/ru\/wp-json\/wp\/v2\/users\/1"}],"replies":[{"embeddable":true,"href":"https:\/\/cimislia.md\/ru\/wp-json\/wp\/v2\/comments?post=15097"}],"version-history":[{"count":4,"href":"https:\/\/cimislia.md\/ru\/wp-json\/wp\/v2\/pages\/15097\/revisions"}],"predecessor-version":[{"id":23914,"href":"https:\/\/cimislia.md\/ru\/wp-json\/wp\/v2\/pages\/15097\/revisions\/23914"}],"up":[{"embeddable":true,"href":"https:\/\/cimislia.md\/ru\/wp-json\/wp\/v2\/pages\/15079"}],"wp:attachment":[{"href":"https:\/\/cimislia.md\/ru\/wp-json\/wp\/v2\/media?parent=15097"}],"curies":[{"name":"wp","href":"https:\/\/api.w.org\/{rel}","templated":true}]}}