{"id":15184,"date":"2023-10-05T16:38:43","date_gmt":"2023-10-05T13:38:43","guid":{"rendered":"https:\/\/cimislia.md\/?page_id=15184"},"modified":"2023-10-30T16:35:40","modified_gmt":"2023-10-30T14:35:40","slug":"ajutorul-material","status":"publish","type":"page","link":"https:\/\/cimislia.md\/ru\/orasul-si-oamenii\/beneficii-sociale-si-ajutoare\/ajutorul-material\/","title":{"rendered":"\u041c\u0430\u0442\u0435\u0440\u0438\u0430\u043b\u044c\u043d\u0430\u044f \u043f\u043e\u043c\u043e\u0449\u044c"},"content":{"rendered":"<div data-elementor-type=\"wp-page\" data-elementor-id=\"15184\" class=\"elementor elementor-15184\">\n\t\t\t\t\t\t\t\t\t<section class=\"elementor-section elementor-top-section elementor-element elementor-element-9280838 elementor-section-boxed elementor-section-height-default elementor-section-height-default\" data-id=\"9280838\" data-element_type=\"section\">\n\t\t\t\t\t\t<div class=\"elementor-container elementor-column-gap-default\">\n\t\t\t\t\t<div class=\"elementor-column elementor-col-100 elementor-top-column elementor-element elementor-element-5bb107c\" data-id=\"5bb107c\" data-element_type=\"column\">\n\t\t\t<div class=\"elementor-widget-wrap elementor-element-populated\">\n\t\t\t\t\t\t\t\t<div class=\"elementor-element elementor-element-a207e6d elementor-widget elementor-widget-the7-accordion\" data-id=\"a207e6d\" data-element_type=\"widget\" data-widget_type=\"the7-accordion.default\">\n\t\t\t\t<div class=\"elementor-widget-container\">\n\t\t\t\t\t<div class=\"elementor-accordion the7-adv-accordion animate-on-loading\" data-accordion-type=\"accordion\" role=\"tablist\">\n\t\t\t\t\t\t\t<div class=\"elementor-accordion-item\">\n\t\t\t\t\t<h4 id=\"elementor-tab-title-1691\" class=\"elementor-tab-title the7-accordion-header active-default\" data-tab=\"1\" role=\"tab\" aria-controls=\"elementor-tab-content-1691\">\n\n\t\t\t\t\t\t\t\t\t\t\t\t\t<span class=\"elementor-accordion-icon elementor-accordion-icon-left\" aria-hidden=\"true\">\n\t\t\t\t\t\t\t\t\t\t\t\t\t\t\t<span class=\"elementor-accordion-icon-closed\"><i class=\"fas fa-caret-down\"><\/i><\/span>\n\t\t\t\t\t\t\t\t\t\t\t\t\t\t\t\t\t<span class=\"elementor-accordion-icon-opened\"><i class=\"fas fa-caret-up\"><\/i><\/span>\n\t\t\t\t\t\t\t\t\t\t\t\t\t\t\t\t\t\t\t\t\t\t<\/span>\n\t\t\t\t\t\t\t\t\t\t\t\t\t\t\t\t\t\t<a class=\"elementor-accordion-title\" href=\"\">1. Ce este ajutorul material \u0219i cine poate beneficia de acest ajutor?<\/a>\n\t\t\t\t\t<\/h4>\n\t\t\t\t\t<div id=\"elementor-tab-content-1691\" class=\"elementor-tab-content elementor-clearfix active-default\" data-tab=\"1\" role=\"tabpanel\" aria-labelledby=\"elementor-tab-title-1691\"><p class=\"active\">Ajutorul material este o sum\u0103 b\u0103neasc\u0103, acordat\u0103 din sursele Fondului republican \u0219i fondurilor locale de sus\u021binere social\u0103 a popula\u021biei, care are menirea s\u0103 sus\u021bin\u0103 persoanele vulnerabile domiciliate \u00een Republica Moldova la procurarea produselor alimentare, m\u0103rfurilor industriale de prim\u0103 necesitate, medicamentelor, articolelor protetico-ortopedice, achitarea par\u021bial\u0103 a serviciilor medicale, compensarea cheltuielilor substan\u021biale cauzate de diferite situa\u021bii excep\u021bionale.<\/p><p class=\"active\"><strong><u><a href=\"http:\/\/lex.justice.md\/index.php?action=view&amp;view=doc&amp;lang=1&amp;id=295667\" target=\"_blank\" rel=\"noopener\">HG nr. 1083 din 2000 privind distribuirea ajutorului material din mijloacele Fondului republican \u0219i fondurilor locale de sus\u021binere social\u0103 a popula\u021biei \u0219i modul de \u00eencasare a pl\u0103\u021bilor \u00een aceste fonduri<\/a><\/u><\/strong><\/p><p class=\"active\">Au dreptul la ob\u0163inerea ajutorului material:<\/p><ul class=\"active\"><li>persoanele socialmente vulnerabile din r\u00eendul pensionarilor (prioritar invalizii, persoanele singure \u015fi \u00een etate);<\/li><li>persoanele inapte de munc\u0103 \u015fi familiile cu copii;<\/li><li>persoanele socialmente vulnerabile \u00een cazurile de \u00eemboln\u0103vire grav\u0103 sau aflate \u00een situa\u0163ii excep\u0163ionale (calamit\u0103\u0163i naturale, dezastre, avarii, conflicte armate, catastrofe ecologice, incendii, epidemii, accidente, deces al rudelor peste hotarele republicii etc.), pe care nu le pot dep\u0103\u015fi de sine st\u0103t\u0103tor.<\/li><\/ul><\/div>\n\t\t\t\t<\/div>\n\t\t\t\t\t\t\t<div class=\"elementor-accordion-item\">\n\t\t\t\t\t<h4 id=\"elementor-tab-title-1692\" class=\"elementor-tab-title the7-accordion-header\" data-tab=\"2\" role=\"tab\" aria-controls=\"elementor-tab-content-1692\">\n\n\t\t\t\t\t\t\t\t\t\t\t\t\t<span class=\"elementor-accordion-icon elementor-accordion-icon-left\" aria-hidden=\"true\">\n\t\t\t\t\t\t\t\t\t\t\t\t\t\t\t<span class=\"elementor-accordion-icon-closed\"><i class=\"fas fa-caret-down\"><\/i><\/span>\n\t\t\t\t\t\t\t\t\t\t\t\t\t\t\t\t\t<span class=\"elementor-accordion-icon-opened\"><i class=\"fas fa-caret-up\"><\/i><\/span>\n\t\t\t\t\t\t\t\t\t\t\t\t\t\t\t\t\t\t\t\t\t\t<\/span>\n\t\t\t\t\t\t\t\t\t\t\t\t\t\t\t\t\t\t<a class=\"elementor-accordion-title\" href=\"\">2. Cine stabile\u0219te ajutorul material?<\/a>\n\t\t\t\t\t<\/h4>\n\t\t\t\t\t<div id=\"elementor-tab-content-1692\" class=\"elementor-tab-content elementor-clearfix\" data-tab=\"2\" role=\"tabpanel\" aria-labelledby=\"elementor-tab-title-1692\"><p class=\"active\">Ajutorul material se stabile\u0219te de Direc\u0163ia Executiv\u0103 a Fondului de Sus\u0163inere Social\u0103 a Popula\u0163iei (FLSSP) de la locul de trai al solicitantului de ajutor material, care se afl\u0103 \u00een cadrul direc\u021biei asisten\u021b\u0103 social\u0103 \u0219i protec\u021bie a familiei Cimi\u0219lia.<\/p><\/div>\n\t\t\t\t<\/div>\n\t\t\t\t\t\t\t<div class=\"elementor-accordion-item\">\n\t\t\t\t\t<h4 id=\"elementor-tab-title-1693\" class=\"elementor-tab-title the7-accordion-header\" data-tab=\"3\" role=\"tab\" aria-controls=\"elementor-tab-content-1693\">\n\n\t\t\t\t\t\t\t\t\t\t\t\t\t<span class=\"elementor-accordion-icon elementor-accordion-icon-left\" aria-hidden=\"true\">\n\t\t\t\t\t\t\t\t\t\t\t\t\t\t\t<span class=\"elementor-accordion-icon-closed\"><i class=\"fas fa-caret-down\"><\/i><\/span>\n\t\t\t\t\t\t\t\t\t\t\t\t\t\t\t\t\t<span class=\"elementor-accordion-icon-opened\"><i class=\"fas fa-caret-up\"><\/i><\/span>\n\t\t\t\t\t\t\t\t\t\t\t\t\t\t\t\t\t\t\t\t\t\t<\/span>\n\t\t\t\t\t\t\t\t\t\t\t\t\t\t\t\t\t\t<a class=\"elementor-accordion-title\" href=\"\">3. Care sunt documentele necesare pentru stabilirea ajutorului material \u0219i unde se depun acestea?<\/a>\n\t\t\t\t\t<\/h4>\n\t\t\t\t\t<div id=\"elementor-tab-content-1693\" class=\"elementor-tab-content elementor-clearfix\" data-tab=\"3\" role=\"tabpanel\" aria-labelledby=\"elementor-tab-title-1693\"><p class=\"active\">Documentele necesare sunt:<\/p><ul class=\"active\"><li>Cererea solicitantului de ajutor material, cu descrierea detaliat\u0103 a circumstan\u0163elor st\u0103rii materiale \u00een care se afl\u0103;<\/li><li>ancheta social\u0103, eliberat\u0103 de prim\u0103rie \u015fi\/sau organul local de asisten\u0163\u0103 social\u0103;<\/li><li>buletinul de identitate (pa\u015faportul), legitima\u0163ia de pensionar, adeverin\u0163ele de na\u015ftere ale copiilor, alte documente ce identific\u0103 persoana solicitant\u0103.<\/li><\/ul><p class=\"active\">Aceste documente se depun la direc\u0163ia executiv\u0103 a fondului de sus\u0163inere social\u0103 a popula\u0163iei de la locul s\u0103u de trai, sau la asistentul social comunitar din localitate.<\/p><\/div>\n\t\t\t\t<\/div>\n\t\t\t\t\t\t\t<div class=\"elementor-accordion-item\">\n\t\t\t\t\t<h4 id=\"elementor-tab-title-1694\" class=\"elementor-tab-title the7-accordion-header\" data-tab=\"4\" role=\"tab\" aria-controls=\"elementor-tab-content-1694\">\n\n\t\t\t\t\t\t\t\t\t\t\t\t\t<span class=\"elementor-accordion-icon elementor-accordion-icon-left\" aria-hidden=\"true\">\n\t\t\t\t\t\t\t\t\t\t\t\t\t\t\t<span class=\"elementor-accordion-icon-closed\"><i class=\"fas fa-caret-down\"><\/i><\/span>\n\t\t\t\t\t\t\t\t\t\t\t\t\t\t\t\t\t<span class=\"elementor-accordion-icon-opened\"><i class=\"fas fa-caret-up\"><\/i><\/span>\n\t\t\t\t\t\t\t\t\t\t\t\t\t\t\t\t\t\t\t\t\t\t<\/span>\n\t\t\t\t\t\t\t\t\t\t\t\t\t\t\t\t\t\t<a class=\"elementor-accordion-title\" href=\"\">4. Care este periodicitatea acord\u0103rii ajutorului material?<\/a>\n\t\t\t\t\t<\/h4>\n\t\t\t\t\t<div id=\"elementor-tab-content-1694\" class=\"elementor-tab-content elementor-clearfix\" data-tab=\"4\" role=\"tabpanel\" aria-labelledby=\"elementor-tab-title-1694\"><p class=\"active\">\u00cempreun\u0103 cu cererea, \u00een mod obligatoriu se prezint\u0103:<\/p><ul class=\"active\"><li>certificatul privind componen\u0163a familiei;<\/li><li>actul de identitate \u015fi copia acestuia;<\/li><li>legitima\u0163ia de \u015federe temporar\u0103 sau actul de identitate, eliberat de autorit\u0103\u0163ile competente, in cazul cet\u0103\u0163enilor str\u0103ini, apatrizilor sau refugia\u0163ilor.<\/li><\/ul><p class=\"active\">\u00cen unele cazuri trebuie prezentate \u015fi urm\u0103toarele copii ale actelor:<\/p><ul class=\"active\"><li>certificatul de na\u015ftere al copilului;<\/li><li>decizia de instituire a tutelei\/curatelei;<\/li><li>decizia de plasament \u00een institu\u0163ie;<\/li><li>certificatul de salariu de la locul de munc\u0103;<\/li><li>certificatul privind tipul de studii pe care le urmeaz\u0103 orice membru al familiei (cu finan\u0163are bugetara sau prin contract),cu indicarea m\u0103rimii bursei, dup\u0103 caz;<\/li><li>confirmarea de efectuare a pl\u0103\u0163ii pensiei de \u00eentre\u0163inere;<\/li><li>certificatul privind perioada de satisfacere a serviciului militar \u00een termen;<\/li><li>actele de proprietate privind terenurile agricole de pe l\u00eeng\u0103 cas\u0103 (intravilanul localit\u0103\u0163ilor), precum\u00a0\u015fi din extravilanul localit\u0103\u0163ilor.\u00a0<\/li><li>contractul de arend\u0103, loca\u0163iune;<\/li><li>actul ce confirma gradul \u015fi termenul invalidit\u0103\u0163ii.<\/li><\/ul><p class=\"active\">Persoanei care a depus cererea i se elibereaz\u0103 o recipis\u0103, \u00een care este indicat\u0103 data \u015fi num\u0103rul de \u00eenregistrare. \u00cen cazul \u00een care nu au fost prezentate toate actele confirmative necesare, cererea nu se accept\u0103.<\/p><\/div>\n\t\t\t\t<\/div>\n\t\t\t\t\t\t\t<div class=\"elementor-accordion-item\">\n\t\t\t\t\t<h4 id=\"elementor-tab-title-1695\" class=\"elementor-tab-title the7-accordion-header\" data-tab=\"5\" role=\"tab\" aria-controls=\"elementor-tab-content-1695\">\n\n\t\t\t\t\t\t\t\t\t\t\t\t\t<span class=\"elementor-accordion-icon elementor-accordion-icon-left\" aria-hidden=\"true\">\n\t\t\t\t\t\t\t\t\t\t\t\t\t\t\t<span class=\"elementor-accordion-icon-closed\"><i class=\"fas fa-caret-down\"><\/i><\/span>\n\t\t\t\t\t\t\t\t\t\t\t\t\t\t\t\t\t<span class=\"elementor-accordion-icon-opened\"><i class=\"fas fa-caret-up\"><\/i><\/span>\n\t\t\t\t\t\t\t\t\t\t\t\t\t\t\t\t\t\t\t\t\t\t<\/span>\n\t\t\t\t\t\t\t\t\t\t\t\t\t\t\t\t\t\t<a class=\"elementor-accordion-title\" href=\"\">5. Cine perfecteaz\u0103 documentele pentru stabilirea ajutorului material?<\/a>\n\t\t\t\t\t<\/h4>\n\t\t\t\t\t<div id=\"elementor-tab-content-1695\" class=\"elementor-tab-content elementor-clearfix\" data-tab=\"5\" role=\"tabpanel\" aria-labelledby=\"elementor-tab-title-1695\"><p>Pachetul de documente se prezint\u0103 asistentului social comunitar, care ulterior \u00eentocme\u0219te ancheta social\u0103 \u0219i o prezint\u0103 Consiliului de Administare al FLSSP.<\/p><\/div>\n\t\t\t\t<\/div>\n\t\t\t\t\t\t\t<div class=\"elementor-accordion-item\">\n\t\t\t\t\t<h4 id=\"elementor-tab-title-1696\" class=\"elementor-tab-title the7-accordion-header\" data-tab=\"6\" role=\"tab\" aria-controls=\"elementor-tab-content-1696\">\n\n\t\t\t\t\t\t\t\t\t\t\t\t\t<span class=\"elementor-accordion-icon elementor-accordion-icon-left\" aria-hidden=\"true\">\n\t\t\t\t\t\t\t\t\t\t\t\t\t\t\t<span class=\"elementor-accordion-icon-closed\"><i class=\"fas fa-caret-down\"><\/i><\/span>\n\t\t\t\t\t\t\t\t\t\t\t\t\t\t\t\t\t<span class=\"elementor-accordion-icon-opened\"><i class=\"fas fa-caret-up\"><\/i><\/span>\n\t\t\t\t\t\t\t\t\t\t\t\t\t\t\t\t\t\t\t\t\t\t<\/span>\n\t\t\t\t\t\t\t\t\t\t\t\t\t\t\t\t\t\t<a class=\"elementor-accordion-title\" href=\"\">6. Unde se pl\u0103te\u0219te ajutorul material?<\/a>\n\t\t\t\t\t<\/h4>\n\t\t\t\t\t<div id=\"elementor-tab-content-1696\" class=\"elementor-tab-content elementor-clearfix\" data-tab=\"6\" role=\"tabpanel\" aria-labelledby=\"elementor-tab-title-1696\"><p class=\"active\">Ajutorul material se achit\u0103 prin intermediul filialelor \u00centreprinderii de Stat \u201ePo\u0219ta Moldovei\u201d sau al B\u0103ncii de Economii \u00een baza listelor prezentate de FLSSP.<\/p><\/div>\n\t\t\t\t<\/div>\n\t\t\t\t\t<\/div>\n\t\t\t\t<\/div>\n\t\t\t\t<\/div>\n\t\t\t\t\t<\/div>\n\t\t<\/div>\n\t\t\t\t\t\t\t<\/div>\n\t\t<\/section>\n\t\t\t\t\t\t\t<\/div>","protected":false},"excerpt":{"rendered":"<p>1. Ce este ajutorul material \u0219i cine poate beneficia de acest ajutor? Ajutorul material este o sum\u0103 b\u0103neasc\u0103, acordat\u0103 din sursele Fondului republican \u0219i fondurilor locale de sus\u021binere social\u0103 a popula\u021biei, care are menirea s\u0103 sus\u021bin\u0103 persoanele vulnerabile domiciliate \u00een Republica Moldova la procurarea produselor alimentare, m\u0103rfurilor industriale de prim\u0103 necesitate, medicamentelor, articolelor protetico-ortopedice, achitarea&hellip;<\/p>","protected":false},"author":1,"featured_media":0,"parent":14549,"menu_order":0,"comment_status":"closed","ping_status":"closed","template":"","meta":{"inline_featured_image":false,"footnotes":""},"_links":{"self":[{"href":"https:\/\/cimislia.md\/ru\/wp-json\/wp\/v2\/pages\/15184"}],"collection":[{"href":"https:\/\/cimislia.md\/ru\/wp-json\/wp\/v2\/pages"}],"about":[{"href":"https:\/\/cimislia.md\/ru\/wp-json\/wp\/v2\/types\/page"}],"author":[{"embeddable":true,"href":"https:\/\/cimislia.md\/ru\/wp-json\/wp\/v2\/users\/1"}],"replies":[{"embeddable":true,"href":"https:\/\/cimislia.md\/ru\/wp-json\/wp\/v2\/comments?post=15184"}],"version-history":[{"count":0,"href":"https:\/\/cimislia.md\/ru\/wp-json\/wp\/v2\/pages\/15184\/revisions"}],"up":[{"embeddable":true,"href":"https:\/\/cimislia.md\/ru\/wp-json\/wp\/v2\/pages\/14549"}],"wp:attachment":[{"href":"https:\/\/cimislia.md\/ru\/wp-json\/wp\/v2\/media?parent=15184"}],"curies":[{"name":"wp","href":"https:\/\/api.w.org\/{rel}","templated":true}]}}