{"id":15186,"date":"2023-10-05T16:39:07","date_gmt":"2023-10-05T13:39:07","guid":{"rendered":"https:\/\/cimislia.md\/?page_id=15186"},"modified":"2023-10-30T16:38:03","modified_gmt":"2023-10-30T14:38:03","slug":"ajutorul-de-somaj","status":"publish","type":"page","link":"https:\/\/cimislia.md\/ru\/orasul-si-oamenii\/beneficii-sociale-si-ajutoare\/ajutorul-de-somaj\/","title":{"rendered":"\u041f\u041e\u0421\u041e\u0411\u0418\u0415 \u041f\u041e \u0411\u0415\u0417\u0420\u0410\u0411\u041e\u0422\u0418\u0426\u0415"},"content":{"rendered":"<div data-elementor-type=\"wp-page\" data-elementor-id=\"15186\" class=\"elementor elementor-15186\">\n\t\t\t\t\t\t\t\t\t<section class=\"elementor-section elementor-top-section elementor-element elementor-element-11b59a6 elementor-section-boxed elementor-section-height-default elementor-section-height-default\" data-id=\"11b59a6\" data-element_type=\"section\">\n\t\t\t\t\t\t<div class=\"elementor-container elementor-column-gap-default\">\n\t\t\t\t\t<div class=\"elementor-column elementor-col-100 elementor-top-column elementor-element elementor-element-af82368\" data-id=\"af82368\" data-element_type=\"column\">\n\t\t\t<div class=\"elementor-widget-wrap elementor-element-populated\">\n\t\t\t\t\t\t\t\t<div class=\"elementor-element elementor-element-9299385 elementor-widget elementor-widget-the7-accordion\" data-id=\"9299385\" data-element_type=\"widget\" data-widget_type=\"the7-accordion.default\">\n\t\t\t\t<div class=\"elementor-widget-container\">\n\t\t\t\t\t<div class=\"elementor-accordion the7-adv-accordion animate-on-loading\" data-accordion-type=\"accordion\" role=\"tablist\">\n\t\t\t\t\t\t\t<div class=\"elementor-accordion-item\">\n\t\t\t\t\t<h4 id=\"elementor-tab-title-1531\" class=\"elementor-tab-title the7-accordion-header active-default\" data-tab=\"1\" role=\"tab\" aria-controls=\"elementor-tab-content-1531\">\n\n\t\t\t\t\t\t\t\t\t\t\t\t\t<span class=\"elementor-accordion-icon elementor-accordion-icon-left\" aria-hidden=\"true\">\n\t\t\t\t\t\t\t\t\t\t\t\t\t\t\t<span class=\"elementor-accordion-icon-closed\"><i class=\"fas fa-caret-down\"><\/i><\/span>\n\t\t\t\t\t\t\t\t\t\t\t\t\t\t\t\t\t<span class=\"elementor-accordion-icon-opened\"><i class=\"fas fa-caret-up\"><\/i><\/span>\n\t\t\t\t\t\t\t\t\t\t\t\t\t\t\t\t\t\t\t\t\t\t<\/span>\n\t\t\t\t\t\t\t\t\t\t\t\t\t\t\t\t\t\t<a class=\"elementor-accordion-title\" href=\"\">1. Descrierea serviciului<\/a>\n\t\t\t\t\t<\/h4>\n\t\t\t\t\t<div id=\"elementor-tab-content-1531\" class=\"elementor-tab-content elementor-clearfix active-default\" data-tab=\"1\" role=\"tabpanel\" aria-labelledby=\"elementor-tab-title-1531\"><p class=\"active\">\u00cen conformitate cu art.29 al Legii privind ocuparea for\u0163ei de munc\u0103 \u015fi protec\u0163ia social\u0103 a persoanelor aflate \u00een c\u0103utarea unui loc de munc\u0103, nr.<strong><a href=\"http:\/\/lex.justice.md\/index.php?action=view&amp;view=doc&amp;lang=1&amp;id=312729\" target=\"_blank\" rel=\"noopener\">102-XV<\/a><\/strong>\u00a0din 13 martie 2003, cu modific\u0103rile \u015fi complet\u0103rile ulterioare, acordarea ajutorului de \u015fomaj este o m\u0103sur\u0103 pasiv\u0103 de protec\u0163ie social\u0103 a \u015fomerilor asigura\u0163i.\u00a0<\/p><p class=\"active\">Eligibilitate:<br \/>&#8211; persoane cu statut de \u0219omer;\u00a0<br \/>&#8211; persoane care au cotizat la bugetul asigur\u0103rilor de stat, cel pu\u0163in 9 luni de zile (din 24 luni calendaristice premerg\u0103toare datei \u00eenregistr\u0103rii);\u00a0<br \/>&#8211; persoane care nu au venituri impozabile conform legii.<br \/>Ajutorul de \u015fomaj se stabile\u015fte diferen\u0163iat, \u00een func\u0163ie de circumstan\u0163ele \u00eencet\u0103rii muncii.\u00a0<\/p><\/div>\n\t\t\t\t<\/div>\n\t\t\t\t\t\t\t<div class=\"elementor-accordion-item\">\n\t\t\t\t\t<h4 id=\"elementor-tab-title-1532\" class=\"elementor-tab-title the7-accordion-header\" data-tab=\"2\" role=\"tab\" aria-controls=\"elementor-tab-content-1532\">\n\n\t\t\t\t\t\t\t\t\t\t\t\t\t<span class=\"elementor-accordion-icon elementor-accordion-icon-left\" aria-hidden=\"true\">\n\t\t\t\t\t\t\t\t\t\t\t\t\t\t\t<span class=\"elementor-accordion-icon-closed\"><i class=\"fas fa-caret-down\"><\/i><\/span>\n\t\t\t\t\t\t\t\t\t\t\t\t\t\t\t\t\t<span class=\"elementor-accordion-icon-opened\"><i class=\"fas fa-caret-up\"><\/i><\/span>\n\t\t\t\t\t\t\t\t\t\t\t\t\t\t\t\t\t\t\t\t\t\t<\/span>\n\t\t\t\t\t\t\t\t\t\t\t\t\t\t\t\t\t\t<a class=\"elementor-accordion-title\" href=\"\"> 2. Documente necesare pentru prestarea serviciului<\/a>\n\t\t\t\t\t<\/h4>\n\t\t\t\t\t<div id=\"elementor-tab-content-1532\" class=\"elementor-tab-content elementor-clearfix\" data-tab=\"2\" role=\"tabpanel\" aria-labelledby=\"elementor-tab-title-1532\"><p class=\"active\">1. beneficiarul trebuie s\u0103 fie \u00eenregistrat ca \u0219omer (cu documentele necesare);<br \/>2. p\u00e2n\u0103 la acordarea ajutorului de \u0219omaj se prezint\u0103 urm\u0103toarele acte (original \u0219i copie):<br \/>&#8211; buletinul de identitate;<br \/>&#8211; carnetul de munc\u0103;<br \/>&#8211; certificatul din prim\u0103rie;<br \/>&#8211; certificatul de studii;<br \/>&#8211; adeverin\u0163a privind salariul mediu, pentru stabilirea m\u0103rimii ajutorului de \u015fomaj;<br \/>&#8211; extras din contul de asigur\u0103ri sociale (de la CTAS);<br \/>&#8211; alte documente, dup\u0103 caz.<br \/>3. se analizeaz\u0103 actele depuse \u0219i se emite ordin cu privire la acordarea ajutorului de \u0219omaj;<br \/>4. beneficiarul ridic\u0103 suma \u00een numerar de la banc\u0103, cu prezentarea obligatorie a buletinului de identitate, conform listelor prezentate de c\u0103tre agen\u021bie.<br \/>Not\u0103: Nu beneficiaz\u0103 de ajutor de \u015fomaj, \u015fomerii care anterior au refuzat \u00een mod ne\u00eentemeiat ocuparea unui loc de munc\u0103, conform legisla\u0163iei, sau serviciile de stimulare a ocup\u0103rii, prestate de agen\u0163ie.<br \/>\u00a0<\/p><\/div>\n\t\t\t\t<\/div>\n\t\t\t\t\t\t\t<div class=\"elementor-accordion-item\">\n\t\t\t\t\t<h4 id=\"elementor-tab-title-1533\" class=\"elementor-tab-title the7-accordion-header\" data-tab=\"3\" role=\"tab\" aria-controls=\"elementor-tab-content-1533\">\n\n\t\t\t\t\t\t\t\t\t\t\t\t\t<span class=\"elementor-accordion-icon elementor-accordion-icon-left\" aria-hidden=\"true\">\n\t\t\t\t\t\t\t\t\t\t\t\t\t\t\t<span class=\"elementor-accordion-icon-closed\"><i class=\"fas fa-caret-down\"><\/i><\/span>\n\t\t\t\t\t\t\t\t\t\t\t\t\t\t\t\t\t<span class=\"elementor-accordion-icon-opened\"><i class=\"fas fa-caret-up\"><\/i><\/span>\n\t\t\t\t\t\t\t\t\t\t\t\t\t\t\t\t\t\t\t\t\t\t<\/span>\n\t\t\t\t\t\t\t\t\t\t\t\t\t\t\t\t\t\t<a class=\"elementor-accordion-title\" href=\"\">3. Adresa \u015fi datele de contact ale prestatorului<\/a>\n\t\t\t\t\t<\/h4>\n\t\t\t\t\t<div id=\"elementor-tab-content-1533\" class=\"elementor-tab-content elementor-clearfix\" data-tab=\"3\" role=\"tabpanel\" aria-labelledby=\"elementor-tab-title-1533\"><p class=\"active\"><strong>Agen\u0163ia\u00a0teritorial\u0103 (AOFM) &#8211; Cimi\u015flia<\/strong><br \/>\u0218ef AOFM:\u00a0S\u00eerbu Anastasia<br \/>Adresa:\u00a04100, or. Cimi\u015flia, bd. \u015et. cel Mare, 14<br \/>Tel:\u00a0241-23036; 23309<br \/>E-mail:\u00a0anastasia.sirbu@anofm.md<br \/>E-mail:\u00a0aofm.cimislia@anofm.md<\/p><p class=\"active\">\u00a0<\/p><p class=\"active\"><strong>Agen\u0163ia Na\u0163ional\u0103 de Ocupare a For\u0163ei de Munc\u0103<\/strong><br \/>MD-2009, Chisinau, Republica Moldova<br \/>str. Vasile Alecsandri, 1<br \/>Anticamera \u00a0022 -72 10 03<br \/>Fax 022-22 77 61<\/p><\/div>\n\t\t\t\t<\/div>\n\t\t\t\t\t\t\t<div class=\"elementor-accordion-item\">\n\t\t\t\t\t<h4 id=\"elementor-tab-title-1534\" class=\"elementor-tab-title the7-accordion-header\" data-tab=\"4\" role=\"tab\" aria-controls=\"elementor-tab-content-1534\">\n\n\t\t\t\t\t\t\t\t\t\t\t\t\t<span class=\"elementor-accordion-icon elementor-accordion-icon-left\" aria-hidden=\"true\">\n\t\t\t\t\t\t\t\t\t\t\t\t\t\t\t<span class=\"elementor-accordion-icon-closed\"><i class=\"fas fa-caret-down\"><\/i><\/span>\n\t\t\t\t\t\t\t\t\t\t\t\t\t\t\t\t\t<span class=\"elementor-accordion-icon-opened\"><i class=\"fas fa-caret-up\"><\/i><\/span>\n\t\t\t\t\t\t\t\t\t\t\t\t\t\t\t\t\t\t\t\t\t\t<\/span>\n\t\t\t\t\t\t\t\t\t\t\t\t\t\t\t\t\t\t<a class=\"elementor-accordion-title\" href=\"\"> 4. Acte normative<\/a>\n\t\t\t\t\t<\/h4>\n\t\t\t\t\t<div id=\"elementor-tab-content-1534\" class=\"elementor-tab-content elementor-clearfix\" data-tab=\"4\" role=\"tabpanel\" aria-labelledby=\"elementor-tab-title-1534\"><p class=\"active\"><u><a href=\"http:\/\/lex.justice.md\/index.php?action=view&amp;view=doc&amp;lang=1&amp;id=312729\" target=\"_blank\" rel=\"noopener\">Legea privind ocuparea for\u0163ei de munc\u0103 \u015fi protec\u0163ia social\u0103 a persoanelor aflate \u00een c\u0103utarea unui loc de munc\u0103<\/a><\/u><\/p><\/div>\n\t\t\t\t<\/div>\n\t\t\t\t\t<\/div>\n\t\t\t\t<\/div>\n\t\t\t\t<\/div>\n\t\t\t\t\t<\/div>\n\t\t<\/div>\n\t\t\t\t\t\t\t<\/div>\n\t\t<\/section>\n\t\t\t\t\t\t\t<\/div>","protected":false},"excerpt":{"rendered":"<p>1. Descrierea serviciului \u00cen conformitate cu art.29 al Legii privind ocuparea for\u0163ei de munc\u0103 \u015fi protec\u0163ia social\u0103 a persoanelor aflate \u00een c\u0103utarea unui loc de munc\u0103, nr.102-XV\u00a0din 13 martie 2003, cu modific\u0103rile \u015fi complet\u0103rile ulterioare, acordarea ajutorului de \u015fomaj este o m\u0103sur\u0103 pasiv\u0103 de protec\u0163ie social\u0103 a \u015fomerilor asigura\u0163i.\u00a0 Eligibilitate:&#8211; persoane cu statut de \u0219omer;\u00a0&#8211;&hellip;<\/p>","protected":false},"author":1,"featured_media":0,"parent":14549,"menu_order":0,"comment_status":"closed","ping_status":"closed","template":"","meta":{"inline_featured_image":false,"footnotes":""},"_links":{"self":[{"href":"https:\/\/cimislia.md\/ru\/wp-json\/wp\/v2\/pages\/15186"}],"collection":[{"href":"https:\/\/cimislia.md\/ru\/wp-json\/wp\/v2\/pages"}],"about":[{"href":"https:\/\/cimislia.md\/ru\/wp-json\/wp\/v2\/types\/page"}],"author":[{"embeddable":true,"href":"https:\/\/cimislia.md\/ru\/wp-json\/wp\/v2\/users\/1"}],"replies":[{"embeddable":true,"href":"https:\/\/cimislia.md\/ru\/wp-json\/wp\/v2\/comments?post=15186"}],"version-history":[{"count":0,"href":"https:\/\/cimislia.md\/ru\/wp-json\/wp\/v2\/pages\/15186\/revisions"}],"up":[{"embeddable":true,"href":"https:\/\/cimislia.md\/ru\/wp-json\/wp\/v2\/pages\/14549"}],"wp:attachment":[{"href":"https:\/\/cimislia.md\/ru\/wp-json\/wp\/v2\/media?parent=15186"}],"curies":[{"name":"wp","href":"https:\/\/api.w.org\/{rel}","templated":true}]}}