{"id":15196,"date":"2023-10-05T16:42:16","date_gmt":"2023-10-05T13:42:16","guid":{"rendered":"https:\/\/cimislia.md\/?page_id=15196"},"modified":"2023-10-30T16:47:43","modified_gmt":"2023-10-30T14:47:43","slug":"ajutorul-de-deces","status":"publish","type":"page","link":"https:\/\/cimislia.md\/ru\/orasul-si-oamenii\/beneficii-sociale-si-ajutoare\/ajutorul-de-deces\/","title":{"rendered":"\u041c\u0410\u0422\u0415\u0420\u0418\u0410\u041b\u042c\u041d\u0410\u042f \u041f\u041e\u041c\u041e\u0429\u042c \u0412 \u0421\u0412\u042f\u0417\u0418 \u0421\u041e \u0421\u041c\u0415\u0420\u0422\u042c\u042e"},"content":{"rendered":"<div data-elementor-type=\"wp-page\" data-elementor-id=\"15196\" class=\"elementor elementor-15196\">\n\t\t\t\t\t\t\t\t\t<section class=\"elementor-section elementor-top-section elementor-element elementor-element-f9ce361 elementor-section-boxed elementor-section-height-default elementor-section-height-default\" data-id=\"f9ce361\" data-element_type=\"section\">\n\t\t\t\t\t\t<div class=\"elementor-container elementor-column-gap-default\">\n\t\t\t\t\t<div class=\"elementor-column elementor-col-100 elementor-top-column elementor-element elementor-element-53f4744\" data-id=\"53f4744\" data-element_type=\"column\">\n\t\t\t<div class=\"elementor-widget-wrap elementor-element-populated\">\n\t\t\t\t\t\t\t\t<div class=\"elementor-element elementor-element-22a3f71 elementor-widget elementor-widget-the7-accordion\" data-id=\"22a3f71\" data-element_type=\"widget\" data-widget_type=\"the7-accordion.default\">\n\t\t\t\t<div class=\"elementor-widget-container\">\n\t\t\t\t\t<div class=\"elementor-accordion the7-adv-accordion animate-on-loading\" data-accordion-type=\"accordion\" role=\"tablist\">\n\t\t\t\t\t\t\t<div class=\"elementor-accordion-item\">\n\t\t\t\t\t<h4 id=\"elementor-tab-title-3631\" class=\"elementor-tab-title the7-accordion-header active-default\" data-tab=\"1\" role=\"tab\" aria-controls=\"elementor-tab-content-3631\">\n\n\t\t\t\t\t\t\t\t\t\t\t\t\t<span class=\"elementor-accordion-icon elementor-accordion-icon-left\" aria-hidden=\"true\">\n\t\t\t\t\t\t\t\t\t\t\t\t\t\t\t<span class=\"elementor-accordion-icon-closed\"><i class=\"fas fa-caret-down\"><\/i><\/span>\n\t\t\t\t\t\t\t\t\t\t\t\t\t\t\t\t\t<span class=\"elementor-accordion-icon-opened\"><i class=\"fas fa-caret-up\"><\/i><\/span>\n\t\t\t\t\t\t\t\t\t\t\t\t\t\t\t\t\t\t\t\t\t\t<\/span>\n\t\t\t\t\t\t\t\t\t\t\t\t\t\t\t\t\t\t<a class=\"elementor-accordion-title\" href=\"\">1. Descrierea serviciului<\/a>\n\t\t\t\t\t<\/h4>\n\t\t\t\t\t<div id=\"elementor-tab-content-3631\" class=\"elementor-tab-content elementor-clearfix active-default\" data-tab=\"1\" role=\"tabpanel\" aria-labelledby=\"elementor-tab-title-3631\"><p>Aceast\u0103 presta\u0163ie reprezint\u0103 o plat\u0103 unic\u0103 ce se acord\u0103 \u00een scopul sus\u0163inerii financiare a familiei decedatului sau a persoanei care a suportat cheltuielile de \u00eenmorm\u00e2ntare. Ajutorul de deces este acordat asigura\u0163ilor, indiferent de durata stagiului de cotizare, precum \u015fi persoanelor care nu \u00a0au \u00a0statut de asigurat, dar care confirm\u0103 stagiul de cotizare de cel pu\u0163in 3 ani.\u00a0<br \/>Persoane eligibile:<br \/>\u2022 Asiguratul din sistemul public de asigur\u0103ri sociale, indiferent de durata stagiului de cotizare;<br \/>\u2022 \u015eomerul cu drept de ajutor de \u015fomaj;\u00a0<br \/>\u2022 Pensionarul, beneficiar al unei pensii stabilit\u0103 \u00een sistemul public de asigur\u0103ri sociale;<br \/>\u2022 Orice persoan\u0103 care nu are statut de asigurat, dar care a realizat un stagiu de cotizare de cel pu\u0163in 3 ani;\u00a0<br \/>\u2022 Persoane neasigurate;<br \/>\u2022 Membrii familiilor care au fost \u00eentre\u0163inute de persoanele men\u0163ionate mai sus.\u00a0<br \/><br \/>Not\u0103! \u00a0Ajutorul de deces se acord\u0103 dac\u0103 de la data decesului nu au trecut mai mult de 12 luni.\u00a0<\/p><\/div>\n\t\t\t\t<\/div>\n\t\t\t\t\t\t\t<div class=\"elementor-accordion-item\">\n\t\t\t\t\t<h4 id=\"elementor-tab-title-3632\" class=\"elementor-tab-title the7-accordion-header\" data-tab=\"2\" role=\"tab\" aria-controls=\"elementor-tab-content-3632\">\n\n\t\t\t\t\t\t\t\t\t\t\t\t\t<span class=\"elementor-accordion-icon elementor-accordion-icon-left\" aria-hidden=\"true\">\n\t\t\t\t\t\t\t\t\t\t\t\t\t\t\t<span class=\"elementor-accordion-icon-closed\"><i class=\"fas fa-caret-down\"><\/i><\/span>\n\t\t\t\t\t\t\t\t\t\t\t\t\t\t\t\t\t<span class=\"elementor-accordion-icon-opened\"><i class=\"fas fa-caret-up\"><\/i><\/span>\n\t\t\t\t\t\t\t\t\t\t\t\t\t\t\t\t\t\t\t\t\t\t<\/span>\n\t\t\t\t\t\t\t\t\t\t\t\t\t\t\t\t\t\t<a class=\"elementor-accordion-title\" href=\"\">2. Documente necesare pentru prestarea serviciului<\/a>\n\t\t\t\t\t<\/h4>\n\t\t\t\t\t<div id=\"elementor-tab-content-3632\" class=\"elementor-tab-content elementor-clearfix\" data-tab=\"2\" role=\"tabpanel\" aria-labelledby=\"elementor-tab-title-3632\"><p>Solicitantul se prezint\u0103 la Prim\u0103ria ora\u0219ului Cimi\u0219lia (etajul 2, Anticamera, birou 28) \u00a0\u015fi depune urm\u0103toarele documente:<br \/><br \/>\u2022 actul de identitate al beneficiarului;<br \/>\u2022 Certificatul de deces.<\/p><p>\u00a0<\/p><\/div>\n\t\t\t\t<\/div>\n\t\t\t\t\t\t\t<div class=\"elementor-accordion-item\">\n\t\t\t\t\t<h4 id=\"elementor-tab-title-3633\" class=\"elementor-tab-title the7-accordion-header\" data-tab=\"3\" role=\"tab\" aria-controls=\"elementor-tab-content-3633\">\n\n\t\t\t\t\t\t\t\t\t\t\t\t\t<span class=\"elementor-accordion-icon elementor-accordion-icon-left\" aria-hidden=\"true\">\n\t\t\t\t\t\t\t\t\t\t\t\t\t\t\t<span class=\"elementor-accordion-icon-closed\"><i class=\"fas fa-caret-down\"><\/i><\/span>\n\t\t\t\t\t\t\t\t\t\t\t\t\t\t\t\t\t<span class=\"elementor-accordion-icon-opened\"><i class=\"fas fa-caret-up\"><\/i><\/span>\n\t\t\t\t\t\t\t\t\t\t\t\t\t\t\t\t\t\t\t\t\t\t<\/span>\n\t\t\t\t\t\t\t\t\t\t\t\t\t\t\t\t\t\t<a class=\"elementor-accordion-title\" href=\"\">3. Adresa \u015fi datele de contact ale prestatorului<\/a>\n\t\t\t\t\t<\/h4>\n\t\t\t\t\t<div id=\"elementor-tab-content-3633\" class=\"elementor-tab-content elementor-clearfix\" data-tab=\"3\" role=\"tabpanel\" aria-labelledby=\"elementor-tab-title-3633\"><p class=\"active\">Prim\u0103ria ora\u0219ului Cimi\u0219lia<\/p><p class=\"active\">Bd. \u0218tefan cel Mare 14<\/p><p class=\"active\">Specialist \u00een peti\u021bii \u0219i secretariat \u2013 Lidia Erhan,\u00a0etaj 2, Birou 28, Telefon (0241) 2-21-87<br \/>\u00a0<\/p><p>\u00a0<\/p><\/div>\n\t\t\t\t<\/div>\n\t\t\t\t\t\t\t<div class=\"elementor-accordion-item\">\n\t\t\t\t\t<h4 id=\"elementor-tab-title-3634\" class=\"elementor-tab-title the7-accordion-header\" data-tab=\"4\" role=\"tab\" aria-controls=\"elementor-tab-content-3634\">\n\n\t\t\t\t\t\t\t\t\t\t\t\t\t<span class=\"elementor-accordion-icon elementor-accordion-icon-left\" aria-hidden=\"true\">\n\t\t\t\t\t\t\t\t\t\t\t\t\t\t\t<span class=\"elementor-accordion-icon-closed\"><i class=\"fas fa-caret-down\"><\/i><\/span>\n\t\t\t\t\t\t\t\t\t\t\t\t\t\t\t\t\t<span class=\"elementor-accordion-icon-opened\"><i class=\"fas fa-caret-up\"><\/i><\/span>\n\t\t\t\t\t\t\t\t\t\t\t\t\t\t\t\t\t\t\t\t\t\t<\/span>\n\t\t\t\t\t\t\t\t\t\t\t\t\t\t\t\t\t\t<a class=\"elementor-accordion-title\" href=\"\">4. Programul de prestare a serviciului<\/a>\n\t\t\t\t\t<\/h4>\n\t\t\t\t\t<div id=\"elementor-tab-content-3634\" class=\"elementor-tab-content elementor-clearfix\" data-tab=\"4\" role=\"tabpanel\" aria-labelledby=\"elementor-tab-title-3634\"><p class=\"active\">Luni-vineri,\u00a0<\/p><p class=\"active\">9:00 &#8211; 12:00\u00a0<\/p><p>\u00a0<\/p><\/div>\n\t\t\t\t<\/div>\n\t\t\t\t\t\t\t<div class=\"elementor-accordion-item\">\n\t\t\t\t\t<h4 id=\"elementor-tab-title-3635\" class=\"elementor-tab-title the7-accordion-header\" data-tab=\"5\" role=\"tab\" aria-controls=\"elementor-tab-content-3635\">\n\n\t\t\t\t\t\t\t\t\t\t\t\t\t<span class=\"elementor-accordion-icon elementor-accordion-icon-left\" aria-hidden=\"true\">\n\t\t\t\t\t\t\t\t\t\t\t\t\t\t\t<span class=\"elementor-accordion-icon-closed\"><i class=\"fas fa-caret-down\"><\/i><\/span>\n\t\t\t\t\t\t\t\t\t\t\t\t\t\t\t\t\t<span class=\"elementor-accordion-icon-opened\"><i class=\"fas fa-caret-up\"><\/i><\/span>\n\t\t\t\t\t\t\t\t\t\t\t\t\t\t\t\t\t\t\t\t\t\t<\/span>\n\t\t\t\t\t\t\t\t\t\t\t\t\t\t\t\t\t\t<a class=\"elementor-accordion-title\" href=\"\">5. Costul \u0219i durata prest\u0103rii serviciului<\/a>\n\t\t\t\t\t<\/h4>\n\t\t\t\t\t<div id=\"elementor-tab-content-3635\" class=\"elementor-tab-content elementor-clearfix\" data-tab=\"5\" role=\"tabpanel\" aria-labelledby=\"elementor-tab-title-3635\"><p>Serviciul este gratuit. Durata prest\u0103rii serviciului este de o zi de la data depunerii cererii \u015fi a tuturor actelor necesare, ajutorul de deces fiind achitat \u00een cel pu\u0163in trei zile lucr\u0103toare de la data aprob\u0103rii cererii. Ridicarea ajutorului de deces se face de la la oficiul po\u015ftal din localitate, \u00een baza buletinului de identitate.<\/p><p>\u00a0<\/p><\/div>\n\t\t\t\t<\/div>\n\t\t\t\t\t\t\t<div class=\"elementor-accordion-item\">\n\t\t\t\t\t<h4 id=\"elementor-tab-title-3636\" class=\"elementor-tab-title the7-accordion-header\" data-tab=\"6\" role=\"tab\" aria-controls=\"elementor-tab-content-3636\">\n\n\t\t\t\t\t\t\t\t\t\t\t\t\t<span class=\"elementor-accordion-icon elementor-accordion-icon-left\" aria-hidden=\"true\">\n\t\t\t\t\t\t\t\t\t\t\t\t\t\t\t<span class=\"elementor-accordion-icon-closed\"><i class=\"fas fa-caret-down\"><\/i><\/span>\n\t\t\t\t\t\t\t\t\t\t\t\t\t\t\t\t\t<span class=\"elementor-accordion-icon-opened\"><i class=\"fas fa-caret-up\"><\/i><\/span>\n\t\t\t\t\t\t\t\t\t\t\t\t\t\t\t\t\t\t\t\t\t\t<\/span>\n\t\t\t\t\t\t\t\t\t\t\t\t\t\t\t\t\t\t<a class=\"elementor-accordion-title\" href=\"\">6. Acte normative<\/a>\n\t\t\t\t\t<\/h4>\n\t\t\t\t\t<div id=\"elementor-tab-content-3636\" class=\"elementor-tab-content elementor-clearfix\" data-tab=\"6\" role=\"tabpanel\" aria-labelledby=\"elementor-tab-title-3636\"><p class=\"active\"><u><a href=\"http:\/\/lex.justice.md\/index.php?action=view&amp;view=doc&amp;lang=1&amp;id=311676\" target=\"_blank\" rel=\"noopener\">Legea privind aloca\u0163iile sociale de stat pentru unele categorii de cet\u0103\u0163eni<\/a><\/u><\/p><p class=\"active\"><u><a href=\"http:\/\/lex.justice.md\/index.php?action=view&amp;view=doc&amp;lang=1&amp;id=313082\" target=\"_blank\" rel=\"noopener\">Legea privind indemniza\u0163iile pentru incapacitate temporar\u0103 de munc\u0103 \u015fi alte presta\u0163ii de asigur\u0103ri sociale<\/a><\/u><br \/>\u00a0<\/p><p>\u00a0<\/p><\/div>\n\t\t\t\t<\/div>\n\t\t\t\t\t<\/div>\n\t\t\t\t<\/div>\n\t\t\t\t<\/div>\n\t\t\t\t\t<\/div>\n\t\t<\/div>\n\t\t\t\t\t\t\t<\/div>\n\t\t<\/section>\n\t\t\t\t\t\t\t<\/div>","protected":false},"excerpt":{"rendered":"<p>1. Descrierea serviciului Aceast\u0103 presta\u0163ie reprezint\u0103 o plat\u0103 unic\u0103 ce se acord\u0103 \u00een scopul sus\u0163inerii financiare a familiei decedatului sau a persoanei care a suportat cheltuielile de \u00eenmorm\u00e2ntare. Ajutorul de deces este acordat asigura\u0163ilor, indiferent de durata stagiului de cotizare, precum \u015fi persoanelor care nu \u00a0au \u00a0statut de asigurat, dar care confirm\u0103 stagiul de cotizare&hellip;<\/p>","protected":false},"author":1,"featured_media":0,"parent":14549,"menu_order":0,"comment_status":"closed","ping_status":"closed","template":"","meta":{"inline_featured_image":false,"footnotes":""},"_links":{"self":[{"href":"https:\/\/cimislia.md\/ru\/wp-json\/wp\/v2\/pages\/15196"}],"collection":[{"href":"https:\/\/cimislia.md\/ru\/wp-json\/wp\/v2\/pages"}],"about":[{"href":"https:\/\/cimislia.md\/ru\/wp-json\/wp\/v2\/types\/page"}],"author":[{"embeddable":true,"href":"https:\/\/cimislia.md\/ru\/wp-json\/wp\/v2\/users\/1"}],"replies":[{"embeddable":true,"href":"https:\/\/cimislia.md\/ru\/wp-json\/wp\/v2\/comments?post=15196"}],"version-history":[{"count":0,"href":"https:\/\/cimislia.md\/ru\/wp-json\/wp\/v2\/pages\/15196\/revisions"}],"up":[{"embeddable":true,"href":"https:\/\/cimislia.md\/ru\/wp-json\/wp\/v2\/pages\/14549"}],"wp:attachment":[{"href":"https:\/\/cimislia.md\/ru\/wp-json\/wp\/v2\/media?parent=15196"}],"curies":[{"name":"wp","href":"https:\/\/api.w.org\/{rel}","templated":true}]}}