{"id":15212,"date":"2023-10-05T16:54:45","date_gmt":"2023-10-05T13:54:45","guid":{"rendered":"https:\/\/cimislia.md\/?page_id=15212"},"modified":"2026-01-22T13:57:36","modified_gmt":"2026-01-22T11:57:36","slug":"autorizatia-pentru-unitati-comerciale","status":"publish","type":"page","link":"https:\/\/cimislia.md\/ru\/orasul-si-oamenii\/autorizatii-si-certificate\/autorizatia-pentru-unitati-comerciale\/","title":{"rendered":"\u0410\u0412\u0422\u041e\u0420\u0418\u0417\u0410\u0426\u0418\u042f \u0414\u041b\u042f \u0420\u0410\u0417\u041c\u0415\u0429\u0415\u041d\u0418\u042f \u0422\u041e\u0420\u0413\u041e\u0412\u041e\u0413\u041e \u041e\u0411\u042a\u0415\u041a\u0422\u0410"},"content":{"rendered":"<div data-elementor-type=\"wp-page\" data-elementor-id=\"15212\" class=\"elementor elementor-15212\">\n\t\t\t\t\t\t\t\t\t<section class=\"elementor-section elementor-top-section elementor-element elementor-element-2d610f0 elementor-section-boxed elementor-section-height-default elementor-section-height-default\" data-id=\"2d610f0\" data-element_type=\"section\">\n\t\t\t\t\t\t<div class=\"elementor-container elementor-column-gap-default\">\n\t\t\t\t\t<div class=\"elementor-column elementor-col-100 elementor-top-column elementor-element elementor-element-291a082\" data-id=\"291a082\" data-element_type=\"column\">\n\t\t\t<div class=\"elementor-widget-wrap elementor-element-populated\">\n\t\t\t\t\t\t\t\t<div class=\"elementor-element elementor-element-dede5d8 elementor-widget elementor-widget-text-editor\" data-id=\"dede5d8\" data-element_type=\"widget\" data-widget_type=\"text-editor.default\">\n\t\t\t\t<div class=\"elementor-widget-container\">\n\t\t\t\t\t\t\t<p>Autoriza\u0163ia de activitate comercial\u0103 este un act administrativ individual ce atest\u0103 dreptul titularului autoriza\u0163iei de a desf\u0103\u015fura activitatea \u00een unitatea comercial\u0103 \u015fi\/sau de prest\u0103ri servicii \u00een locul (terenul, localul, incinta) stabilit, pentru o perioad\u0103 stabilit\u0103, cu respectarea obligatorie a condi\u0163iilor de autorizare prev\u0103zute de legisla\u0163ie.<\/p><p>Lista actelor necesare pentru ob\u0163inerea serviciului<\/p><ul><li>Cerere tipzat\u0103\u00a0<\/li><li>Extrasul actualizat din Registrul de stat al persoanelor juridice \u015fi \u00eentreprinz\u0103torilor individuali, certificatul de \u00eenregistrare \u0219i\/sau sau orice alt act similar.<\/li><li>Extrasul actualizat din Registrul bunurilor imobile asupra imobilului cu destina\u0163ie nelocativ\u0103, eliberat de c\u0103tre Oficiul Cadastral Teritorial.<\/li><li>Contractul de loca\u0163iune pentru unit\u0103\u0163ile amplasate \u00een \u00eenc\u0103peri \u00eenchiriate cu extrasul din Registrul bunurilor imobile care confirm\u0103 dreptul de proprietate al locatorului.<\/li><li>Contractul de loca\u0163iune a terenului sau titlul de autentificare a de\u0163in\u0103torului de teren.<\/li><li>Contractul de folosin\u021b\u0103 a terenului \u2013 pentru unit\u0103\u021bile comerciale amplasate pe terenuri ce apar\u0163in Prim\u0103riei.<\/li><li>Schema de amplasare a unit\u0103\u0163ii comerciale \u2013 pentru unit\u0103\u021bile comerciale mobile. Pentru pavilioane se anexeaz\u0103 \u0219i procesul verbal de recep\u0163ie final\u0103.<\/li><li>Autoriza\u0163ia sanitar\u0103 de func\u0163ionare \u2013 pentru unit\u0103\u0163ile comerciale de alimenta\u0163ie public\u0103;<\/li><li>Autoriza\u0163ia sanitar-veterinar\u0103 de func\u0163ionare \u2013 pentru t\u00e2rgurile de animale, pie\u0163ele agricole \u0219i agroalimentare ce dispun de hale pentru comercializarea produselor de origine animalier\u0103 \u00een stare proasp\u0103t\u0103.<\/li><li>Acordul din partea locatarilor din nemijlocita vecin\u0103tate \u2013 \u00een cazul amplas\u0103rii unit\u0103\u0163ilor comerciale \u00een blocurile locative.<\/li><li>Licen\u0163a pentru desf\u0103\u0219urarea genurilor de activitate supuse licen\u0163ierii.<\/li><\/ul><p><strong>Date de contact:<\/strong><\/p><p>Specialist Ghi\u0219eul unic de informare \u2013\u00a0 Vlas Diana, Prim\u0103ria ora\u0219ului Cimi\u0219lia, etaj 1, Telefon (0241) 2-10-76<br \/>Program de lucru: 08-17.00<\/p>\t\t\t\t\t\t<\/div>\n\t\t\t\t<\/div>\n\t\t\t\t\t<\/div>\n\t\t<\/div>\n\t\t\t\t\t\t\t<\/div>\n\t\t<\/section>\n\t\t\t\t\t\t\t<\/div>","protected":false},"excerpt":{"rendered":"<p>Autoriza\u0163ia de activitate comercial\u0103 este un act administrativ individual ce atest\u0103 dreptul titularului autoriza\u0163iei de a desf\u0103\u015fura activitatea \u00een unitatea comercial\u0103 \u015fi\/sau de prest\u0103ri servicii \u00een locul (terenul, localul, incinta) stabilit, pentru o perioad\u0103 stabilit\u0103, cu respectarea obligatorie a condi\u0163iilor de autorizare prev\u0103zute de legisla\u0163ie. Lista actelor necesare pentru ob\u0163inerea serviciului Cerere tipzat\u0103\u00a0 Extrasul actualizat&hellip;<\/p>","protected":false},"author":1,"featured_media":0,"parent":14551,"menu_order":0,"comment_status":"closed","ping_status":"closed","template":"","meta":{"inline_featured_image":false,"footnotes":""},"_links":{"self":[{"href":"https:\/\/cimislia.md\/ru\/wp-json\/wp\/v2\/pages\/15212"}],"collection":[{"href":"https:\/\/cimislia.md\/ru\/wp-json\/wp\/v2\/pages"}],"about":[{"href":"https:\/\/cimislia.md\/ru\/wp-json\/wp\/v2\/types\/page"}],"author":[{"embeddable":true,"href":"https:\/\/cimislia.md\/ru\/wp-json\/wp\/v2\/users\/1"}],"replies":[{"embeddable":true,"href":"https:\/\/cimislia.md\/ru\/wp-json\/wp\/v2\/comments?post=15212"}],"version-history":[{"count":3,"href":"https:\/\/cimislia.md\/ru\/wp-json\/wp\/v2\/pages\/15212\/revisions"}],"predecessor-version":[{"id":22538,"href":"https:\/\/cimislia.md\/ru\/wp-json\/wp\/v2\/pages\/15212\/revisions\/22538"}],"up":[{"embeddable":true,"href":"https:\/\/cimislia.md\/ru\/wp-json\/wp\/v2\/pages\/14551"}],"wp:attachment":[{"href":"https:\/\/cimislia.md\/ru\/wp-json\/wp\/v2\/media?parent=15212"}],"curies":[{"name":"wp","href":"https:\/\/api.w.org\/{rel}","templated":true}]}}