{"id":15214,"date":"2023-10-05T16:55:14","date_gmt":"2023-10-05T13:55:14","guid":{"rendered":"https:\/\/cimislia.md\/?page_id=15214"},"modified":"2026-01-22T14:18:33","modified_gmt":"2026-01-22T12:18:33","slug":"autorizatia-de-constructie","status":"publish","type":"page","link":"https:\/\/cimislia.md\/ru\/orasul-si-oamenii\/autorizatii-si-certificate\/autorizatia-de-constructie\/","title":{"rendered":"\u0420\u0410\u0417\u0420\u0415\u0428\u0415\u041d\u0418\u0415 \u041d\u0410 \u0421\u0422\u0420\u041e\u0418\u0422\u0415\u041b\u042c\u0421\u0422\u0412\u041e"},"content":{"rendered":"<div data-elementor-type=\"wp-page\" data-elementor-id=\"15214\" class=\"elementor elementor-15214\">\n\t\t\t\t\t\t\t\t\t<section class=\"elementor-section elementor-top-section elementor-element elementor-element-c7af17c elementor-section-boxed elementor-section-height-default elementor-section-height-default\" data-id=\"c7af17c\" data-element_type=\"section\">\n\t\t\t\t\t\t<div class=\"elementor-container elementor-column-gap-default\">\n\t\t\t\t\t<div class=\"elementor-column elementor-col-100 elementor-top-column elementor-element elementor-element-301b161\" data-id=\"301b161\" data-element_type=\"column\">\n\t\t\t<div class=\"elementor-widget-wrap elementor-element-populated\">\n\t\t\t\t\t\t\t\t<div class=\"elementor-element elementor-element-d1b6be1 elementor-widget elementor-widget-text-editor\" data-id=\"d1b6be1\" data-element_type=\"widget\" data-widget_type=\"text-editor.default\">\n\t\t\t\t<div class=\"elementor-widget-container\">\n\t\t\t\t\t\t\t<p><strong>Ce este AC?<\/strong><\/p><p>Autoriza\u0163ia de construire (AC) este un document, eliberat de c\u0103tre prim\u0103ria localit\u0103\u0163ii, prin care se permite executarea lucr\u0103rilor de construc\u0163ie \u00een temeiul \u015fi cu respectarea certificatului de urbanism pentru proiectare \u015fi a documenta\u0163iei de proiect elaborate, avizate, verificate \u015fi aprobate.<\/p><p><strong>Care sunt cerin\u0163ele pentru\u00a0 ob\u0163inerea AC?<\/strong><\/p><p>Pentru a ob\u0163ine AC, solicitantul depune o cerere la prim\u0103ria localit\u0103\u0163ii, anex\u00eend urm\u0103toarele documente:<\/p><ul><li>extrasul din registrul bunurilor imobile, eliberat de c\u0103tre oficiul cadastral teritorial, planul cadastral \u015fi\/sau planul imobilului;<\/li><li>certificatul de urbanism pentru proiectare;<\/li><li>extrasul din documenta\u0163ia de proiect care include compartimentele: memoriu explicativ, plan general (plan de situa\u0163ie, plan trasare), fa\u0163ade, solu\u0163ii cromatice, proiect de organizare a execut\u0103rii\u00a0 lucr\u0103rilor de construc\u0163ie, avizate de c\u0103tre arhitectul-\u015fef;<\/li><li>avizele de verificare a documenta\u0163iei de proiect (compartimentele: plan general, arhitectur\u0103, rezisten\u0163\u0103) sau raportul unic de verificare a documenta\u0163iei de proiect; &#8211; buletinul de identitate\u00a0 (pentru persoanele fizice) sau certificatul de \u00eenregistrare (pentru persoanele juridice); &#8211; contractul\u00a0 privind supravegherea de autor, semnat de c\u0103tre solicitant \u015fi proiectant.<\/li><\/ul><p><strong>Care este durata ob\u0163inerii AC?<\/strong><\/p><p>Prim\u0103ria emite solicitantului AC \u00een cel mult 10 zile lucr\u0103toare de la data \u00eenregistr\u0103rii cererii.<\/p><p><strong>Ce trebuie s\u0103 con\u0163in\u0103 AC?<\/strong><\/p><p>Autoriza\u0163ia de construire cuprinde date privind:<\/p><ul><li>locul amplas\u0103rii imobilului\/terenului;<\/li><li>condi\u0163iile\u00a0 speciale\u00a0 de executare a lucr\u0103rilor de construc\u0163ie;<\/li><li>institu\u0163ia de proiectare;<\/li><li>termenul de \u00eencepere a lucr\u0103rilor de construc\u0163ie;<\/li><li>durata execut\u0103rii lucr\u0103rilor de construc\u0163ie.<\/li><\/ul><p><strong>Date de contact:<\/strong><\/p><p>Arhitect \u0219ef &#8211; Sava Victor, Prim\u0103ria ora\u0219ului Cimi\u0219lia, etajul II, Biroul 16, Telefon (0241) 2-10-73<\/p>\t\t\t\t\t\t<\/div>\n\t\t\t\t<\/div>\n\t\t\t\t\t<\/div>\n\t\t<\/div>\n\t\t\t\t\t\t\t<\/div>\n\t\t<\/section>\n\t\t\t\t\t\t\t<\/div>","protected":false},"excerpt":{"rendered":"<p>Ce este AC? Autoriza\u0163ia de construire (AC) este un document, eliberat de c\u0103tre prim\u0103ria localit\u0103\u0163ii, prin care se permite executarea lucr\u0103rilor de construc\u0163ie \u00een temeiul \u015fi cu respectarea certificatului de urbanism pentru proiectare \u015fi a documenta\u0163iei de proiect elaborate, avizate, verificate \u015fi aprobate. Care sunt cerin\u0163ele pentru\u00a0 ob\u0163inerea AC? Pentru a ob\u0163ine AC, solicitantul depune&hellip;<\/p>","protected":false},"author":1,"featured_media":0,"parent":14551,"menu_order":0,"comment_status":"closed","ping_status":"closed","template":"","meta":{"inline_featured_image":false,"footnotes":""},"_links":{"self":[{"href":"https:\/\/cimislia.md\/ru\/wp-json\/wp\/v2\/pages\/15214"}],"collection":[{"href":"https:\/\/cimislia.md\/ru\/wp-json\/wp\/v2\/pages"}],"about":[{"href":"https:\/\/cimislia.md\/ru\/wp-json\/wp\/v2\/types\/page"}],"author":[{"embeddable":true,"href":"https:\/\/cimislia.md\/ru\/wp-json\/wp\/v2\/users\/1"}],"replies":[{"embeddable":true,"href":"https:\/\/cimislia.md\/ru\/wp-json\/wp\/v2\/comments?post=15214"}],"version-history":[{"count":6,"href":"https:\/\/cimislia.md\/ru\/wp-json\/wp\/v2\/pages\/15214\/revisions"}],"predecessor-version":[{"id":22550,"href":"https:\/\/cimislia.md\/ru\/wp-json\/wp\/v2\/pages\/15214\/revisions\/22550"}],"up":[{"embeddable":true,"href":"https:\/\/cimislia.md\/ru\/wp-json\/wp\/v2\/pages\/14551"}],"wp:attachment":[{"href":"https:\/\/cimislia.md\/ru\/wp-json\/wp\/v2\/media?parent=15214"}],"curies":[{"name":"wp","href":"https:\/\/api.w.org\/{rel}","templated":true}]}}