{"id":15219,"date":"2023-10-05T16:56:28","date_gmt":"2023-10-05T13:56:28","guid":{"rendered":"https:\/\/cimislia.md\/?page_id=15219"},"modified":"2026-01-22T14:20:32","modified_gmt":"2026-01-22T12:20:32","slug":"autorizatia-de-desfiintare","status":"publish","type":"page","link":"https:\/\/cimislia.md\/ru\/orasul-si-oamenii\/autorizatii-si-certificate\/autorizatia-de-desfiintare\/","title":{"rendered":"\u0420\u0410\u0417\u0420\u0415\u0428\u0415\u041d\u0418\u0415 \u041d\u0410 \u0421\u041d\u041e\u0421"},"content":{"rendered":"<div data-elementor-type=\"wp-page\" data-elementor-id=\"15219\" class=\"elementor elementor-15219\">\n\t\t\t\t\t\t\t\t\t<section class=\"elementor-section elementor-top-section elementor-element elementor-element-3c01c23 elementor-section-boxed elementor-section-height-default elementor-section-height-default\" data-id=\"3c01c23\" data-element_type=\"section\">\n\t\t\t\t\t\t<div class=\"elementor-container elementor-column-gap-default\">\n\t\t\t\t\t<div class=\"elementor-column elementor-col-100 elementor-top-column elementor-element elementor-element-9435423\" data-id=\"9435423\" data-element_type=\"column\">\n\t\t\t<div class=\"elementor-widget-wrap elementor-element-populated\">\n\t\t\t\t\t\t\t\t<div class=\"elementor-element elementor-element-5249f1f elementor-widget elementor-widget-text-editor\" data-id=\"5249f1f\" data-element_type=\"widget\" data-widget_type=\"text-editor.default\">\n\t\t\t\t<div class=\"elementor-widget-container\">\n\t\t\t\t\t\t\t<p><strong>Ce este AD?<\/strong><\/p><p>AD este un document eliberat de c\u0103tre prim\u0103rie, prin care se autorizeaz\u0103 executarea lucr\u0103rilor de demolare, total\u0103 sau par\u0163ial\u0103, a unei construc\u0163ii\/ amenaj\u0103ri.<\/p><p><strong>Care s\u00eent cerin\u0163ele pentru ob\u0163inerea AD?<\/strong><\/p><p>Pentru a ob\u0163ine AD solicitantul depune o cerere la prim\u0103ria localit\u0103\u0163ii. La cerere se anexeaz\u0103 urm\u0103toarele documente:<\/p><ul><li>extrasul din registrul bunurilor imobile, eliberat de c\u0103tre oficiul cadastral teritorial, planul cadastral \u015fi\/sau planul imobilului;<\/li><li>proiectul de organizare a execut\u0103rii lucr\u0103rilor de desfiin\u0163are, avizat de c\u0103tre arhitectul-\u015fef;<\/li><li>buletinul de identitate\u00a0 (pentru persoanele fizice) sau certificatul de \u00eenregistrare (pentru persoanele juridice);<\/li><li>expertiza tehnic\u0103, \u00een cazul desfiin\u0163\u0103rii par\u0163iale a imobilului;<\/li><li>acordul autentificat notarial al coproprietarilor de imobil\/teren, ale c\u0103ror interesele pot fi afectate nemijlocit \u00een procesul execut\u0103rii lucr\u0103rilor de desfiin\u0163are total\u0103 sau par\u0163ial\u0103 a imobilului.<\/li><\/ul><p><strong>Care este durata ob\u0163inerii AD?<\/strong><\/p><p>Prim\u0103ria emite solicitantului AD \u00een cel mult 10 zile lucr\u0103toare de la data \u00eenregistr\u0103rii cererii.<\/p><p><strong>Date de contact:<\/strong><\/p><p>Arhitect \u0219ef &#8211; Sava Victor, Prim\u0103ria ora\u0219ului Cimi\u0219lia, etajul II, Biroul 16, Telefon (0241) 2-10-73<\/p>\t\t\t\t\t\t<\/div>\n\t\t\t\t<\/div>\n\t\t\t\t\t<\/div>\n\t\t<\/div>\n\t\t\t\t\t\t\t<\/div>\n\t\t<\/section>\n\t\t\t\t\t\t\t<\/div>","protected":false},"excerpt":{"rendered":"<p>Ce este AD? AD este un document eliberat de c\u0103tre prim\u0103rie, prin care se autorizeaz\u0103 executarea lucr\u0103rilor de demolare, total\u0103 sau par\u0163ial\u0103, a unei construc\u0163ii\/ amenaj\u0103ri. Care s\u00eent cerin\u0163ele pentru ob\u0163inerea AD? Pentru a ob\u0163ine AD solicitantul depune o cerere la prim\u0103ria localit\u0103\u0163ii. La cerere se anexeaz\u0103 urm\u0103toarele documente: extrasul din registrul bunurilor imobile, eliberat&hellip;<\/p>","protected":false},"author":1,"featured_media":0,"parent":14551,"menu_order":0,"comment_status":"closed","ping_status":"closed","template":"","meta":{"inline_featured_image":false,"footnotes":""},"_links":{"self":[{"href":"https:\/\/cimislia.md\/ru\/wp-json\/wp\/v2\/pages\/15219"}],"collection":[{"href":"https:\/\/cimislia.md\/ru\/wp-json\/wp\/v2\/pages"}],"about":[{"href":"https:\/\/cimislia.md\/ru\/wp-json\/wp\/v2\/types\/page"}],"author":[{"embeddable":true,"href":"https:\/\/cimislia.md\/ru\/wp-json\/wp\/v2\/users\/1"}],"replies":[{"embeddable":true,"href":"https:\/\/cimislia.md\/ru\/wp-json\/wp\/v2\/comments?post=15219"}],"version-history":[{"count":3,"href":"https:\/\/cimislia.md\/ru\/wp-json\/wp\/v2\/pages\/15219\/revisions"}],"predecessor-version":[{"id":22553,"href":"https:\/\/cimislia.md\/ru\/wp-json\/wp\/v2\/pages\/15219\/revisions\/22553"}],"up":[{"embeddable":true,"href":"https:\/\/cimislia.md\/ru\/wp-json\/wp\/v2\/pages\/14551"}],"wp:attachment":[{"href":"https:\/\/cimislia.md\/ru\/wp-json\/wp\/v2\/media?parent=15219"}],"curies":[{"name":"wp","href":"https:\/\/api.w.org\/{rel}","templated":true}]}}