{"id":15229,"date":"2023-10-05T16:59:26","date_gmt":"2023-10-05T13:59:26","guid":{"rendered":"https:\/\/cimislia.md\/?page_id=15229"},"modified":"2026-01-22T14:26:07","modified_gmt":"2026-01-22T12:26:07","slug":"certificat-privind-lipsa-existenta-restantelor","status":"publish","type":"page","link":"https:\/\/cimislia.md\/ru\/orasul-si-oamenii\/autorizatii-si-certificate\/certificat-privind-lipsa-existenta-restantelor\/","title":{"rendered":"\u0421\u0415\u0420\u0422\u0418\u0424\u0418\u041a\u0410\u0422 \u041e\u0411 \u041e\u0422\u0421\u0423\u0422\u0421\u0422\u0412\u0418\u0418 \/ \u041d\u0410\u041b\u0418\u0427\u0418\u0418 \u0417\u0410\u0414\u041e\u041b\u0416\u0415\u041d\u041d\u041e\u0421\u0422\u0418"},"content":{"rendered":"<div data-elementor-type=\"wp-page\" data-elementor-id=\"15229\" class=\"elementor elementor-15229\">\n\t\t\t\t\t\t\t\t\t<section class=\"elementor-section elementor-top-section elementor-element elementor-element-db6f86b elementor-section-boxed elementor-section-height-default elementor-section-height-default\" data-id=\"db6f86b\" data-element_type=\"section\">\n\t\t\t\t\t\t<div class=\"elementor-container elementor-column-gap-default\">\n\t\t\t\t\t<div class=\"elementor-column elementor-col-100 elementor-top-column elementor-element elementor-element-bdda8d2\" data-id=\"bdda8d2\" data-element_type=\"column\">\n\t\t\t<div class=\"elementor-widget-wrap elementor-element-populated\">\n\t\t\t\t\t\t\t\t<div class=\"elementor-element elementor-element-73267e2 elementor-widget elementor-widget-text-editor\" data-id=\"73267e2\" data-element_type=\"widget\" data-widget_type=\"text-editor.default\">\n\t\t\t\t<div class=\"elementor-widget-container\">\n\t\t\t\t\t\t\t<p>Certificat despre lipsa sau existen\u0163a restan\u0163elor fa\u0163\u0103 de buget reprezint\u0103 un document eliberat de Serviciul de Colectarea a Taxelor \u015fi Impozitelor Locale care atest\u0103 faptul onor\u0103rii obliga\u0163iilor fiscale ale contribuabilului fa\u0163\u0103 de bugetul local.<\/p><p>Certificatul despre lipsa sau existen\u0163a restan\u0163elor fa\u0163\u0103 de buget este un act necesar: (i) autentific\u0103rii notariale a \u00eenstr\u0103in\u0103rii bunurilor imobile; (ii) autentific\u0103rii notariale a contractelor de gaj; (iii) scoaterii de la eviden\u0163\u0103 a persoanei fizice de la Direc\u0163ia de Documentare a Popula\u0163iei; \u015fi (iv) eliber\u0103rii certificatului privind lipsa sau existen\u0163a restan\u0163elor fa\u0163\u0103 de bugetul na\u0163ional.<\/p><p><strong>Lista actelor necesare pentru ob\u0163inerea serviciului<\/strong><\/p><ul><li>Cererea in form\u0103 liber\u0103 (cu indicarea obligatorie a scopului ob\u0163inerii certificatului);<\/li><li>Copia buletinului de identitate al solicitantului;<\/li><li>Procur\u0103 autentificat\u0103 notarial (\u00een cazul solicit\u0103rii certificatului prin intermediul reprezentantului).<\/li><li>Certificat privind lipsa sau existen\u021ba restan\u021belor la serviciile comunale (evacuare gunoi \u0219i aprovizionarea cu ap\u0103), fa\u021b\u0103 de \u00ce.M. \u201eServicii Publice Cimi\u0219lia\u201d.<\/li><\/ul><p><strong>Termenul ob\u0163inerii serviciului:<\/strong><\/p><p>3 zile lucr\u0103toare din momentul depunerii actelor<\/p><p><strong>Date de contact:<\/strong><\/p><p>Perceptor fiscal \u2013 Maria Ghenciu, Prim\u0103ria ora\u0219ului Cimi\u0219lia, etajul II, Biroul 28, Telefon (0241) 2-10-75<br \/>Program de lucru: 08-17.00<\/p>\t\t\t\t\t\t<\/div>\n\t\t\t\t<\/div>\n\t\t\t\t\t<\/div>\n\t\t<\/div>\n\t\t\t\t\t\t\t<\/div>\n\t\t<\/section>\n\t\t\t\t\t\t\t<\/div>","protected":false},"excerpt":{"rendered":"<p>Certificat despre lipsa sau existen\u0163a restan\u0163elor fa\u0163\u0103 de buget reprezint\u0103 un document eliberat de Serviciul de Colectarea a Taxelor \u015fi Impozitelor Locale care atest\u0103 faptul onor\u0103rii obliga\u0163iilor fiscale ale contribuabilului fa\u0163\u0103 de bugetul local. Certificatul despre lipsa sau existen\u0163a restan\u0163elor fa\u0163\u0103 de buget este un act necesar: (i) autentific\u0103rii notariale a \u00eenstr\u0103in\u0103rii bunurilor imobile; (ii)&hellip;<\/p>","protected":false},"author":1,"featured_media":0,"parent":14551,"menu_order":0,"comment_status":"closed","ping_status":"closed","template":"","meta":{"inline_featured_image":false,"footnotes":""},"_links":{"self":[{"href":"https:\/\/cimislia.md\/ru\/wp-json\/wp\/v2\/pages\/15229"}],"collection":[{"href":"https:\/\/cimislia.md\/ru\/wp-json\/wp\/v2\/pages"}],"about":[{"href":"https:\/\/cimislia.md\/ru\/wp-json\/wp\/v2\/types\/page"}],"author":[{"embeddable":true,"href":"https:\/\/cimislia.md\/ru\/wp-json\/wp\/v2\/users\/1"}],"replies":[{"embeddable":true,"href":"https:\/\/cimislia.md\/ru\/wp-json\/wp\/v2\/comments?post=15229"}],"version-history":[{"count":3,"href":"https:\/\/cimislia.md\/ru\/wp-json\/wp\/v2\/pages\/15229\/revisions"}],"predecessor-version":[{"id":22559,"href":"https:\/\/cimislia.md\/ru\/wp-json\/wp\/v2\/pages\/15229\/revisions\/22559"}],"up":[{"embeddable":true,"href":"https:\/\/cimislia.md\/ru\/wp-json\/wp\/v2\/pages\/14551"}],"wp:attachment":[{"href":"https:\/\/cimislia.md\/ru\/wp-json\/wp\/v2\/media?parent=15229"}],"curies":[{"name":"wp","href":"https:\/\/api.w.org\/{rel}","templated":true}]}}