{"id":15231,"date":"2023-10-05T16:59:53","date_gmt":"2023-10-05T13:59:53","guid":{"rendered":"https:\/\/cimislia.md\/?page_id=15231"},"modified":"2026-01-22T14:28:12","modified_gmt":"2026-01-22T12:28:12","slug":"certificat-privind-componenta-familiei","status":"publish","type":"page","link":"https:\/\/cimislia.md\/ru\/orasul-si-oamenii\/autorizatii-si-certificate\/certificat-privind-componenta-familiei\/","title":{"rendered":"\u0423\u0414\u041e\u0421\u0422\u041e\u0412\u0415\u0420\u0415\u041d\u0418\u0415 \u041e \u0421\u041e\u0421\u0422\u0410\u0412\u0415 \u0421\u0415\u041c\u042c\u0418"},"content":{"rendered":"<div data-elementor-type=\"wp-page\" data-elementor-id=\"15231\" class=\"elementor elementor-15231\">\n\t\t\t\t\t\t\t\t\t<section class=\"elementor-section elementor-top-section elementor-element elementor-element-8f4bc42 elementor-section-boxed elementor-section-height-default elementor-section-height-default\" data-id=\"8f4bc42\" data-element_type=\"section\">\n\t\t\t\t\t\t<div class=\"elementor-container elementor-column-gap-default\">\n\t\t\t\t\t<div class=\"elementor-column elementor-col-100 elementor-top-column elementor-element elementor-element-a54d265\" data-id=\"a54d265\" data-element_type=\"column\">\n\t\t\t<div class=\"elementor-widget-wrap elementor-element-populated\">\n\t\t\t\t\t\t\t\t<div class=\"elementor-element elementor-element-738550b elementor-widget elementor-widget-text-editor\" data-id=\"738550b\" data-element_type=\"widget\" data-widget_type=\"text-editor.default\">\n\t\t\t\t<div class=\"elementor-widget-container\">\n\t\t\t\t\t\t\t<div><p>Certificatul privind componen\u0163a familiei reprezint\u0103 un document care atest\u0103 componen\u0163a familiei solicitantului<\/p><p><strong>Lista actelor necesare pentru ob\u0163inerea serviciului<\/strong><\/p><ul><li>Buletinul de identitate<\/li><li>Actul confirmativ de plat\u0103 a taxei de evacuare a gunoiului<\/li><li>Cartea de imobil (dup\u0103 caz)<\/li><li>Actele de identitate ale tuturor membrilor familiei (dup\u0103 caz).<\/li><\/ul><p><strong>Termenul ob\u0163inerii serviciului:<\/strong><\/p><p>1 zi lucr\u0103toare din momentul depunerii actelor<\/p><p><strong>Date de contact:<\/strong><\/p><p>Specialist eviden\u021ba popula\u021biei \u2013 Popescu Domnica, Prim\u0103ria ora\u0219ului Cimi\u0219lia, etajul II, Biroul 20, Telefon (0241) 2-21-87<br \/>Program de lucru: 08-17.00<\/p><\/div>\t\t\t\t\t\t<\/div>\n\t\t\t\t<\/div>\n\t\t\t\t\t<\/div>\n\t\t<\/div>\n\t\t\t\t\t\t\t<\/div>\n\t\t<\/section>\n\t\t\t\t\t\t\t<\/div>","protected":false},"excerpt":{"rendered":"<p>Certificatul privind componen\u0163a familiei reprezint\u0103 un document care atest\u0103 componen\u0163a familiei solicitantului Lista actelor necesare pentru ob\u0163inerea serviciului Buletinul de identitate Actul confirmativ de plat\u0103 a taxei de evacuare a gunoiului Cartea de imobil (dup\u0103 caz) Actele de identitate ale tuturor membrilor familiei (dup\u0103 caz). Termenul ob\u0163inerii serviciului: 1 zi lucr\u0103toare din momentul depunerii actelor&hellip;<\/p>","protected":false},"author":1,"featured_media":0,"parent":14551,"menu_order":0,"comment_status":"closed","ping_status":"closed","template":"","meta":{"inline_featured_image":false,"footnotes":""},"_links":{"self":[{"href":"https:\/\/cimislia.md\/ru\/wp-json\/wp\/v2\/pages\/15231"}],"collection":[{"href":"https:\/\/cimislia.md\/ru\/wp-json\/wp\/v2\/pages"}],"about":[{"href":"https:\/\/cimislia.md\/ru\/wp-json\/wp\/v2\/types\/page"}],"author":[{"embeddable":true,"href":"https:\/\/cimislia.md\/ru\/wp-json\/wp\/v2\/users\/1"}],"replies":[{"embeddable":true,"href":"https:\/\/cimislia.md\/ru\/wp-json\/wp\/v2\/comments?post=15231"}],"version-history":[{"count":3,"href":"https:\/\/cimislia.md\/ru\/wp-json\/wp\/v2\/pages\/15231\/revisions"}],"predecessor-version":[{"id":22562,"href":"https:\/\/cimislia.md\/ru\/wp-json\/wp\/v2\/pages\/15231\/revisions\/22562"}],"up":[{"embeddable":true,"href":"https:\/\/cimislia.md\/ru\/wp-json\/wp\/v2\/pages\/14551"}],"wp:attachment":[{"href":"https:\/\/cimislia.md\/ru\/wp-json\/wp\/v2\/media?parent=15231"}],"curies":[{"name":"wp","href":"https:\/\/api.w.org\/{rel}","templated":true}]}}