{"id":15236,"date":"2023-10-05T17:01:06","date_gmt":"2023-10-05T14:01:06","guid":{"rendered":"https:\/\/cimislia.md\/?page_id=15236"},"modified":"2023-10-30T16:07:41","modified_gmt":"2023-10-30T14:07:41","slug":"atribuirea-unui-sector-de-teren-pentru-familiile-nou-formate","status":"publish","type":"page","link":"https:\/\/cimislia.md\/ru\/orasul-si-oamenii\/autorizatii-si-certificate\/atribuirea-unui-sector-de-teren-pentru-familiile-nou-formate\/","title":{"rendered":"\u0412\u044b\u0434\u0435\u043b\u0435\u043d\u0438\u0435 \u0443\u0447\u0430\u0441\u0442\u043a\u0430 \u0437\u0435\u043c\u043b\u0438 \u0434\u043b\u044f \u0432\u043d\u043e\u0432\u044c \u043e\u0431\u0440\u0430\u0437\u043e\u0432\u0430\u043d\u043d\u044b\u0445 \u0441\u0435\u043c\u0435\u0439"},"content":{"rendered":"<div data-elementor-type=\"wp-page\" data-elementor-id=\"15236\" class=\"elementor elementor-15236\">\n\t\t\t\t\t\t\t\t\t<section class=\"elementor-section elementor-top-section elementor-element elementor-element-956a172 elementor-section-boxed elementor-section-height-default elementor-section-height-default\" data-id=\"956a172\" data-element_type=\"section\">\n\t\t\t\t\t\t<div class=\"elementor-container elementor-column-gap-default\">\n\t\t\t\t\t<div class=\"elementor-column elementor-col-100 elementor-top-column elementor-element elementor-element-a2d821e\" data-id=\"a2d821e\" data-element_type=\"column\">\n\t\t\t<div class=\"elementor-widget-wrap elementor-element-populated\">\n\t\t\t\t\t\t\t\t<div class=\"elementor-element elementor-element-d0227bc elementor-widget elementor-widget-text-editor\" data-id=\"d0227bc\" data-element_type=\"widget\" data-widget_type=\"text-editor.default\">\n\t\t\t\t<div class=\"elementor-widget-container\">\n\t\t\t\t\t\t\t<p>Prim\u0103ria ora\u0219ului Cimi\u0219lia ofer\u0103 familiilor noi-formate teren\u00a0din intravilanul localit\u0103\u0163ilor pentru construirea caselor de locuit individuale \u015fi construc\u0163iilor auxiliare.<\/p><p>Regulamentul privind modul \u015fi condi\u0163iile de atribuire a sectoarelor de terenuri aprobat prin Decizia consiliului local nr.<u><strong><a href=\"https:\/\/cimislia.md\/ru\/upload\/actelocale\/Decizia_2-10_din  03.03.2014 Cu privire la  Regulamentul intern al ora\u015fului Cimi\u015flia privind modul \u015fi condi\u0163iile de atribuire a se.pdf\/\" target=\"_blank\" rel=\"noopener\">\u00a02\/10 din 03.03.2014<\/a><\/strong><\/u>.<\/p><p><strong>Lista actelor necesare pentru ob\u0163inerea serviciului<\/strong><\/p><ul><li><u><strong><a href=\"https:\/\/cimislia.md\/ro\/page\/cetateni-si-business\/autorizatii-si-certificate\/formulare-pentru-certificate-326\" target=\"_blank\" rel=\"noopener\">Cerere de atribuire a terenului pentru construc\u021bia casei de locuit<\/a><\/strong><\/u><\/li><li>Copii ale buletinelor de identitate;<\/li><li>Copia certificatului de c\u0103s\u0103torie;<\/li><li><u><strong><a href=\"https:\/\/cimislia.md\/ro\/page\/cetateni-si-business\/autorizatii-si-certificate\/certificat-privind-componenta-familiei?item=certificat-privind-componenta-familiei-1536\" target=\"_blank\" rel=\"noopener\">Certificat de la Prim\u0103rie<\/a><\/strong><\/u>\u00a0(privind componen\u021ba familiei)<\/li><li>Certificat de la Oficiul cadastral teritorial (pentru ambele persoane).<\/li><\/ul><p>\u00a0<\/p><p><strong>Date de contact:<\/strong><\/p><p>Specialist \u00een reglementarea regimului funciar\u00a0\u2013\u00a0Ana Durlescu, Prim\u0103ria ora\u0219ului Cimi\u0219lia, etaj 2, Birou 27, Telefon (0241) 2-10-72, email:\u00a0<a href=\"mailto:specialistfunciar@cimislia.md\">specialistfunciar@cimislia.md<\/a>,\u00a0<a href=\"mailto:funciar2@cimislia.md\">funciar2@cimislia.md<\/a><br \/>Program de lucru: Luni-Joi, 09-12.00<\/p>\t\t\t\t\t\t<\/div>\n\t\t\t\t<\/div>\n\t\t\t\t\t<\/div>\n\t\t<\/div>\n\t\t\t\t\t\t\t<\/div>\n\t\t<\/section>\n\t\t\t\t\t\t\t<\/div>","protected":false},"excerpt":{"rendered":"<p>Prim\u0103ria ora\u0219ului Cimi\u0219lia ofer\u0103 familiilor noi-formate teren\u00a0din intravilanul localit\u0103\u0163ilor pentru construirea caselor de locuit individuale \u015fi construc\u0163iilor auxiliare. Regulamentul privind modul \u015fi condi\u0163iile de atribuire a sectoarelor de terenuri aprobat prin Decizia consiliului local nr.\u00a02\/10 din 03.03.2014. Lista actelor necesare pentru ob\u0163inerea serviciului Cerere de atribuire a terenului pentru construc\u021bia casei de locuit Copii ale&hellip;<\/p>","protected":false},"author":1,"featured_media":0,"parent":14551,"menu_order":0,"comment_status":"closed","ping_status":"closed","template":"","meta":{"inline_featured_image":false,"footnotes":""},"_links":{"self":[{"href":"https:\/\/cimislia.md\/ru\/wp-json\/wp\/v2\/pages\/15236"}],"collection":[{"href":"https:\/\/cimislia.md\/ru\/wp-json\/wp\/v2\/pages"}],"about":[{"href":"https:\/\/cimislia.md\/ru\/wp-json\/wp\/v2\/types\/page"}],"author":[{"embeddable":true,"href":"https:\/\/cimislia.md\/ru\/wp-json\/wp\/v2\/users\/1"}],"replies":[{"embeddable":true,"href":"https:\/\/cimislia.md\/ru\/wp-json\/wp\/v2\/comments?post=15236"}],"version-history":[{"count":0,"href":"https:\/\/cimislia.md\/ru\/wp-json\/wp\/v2\/pages\/15236\/revisions"}],"up":[{"embeddable":true,"href":"https:\/\/cimislia.md\/ru\/wp-json\/wp\/v2\/pages\/14551"}],"wp:attachment":[{"href":"https:\/\/cimislia.md\/ru\/wp-json\/wp\/v2\/media?parent=15236"}],"curies":[{"name":"wp","href":"https:\/\/api.w.org\/{rel}","templated":true}]}}