{"id":15241,"date":"2023-10-05T17:01:54","date_gmt":"2023-10-05T14:01:54","guid":{"rendered":"https:\/\/cimislia.md\/?page_id=15241"},"modified":"2023-10-30T16:16:32","modified_gmt":"2023-10-30T14:16:32","slug":"formulare-cereri-pentru-certificate-autorizatii","status":"publish","type":"page","link":"https:\/\/cimislia.md\/ru\/orasul-si-oamenii\/autorizatii-si-certificate\/formulare-cereri-pentru-certificate-autorizatii\/","title":{"rendered":"\u041e\u0411\u0420\u0410\u0417\u0426\u042b \u0417\u0410\u042f\u0412\u041b\u0415\u041d\u0418\u0419"},"content":{"rendered":"<div data-elementor-type=\"wp-page\" data-elementor-id=\"15241\" class=\"elementor elementor-15241\">\n\t\t\t\t\t\t\t\t\t<section class=\"elementor-section elementor-top-section elementor-element elementor-element-3a68b00 elementor-section-boxed elementor-section-height-default elementor-section-height-default\" data-id=\"3a68b00\" data-element_type=\"section\">\n\t\t\t\t\t\t<div class=\"elementor-container elementor-column-gap-default\">\n\t\t\t\t\t<div class=\"elementor-column elementor-col-100 elementor-top-column elementor-element elementor-element-0c6c048\" data-id=\"0c6c048\" data-element_type=\"column\">\n\t\t\t<div class=\"elementor-widget-wrap elementor-element-populated\">\n\t\t\t\t\t\t\t\t<div class=\"elementor-element elementor-element-3224526 elementor-widget elementor-widget-text-editor\" data-id=\"3224526\" data-element_type=\"widget\" data-widget_type=\"text-editor.default\">\n\t\t\t\t<div class=\"elementor-widget-container\">\n\t\t\t\t\t\t\t<table style=\"width: 100%;\">\n    <thead>\n    <tr>\n        <th>Titlu<\/th>\n        <th><\/th>\n        <th><\/th>\n    <\/tr>\n    <\/thead>\n    <tbody>\n    <tr>\n        <td>CERERE de eliberare a Autorizatiei de func\u0163ionare pentru desf\u0103\u015furarea activit\u0103\u0163ii comerciale.doc<\/td>\n        <td><\/td>\n        <td><a href=\"https:\/\/cimislia.md\/wp-content\/uploads\/2023\/10\/CERERE-de-atribuire-a-terenului-pentru-constructia-casei-de-locuit.doc\" target=\"_blank\" rel=\"noopener\">\n            <img decoding=\"async\" src=\"\/wp-content\/uploads\/2023\/09\/download.svg\" \/>\n            Click aici\n        <\/a><\/td>\n    <\/tr>\n    <tr>\n        <td>Formular Cerere &#8211; Certificat de urbanism pentru proiectare.doc<\/td>\n        <td><\/td>\n        <td><a href=\"https:\/\/cimislia.md\/wp-content\/uploads\/2023\/10\/Formular-Cerere-Certificat-de-urbanism-pentru-proiectare.doc\" target=\"_blank\" rel=\"noopener\">\n            <img decoding=\"async\" src=\"\/wp-content\/uploads\/2023\/09\/download.svg\" \/>\n            Click aici\n        <\/a><\/td>\n    <\/tr>\n    <tr>\n        <td>Formular Cerere &#8211; Certificat de urbanism informativ.doc<\/td>\n        <td><\/td>\n        <td><a href=\"https:\/\/cimislia.md\/wp-content\/uploads\/2023\/10\/Formular-Cerere-Certificat-de-urbanism-informativ.doc\" target=\"_blank\" rel=\"noopener\">\n            <img decoding=\"async\" src=\"\/wp-content\/uploads\/2023\/09\/download.svg\" \/>\n            Click aici\n        <\/a><\/td>\n    <\/tr>\n    <tr>\n        <td>Formular Cerere &#8211; Autoriza\u0163ie de desfiin\u0163are.doc<\/td>\n        <td><\/td>\n        <td><a href=\"https:\/\/cimislia.md\/wp-content\/uploads\/2023\/10\/Formular-Cerere-Autorizatie-de-desfiintare.doc\" target=\"_blank\" rel=\"noopener\">\n            <img decoding=\"async\" src=\"\/wp-content\/uploads\/2023\/09\/download.svg\" \/>\n            Click aici\n        <\/a><\/td>\n    <\/tr>\n    <tr>\n        <td>Formular Cerere &#8211; Autoriza\u0163ie de construire.doc<\/td>\n        <td><\/td>\n        <td><a href=\"https:\/\/cimislia.md\/wp-content\/uploads\/2023\/10\/Formular-Cerere-Autorizatie-de-construire.doc\" target=\"_blank\" rel=\"noopener\">\n            <img decoding=\"async\" src=\"\/wp-content\/uploads\/2023\/09\/download.svg\" \/>\n            Click aici\n        <\/a><\/td>\n    <\/tr>\n    <tr>\n        <td>Formular &#8211; Declaratie privind lucr\u0103rile autorizate de construc\u0163ie\/desfiin\u0163are a obiectului.doc<\/td>\n        <td><\/td>\n        <td><a href=\"https:\/\/cimislia.md\/wp-content\/uploads\/2023\/10\/Formular-Declaratie.doc\" target=\"_blank\" rel=\"noopener\">\n            <img decoding=\"async\" src=\"\/wp-content\/uploads\/2023\/09\/download.svg\" \/>\n            Click aici\n        <\/a><\/td>\n    <\/tr>\n    <tr>\n        <td>CERERE de atribuire a terenului pentru construc\u021bia casei de locuit.doc<\/td>\n        <td><\/td>\n        <td><a href=\"https:\/\/cimislia.md\/wp-content\/uploads\/2023\/10\/CERERE-de-atribuire-a-terenului-pentru-constructia-casei-de-locuit.doc\" target=\"_blank\" rel=\"noopener\">\n            <img decoding=\"async\" src=\"\/wp-content\/uploads\/2023\/09\/download.svg\" \/>\n            Click aici\n        <\/a><\/td>\n    <\/tr>\n    <\/tbody>\n<\/table>\t\t\t\t\t\t<\/div>\n\t\t\t\t<\/div>\n\t\t\t\t\t<\/div>\n\t\t<\/div>\n\t\t\t\t\t\t\t<\/div>\n\t\t<\/section>\n\t\t\t\t\t\t\t<\/div>","protected":false},"excerpt":{"rendered":"<p>Titlu CERERE de eliberare a Autorizatiei de func\u0163ionare pentru desf\u0103\u015furarea activit\u0103\u0163ii comerciale.doc Click aici Formular Cerere &#8211; Certificat de urbanism pentru proiectare.doc Click aici Formular Cerere &#8211; Certificat de urbanism informativ.doc Click aici Formular Cerere &#8211; Autoriza\u0163ie de desfiin\u0163are.doc Click aici Formular Cerere &#8211; Autoriza\u0163ie de construire.doc Click aici Formular &#8211; Declaratie privind lucr\u0103rile autorizate&hellip;<\/p>","protected":false},"author":1,"featured_media":0,"parent":14551,"menu_order":0,"comment_status":"closed","ping_status":"closed","template":"","meta":{"inline_featured_image":false,"footnotes":""},"_links":{"self":[{"href":"https:\/\/cimislia.md\/ru\/wp-json\/wp\/v2\/pages\/15241"}],"collection":[{"href":"https:\/\/cimislia.md\/ru\/wp-json\/wp\/v2\/pages"}],"about":[{"href":"https:\/\/cimislia.md\/ru\/wp-json\/wp\/v2\/types\/page"}],"author":[{"embeddable":true,"href":"https:\/\/cimislia.md\/ru\/wp-json\/wp\/v2\/users\/1"}],"replies":[{"embeddable":true,"href":"https:\/\/cimislia.md\/ru\/wp-json\/wp\/v2\/comments?post=15241"}],"version-history":[{"count":0,"href":"https:\/\/cimislia.md\/ru\/wp-json\/wp\/v2\/pages\/15241\/revisions"}],"up":[{"embeddable":true,"href":"https:\/\/cimislia.md\/ru\/wp-json\/wp\/v2\/pages\/14551"}],"wp:attachment":[{"href":"https:\/\/cimislia.md\/ru\/wp-json\/wp\/v2\/media?parent=15241"}],"curies":[{"name":"wp","href":"https:\/\/api.w.org\/{rel}","templated":true}]}}