{"id":15258,"date":"2023-10-05T18:20:49","date_gmt":"2023-10-05T15:20:49","guid":{"rendered":"https:\/\/cimislia.md\/?page_id=15258"},"modified":"2024-09-19T09:24:13","modified_gmt":"2024-09-19T06:24:13","slug":"taxa-pentru-salubrizare","status":"publish","type":"page","link":"https:\/\/cimislia.md\/ru\/orasul-si-oamenii\/impozite-si-taxe-locale\/taxa-pentru-salubrizare\/","title":{"rendered":"C\u0430\u043d\u0438\u0442\u0430\u0440\u043d\u044b\u0439 \u0441\u0431\u043e\u0440"},"content":{"rendered":"<div data-elementor-type=\"wp-page\" data-elementor-id=\"15258\" class=\"elementor elementor-15258\">\n\t\t\t\t\t\t\t\t\t<section class=\"elementor-section elementor-top-section elementor-element elementor-element-9eccd6d elementor-section-boxed elementor-section-height-default elementor-section-height-default\" data-id=\"9eccd6d\" data-element_type=\"section\">\n\t\t\t\t\t\t<div class=\"elementor-container elementor-column-gap-default\">\n\t\t\t\t\t<div class=\"elementor-column elementor-col-100 elementor-top-column elementor-element elementor-element-a1b6491\" data-id=\"a1b6491\" data-element_type=\"column\">\n\t\t\t<div class=\"elementor-widget-wrap elementor-element-populated\">\n\t\t\t\t\t\t\t\t<div class=\"elementor-element elementor-element-550eebc elementor-widget elementor-widget-text-editor\" data-id=\"550eebc\" data-element_type=\"widget\" data-widget_type=\"text-editor.default\">\n\t\t\t\t<div class=\"elementor-widget-container\">\n\t\t\t\t\t\t\t<p>Cota impozabil\u0103 \u2013\u00a0<strong>16 lei pentru o persoan\u0103 pe lun\u0103.\u00a0 \u00a0<\/strong>\u00a0\u00a0\u00a0<\/p><p>Baza impozabil\u0103: Num\u0103rul de persoane fizice \u00eenscrise la adresa declarat\u0103 ca domiciliu \u00een or. Cimi\u015flia cu excep\u0163ia satelor Bogdanovca Veche, Bogdanovca Nou\u0103 \u015fi Dimitrovca.<\/p><p>Se acord\u0103\u00a0<strong>scutiri\u00a0<\/strong>urm\u0103toarelor categorii de cet\u0103\u0163eni:<\/p><ul><li>copiilor invalizi;<\/li><li>invalizilor din r\u0103zboiul din a.1992 pentru integritatea \u0163\u0103rii;<\/li><li>participan\u0163ilor la al doilea r\u0103zboi mondial 1939 \u2013 1945;<\/li><li>persoanelor invalide de gradul I ;<\/li><li>operatorilor serviciilor de evacuare a de\u015feurilor menajere solide\u201cServicii Publice Cimi\u015flia\u201d \u2013 hamali, m\u0103tur\u0103tori, tractori\u015fti, \u015foferi \u2013 care s\u00eent antrena\u0163i nemijlocit la evacuarea de\u015feurilor menagere solide de la popula\u0163ia or. Cimi\u015flia.<\/li><\/ul><p><strong>Specific\u0103m c\u0103 plata este suma pentru care contribuabilul era obligat s\u0103 o pl\u0103teasc\u0103 la buget ca tax\u0103 local\u0103.<\/strong><\/p><p>Taxa se aplic\u0103 pentru acoperirea cheltuielilor aferente totalit\u0103\u0163ii activit\u0103\u0163ilor \u015fi lucr\u0103rilor de colectare, transportare, sortare, prelucrare, tratare, valorificare, neutralizare (incinerare), depozitare a de\u015feurilor menajere provenite din locuin\u0163ele popula\u0163iei ora\u015fului Cimi\u015flia \u015fi a cheltuielilor aferente activit\u0103\u0163ilor de colectare a taxei, pentru asigurarea dezvolt\u0103rii \u015fi moderniz\u0103rii serviciului de evacuare a de\u015feurilor menagere, pentru lichidarea vechilor gunoi\u015fti neautorizate \u015fi prevenirea apari\u0163iei noilor gunoi\u015fti neautorizate.<\/p><p>Men\u0163ion\u0103m c\u0103 no\u0163iunea de\u00a0<strong>de\u015feuri menajere<\/strong>\u00a0are urm\u0103torul sens:\u00a0<\/p><ul><li>reziduuri solide colectate de la locuin\u0163ele\u00a0popula\u0163iei provenite \u00een urma realiz\u0103rii func\u0163iilor vitale omene\u015fti.<\/li><\/ul><p>Proprietarul are dreptul s\u0103 achite \u00een avans taxa pentru perioada p\u00een\u0103 la 31 decembrie a anului curent.<\/p><p>Refuzul de a primi avizele lunare nu exclude responsabilitatea de plat\u0103.<\/p><p>Taxa se achita doar la Banca de Economii a or.Cimi\u015flia, cu buletinul Dumneavoastr\u0103 de identitate sau av\u00eend doar IDNP Dumneavoastr\u0103.<\/p><p>V\u0103 inform\u0103m c\u0103 \u00een cazul \u00een care ave\u0163i dificult\u0103\u0163i financiare temporare v\u0103 oferim dreptul de a stinge obliga\u0163ia fiscal\u0103 \u00een rate.<\/p><p>Totodat\u0103 \u00een cazul \u00een care considera\u0163i c\u0103 suma restan\u0163ei este nereal\u0103 sau gresit\u0103, V\u0103 propunem s\u0103 v\u0103 adresa\u0163i la Prim\u0103ria or.Cimi\u015flia etaj I, biroul 3 pentru elucidarea circumstan\u0163elor.<\/p><p>* V\u0103 inform\u0103m c\u0103 \u00een cazul \u00een care locatarii au lipsit de la domciliu 15 \u015fi mai multe zile, iar la \u00eentoarcerea lor proprietarul a prezentat administratorului taxei acte ce confirm\u0103 lipsa lor, eliberate de\u00a0institu\u0163iile respective, plata taxei nu se percepe pentru perioada absen\u0163ei \u015fi suma prezentat\u0103 spre plat\u0103 este recalculat\u0103.<\/p><p><strong>Lista actelor ce confirm\u0103 lipsa locatarilor:<\/strong><\/p><ol><li>certificatul eliberat de autoritatea public\u0103 local\u0103 din Republica Moldova sau de peste hotare despre \u015federea locatarului \/ locatarilor pe teritoriul administrat pentru perioada lipsei lui \/ lor pe adresa declarat\u0103 ca domiciliu;<\/li><li>copia pa\u015faportului de cet\u0103\u0163ean al Republicii Moldova cu \u015ftampilele de ie\u015fire &#8211; intrare din\/\u00een \u0163ar\u0103 aplicate de c\u0103tre serviciile abilitate \u00eenso\u0163it\u0103 de pa\u015faportul \u00een original;<\/li><li>adeverin\u0163a, ce confirm\u0103 faptul c\u0103 locatarul a fost cazat temporar \u00een hotel, \u00eentr-o institu\u0163ie curativ-sanatorial\u0103, cas\u0103 de odihn\u0103 \u015fi alte institu\u0163ii similare, sau copia biletului de repartizare la casa de odihn\u0103, bonului de plat\u0103 pentru cazare \u00een hotel, ordinului de deplasare \u00een caz de cazare \u00een afara hotelului;\u00a0\u00a0\u00a0<\/li><li>cererea depus\u0103 de c\u0103tre p\u0103rin\u0163i \u00een leg\u0103tur\u0103 cu plecarea copiilor la odihn\u0103 \u00een perioada vacan\u0163ei, considerat\u0103 declara\u0163ie pe propria r\u0103spundere;<\/li><li>adeverin\u0163a ce confirm\u0103 faptul afl\u0103rii locatarului \u00eentr-o institu\u0163ie medical\u0103;<\/li><li>extrasul din sentin\u0163a judec\u0103toriei sau certificatul eliberat de institu\u0163ia penitenciar\u0103 despre priva\u0163iunea de libertate a persoanei \u00een cauz\u0103;<\/li><li>certificatul eliberat de unitatea militar\u0103 sau comisariatul administrativ-militar, de institu\u0163iile de \u00eenv\u0103\u0163\u0103m\u00eent.<\/li><\/ol><p>Documentele \u015fi copiile documentelor sus-specificate urmeaz\u0103 a fi \u00eentocmite conform procedurii stabilite, av\u00eend toate \u015ftampilele \u015fi semn\u0103turile necesare.<\/p><ul><li>Nu se efectueaz\u0103 recalcularea pl\u0103\u0163ii taxei \u00een baza altor acte justificative.<\/li><li>Pentru simplificarea procedurii de recalculare, \u00eenainte de plecare proprietarul va informa \u00een scris administratorul taxei despre data plec\u0103rii, sosirii \u015fi durata absen\u0163ei locatarilor.<\/li><li>Administratorul taxei \u00eenregistreaz\u0103 cererea \u015fi controleaz\u0103 lipsa locatarilor.\u00a0\u00a0\u00a0<\/li><li>\u00cen cazul \u00een care se depisteaz\u0103, c\u0103 \u00een perioada indicat\u0103 \u00een cerere locatarii (alte persoane) au locuit \u00een locuin\u0163\u0103, se \u00eentocme\u015fte un act de constatare semnat de reprezentantul administratorului taxei, reprezentantul autorit\u0103\u0163ii administra\u0163iei publice locale \u015fi locatar \u00een prezen\u0163a poli\u0163istului de sector.<\/li><li>\u00a0La fiecare 3 luni (\u00een cazul absen\u0163ei de lung\u0103 durat\u0103) \u015fi la fiecare 6 luni (\u00een cazul \u00een care se afl\u0103 la munc\u0103 \u00een str\u0103in\u0103tate) proprietarul locuin\u0163ei sau reprezentantul lui legal prezint\u0103 actul ce confirm\u0103 absen\u0163a lui sau a locatarilor din locuin\u0163a ce-i apar\u0163ine. \u00cen caz contrar, recalcularea se va efectua numai pentru 3 luni din data depunerii cererii.<\/li><li>[Proprietarul locuin\u0163ei, \u00een\u00a0 care au lipsit locatarii mai mult de 15 zile se va adresa administratorului taxei \u00een vederea recalcul\u0103rii pl\u0103\u0163ii taxei \u00een termen de 30 zile din data sosirii lor, \u00een caz contrar recalcul\u0103rile nu se vor efectua.<\/li><\/ul><p>\u00cen caz de neachitare a pl\u0103\u0163ilor respective \u00een termenele stabilite, perceperea datoriilor se va efectua prin executarea silit\u0103 a obliga\u0163iei fiscale cu aplicarea m\u0103surilor de constr\u00eengere legal\u0103.<\/p>\t\t\t\t\t\t<\/div>\n\t\t\t\t<\/div>\n\t\t\t\t\t<\/div>\n\t\t<\/div>\n\t\t\t\t\t\t\t<\/div>\n\t\t<\/section>\n\t\t\t\t\t\t\t<\/div>","protected":false},"excerpt":{"rendered":"<p>Cota impozabil\u0103 \u2013\u00a016 lei pentru o persoan\u0103 pe lun\u0103.\u00a0 \u00a0\u00a0\u00a0\u00a0 Baza impozabil\u0103: Num\u0103rul de persoane fizice \u00eenscrise la adresa declarat\u0103 ca domiciliu \u00een or. Cimi\u015flia cu excep\u0163ia satelor Bogdanovca Veche, Bogdanovca Nou\u0103 \u015fi Dimitrovca. Se acord\u0103\u00a0scutiri\u00a0urm\u0103toarelor categorii de cet\u0103\u0163eni: copiilor invalizi; invalizilor din r\u0103zboiul din a.1992 pentru integritatea \u0163\u0103rii; participan\u0163ilor la al doilea r\u0103zboi mondial&hellip;<\/p>","protected":false},"author":1,"featured_media":0,"parent":14553,"menu_order":0,"comment_status":"closed","ping_status":"closed","template":"","meta":{"inline_featured_image":false,"footnotes":""},"_links":{"self":[{"href":"https:\/\/cimislia.md\/ru\/wp-json\/wp\/v2\/pages\/15258"}],"collection":[{"href":"https:\/\/cimislia.md\/ru\/wp-json\/wp\/v2\/pages"}],"about":[{"href":"https:\/\/cimislia.md\/ru\/wp-json\/wp\/v2\/types\/page"}],"author":[{"embeddable":true,"href":"https:\/\/cimislia.md\/ru\/wp-json\/wp\/v2\/users\/1"}],"replies":[{"embeddable":true,"href":"https:\/\/cimislia.md\/ru\/wp-json\/wp\/v2\/comments?post=15258"}],"version-history":[{"count":9,"href":"https:\/\/cimislia.md\/ru\/wp-json\/wp\/v2\/pages\/15258\/revisions"}],"predecessor-version":[{"id":18602,"href":"https:\/\/cimislia.md\/ru\/wp-json\/wp\/v2\/pages\/15258\/revisions\/18602"}],"up":[{"embeddable":true,"href":"https:\/\/cimislia.md\/ru\/wp-json\/wp\/v2\/pages\/14553"}],"wp:attachment":[{"href":"https:\/\/cimislia.md\/ru\/wp-json\/wp\/v2\/media?parent=15258"}],"curies":[{"name":"wp","href":"https:\/\/api.w.org\/{rel}","templated":true}]}}