{"id":15265,"date":"2023-10-05T18:23:42","date_gmt":"2023-10-05T15:23:42","guid":{"rendered":"https:\/\/cimislia.md\/?page_id=15265"},"modified":"2024-10-04T10:07:47","modified_gmt":"2024-10-04T07:07:47","slug":"impozitul-pe-bunuri-imobiliare","status":"publish","type":"page","link":"https:\/\/cimislia.md\/ru\/orasul-si-oamenii\/impozite-si-taxe-locale\/impozitul-pe-bunuri-imobiliare\/","title":{"rendered":"\u041d\u0430\u043b\u043e\u0433 \u043d\u0430 \u043d\u0435\u0434\u0432\u0438\u0436\u0438\u043c\u043e\u0441\u0442\u044c"},"content":{"rendered":"<div data-elementor-type=\"wp-page\" data-elementor-id=\"15265\" class=\"elementor elementor-15265\">\n\t\t\t\t\t\t\t\t\t<section class=\"elementor-section elementor-top-section elementor-element elementor-element-e403b46 elementor-section-boxed elementor-section-height-default elementor-section-height-default\" data-id=\"e403b46\" data-element_type=\"section\">\n\t\t\t\t\t\t<div class=\"elementor-container elementor-column-gap-default\">\n\t\t\t\t\t<div class=\"elementor-column elementor-col-100 elementor-top-column elementor-element elementor-element-02eb6c1\" data-id=\"02eb6c1\" data-element_type=\"column\">\n\t\t\t<div class=\"elementor-widget-wrap elementor-element-populated\">\n\t\t\t\t\t\t\t\t<div class=\"elementor-element elementor-element-c2c7459 elementor-widget elementor-widget-text-editor\" data-id=\"c2c7459\" data-element_type=\"widget\" data-widget_type=\"text-editor.default\">\n\t\t\t\t<div class=\"elementor-widget-container\">\n\t\t\t\t\t\t\t<p><em><strong>\u00a0 <\/strong><\/em><\/p><table width=\"652\"><tbody><tr><td width=\"47\"><p><strong>Nr. d\/o<\/strong><\/p><\/td><td width=\"444\"><p><strong>\u00a0\u00a0\u00a0\u00a0\u00a0\u00a0\u00a0\u00a0\u00a0\u00a0\u00a0\u00a0\u00a0\u00a0\u00a0\u00a0\u00a0\u00a0\u00a0\u00a0\u00a0\u00a0\u00a0\u00a0\u00a0\u00a0\u00a0\u00a0\u00a0\u00a0\u00a0\u00a0\u00a0\u00a0\u00a0\u00a0 Obiectele impunerii<\/strong><\/p><\/td><td colspan=\"2\" width=\"161\"><p><strong>\u00a0 \u00a0 \u00a0 \u00a0 \u00a0 \u00a0 \u00a0 \u00a0 \u00a0 \u00a0 \u00a0 \u00a0 \u00a0 \u00a0 \u00a0 \u00a0 \u00a0 \u00a0 \u00a0 \u00a0 \u00a0 \u00a0 \u00a0 \u00a0 \u00a0 \u00a0 \u00a0 \u00a0 \u00a0 \u00a0 \u00a0 \u00a0 \u00a0 \u00a0 \u00a0 \u00a0 \u00a0 \u00a0 \u00a0 \u00a0 \u00a0 \u00a0 \u00a0 \u00a0 \u00a0 \u00a0 \u00a0 \u00a0 \u00a0 \u00a0 \u00a0 \u00a0 \u00a0 \u00a0 \u00a0 \u00a0 \u00a0 \u00a0 \u00a0 \u00a0 \u00a0 \u00a0 \u00a0 \u00a0 \u00a0 \u00a0 \u00a0 \u00a0 \u00a0Cotele concrete<\/strong><\/p><\/td><\/tr><tr><td width=\"47\"><p>I<\/p><\/td><td colspan=\"3\" width=\"605\"><p><strong><em> Cotele concrete la impozitul pe \u00a0bunurile imobiliare <\/em><em>\u00a0pentru bunurile imobiliare <u>evaluate<\/u> de c\u0103tre organele cadastrale \u00een scopul impozitarii<\/em><\/strong><\/p><p><strong><em>\u00a0 (conform\u00a0 art. 280 din titlul VI al Codului Fiscal)<\/em><\/strong><\/p><\/td><\/tr><tr><td width=\"47\"><p>1.\u00a0\u00a0\u00a0\u00a0\u00a0 \u00a0<\/p><\/td><td colspan=\"2\" width=\"445\"><p>Bunurile imobiliare, inclusiv:<\/p><\/td><td width=\"159\">\u00a0<\/td><\/tr><tr><td rowspan=\"2\" width=\"47\"><p>1.1<\/p><\/td><td colspan=\"2\" width=\"445\"><p>\u00a0 cu destina\u021bie locativ\u0103 \u00a0(apartamente \u0219i case de locuit individuale<\/p><p>terenuri aferente acestor bunuri), inclusiv:<\/p><p>&#8211;\u00a0\u00a0\u00a0 <em>pentru bunurile imobiliare din <u>or. Cimi\u0219lia<\/u><\/em><\/p><\/td><td width=\"159\"><p><strong>0,15% <\/strong><\/p><p>din valoarea impozabil\u0103 a bunurilor imobiliare<\/p><\/td><\/tr><tr><td colspan=\"2\" width=\"445\"><p>&#8211;\u00a0\u00a0\u00a0 <em>pentru bunurile imobiliare din <u>satele Bogdanovca Veche, Bogdanovca Nou\u0103 \u0219i Dimitrovca<\/u><\/em><\/p><\/td><td width=\"159\"><p><strong>0,15%<\/strong><\/p><p>din valoarea impozabil\u0103 a bunurilor imobiliare<\/p><\/td><\/tr><tr><td width=\"47\"><p>1.2<\/p><\/td><td colspan=\"2\" width=\"445\"><p>garajele \u0219i terenurile pe care acestea sunt amplasate<\/p><\/td><td width=\"159\"><p><strong>0,15% <\/strong><\/p><p>din valoarea impozabil\u0103 a bunurilor imobiliare<\/p><\/td><\/tr><tr><td width=\"47\"><p>\u00a0 1.3<\/p><\/td><td colspan=\"2\" width=\"445\"><p>loturile \u00eentov\u0103r\u0103\u0219ilor \u00a0pomicole cu sau f\u0103r\u0103 \u00a0construc\u021bii amplasate pe ele<\/p><\/td><td width=\"159\"><p><strong>0,15%<\/strong><\/p><p>din valoarea impozabil\u0103 a bunurilor imobiliare<\/p><\/td><\/tr><tr><td rowspan=\"2\" width=\"47\"><p>2.<\/p><\/td><td colspan=\"2\" width=\"445\"><p>Terenurile agricole cu construc\u021bii amplasate pe ele :<\/p><p>&#8211;\u00a0\u00a0\u00a0 <em>pentru bunurile imobiliare din <u>or. Cimi\u0219lia<\/u><\/em><\/p><\/td><td width=\"159\"><p><strong>\u00a0<\/strong><\/p><p><strong>0,15%<\/strong><\/p><p>din valoarea impozabil\u0103 a bunurilor imobiliare<\/p><\/td><\/tr><tr><td colspan=\"2\" width=\"445\"><p>&#8211;\u00a0\u00a0\u00a0\u00a0 <em>pentru bunurile imobiliare din satele <u>Bogdanovca Veche, Bogdanovca Nou\u0103 \u0219i Dimitrovca<\/u><\/em><\/p><\/td><td width=\"159\"><p><strong>0,1% <\/strong><\/p><p>din valoarea impozabil\u0103 a bunurilor imobiliare<\/p><\/td><\/tr><tr><td width=\"47\"><p>3.<\/p><\/td><td colspan=\"2\" width=\"445\"><p>3. Bunurile imobiliare cu alt\u0103 destina\u021bie dec\u00eet cea locativ\u0103 \u00a0sau agricol\u0103,<\/p><p>\u00a0inclusiv <u>except\u00eend<\/u> garajele \u0219i terenurile pe care acestea sunt amplasate \u0219i\u00a0 loturile\u00a0\u00a0 \u00eentov\u0103r\u0103\u0219irilor \u00a0pomicole cu sau f\u0103r\u0103<\/p><p>\u00a0construc\u021bii amplasate pe ele &#8211;<\/p><p><strong>0,3% &#8211; <\/strong>din valoarea impozabil\u0103 a bunurilor imobiliare<\/p><table><tbody><tr><td width=\"47\">\u00a0<\/td><td width=\"605\"><img decoding=\"async\" class=\"alignnone size-full wp-image-18807\" src=\"https:\/\/cimislia.md\/wp-content\/uploads\/2024\/10\/11.png\" alt=\"\" width=\"683\" height=\"754\" srcset=\"https:\/\/cimislia.md\/wp-content\/uploads\/2024\/10\/11.png 683w, https:\/\/cimislia.md\/wp-content\/uploads\/2024\/10\/11-272x300.png 272w, https:\/\/cimislia.md\/wp-content\/uploads\/2024\/10\/11-11x12.png 11w\" sizes=\"(max-width: 683px) 100vw, 683px\" \/><\/td><\/tr><\/tbody><\/table><\/td><td width=\"159\">\u00a0<\/td><\/tr><\/tbody><\/table>\t\t\t\t\t\t<\/div>\n\t\t\t\t<\/div>\n\t\t\t\t\t<\/div>\n\t\t<\/div>\n\t\t\t\t\t\t\t<\/div>\n\t\t<\/section>\n\t\t\t\t\t\t\t<\/div>","protected":false},"excerpt":{"rendered":"<p>\u00a0 Nr. d\/o \u00a0\u00a0\u00a0\u00a0\u00a0\u00a0\u00a0\u00a0\u00a0\u00a0\u00a0\u00a0\u00a0\u00a0\u00a0\u00a0\u00a0\u00a0\u00a0\u00a0\u00a0\u00a0\u00a0\u00a0\u00a0\u00a0\u00a0\u00a0\u00a0\u00a0\u00a0\u00a0\u00a0\u00a0\u00a0\u00a0 Obiectele impunerii \u00a0 \u00a0 \u00a0 \u00a0 \u00a0 \u00a0 \u00a0 \u00a0 \u00a0 \u00a0 \u00a0 \u00a0 \u00a0 \u00a0 \u00a0 \u00a0 \u00a0 \u00a0 \u00a0 \u00a0 \u00a0 \u00a0 \u00a0 \u00a0 \u00a0 \u00a0 \u00a0 \u00a0 \u00a0 \u00a0 \u00a0 \u00a0 \u00a0 \u00a0 \u00a0 \u00a0 \u00a0 \u00a0 \u00a0 \u00a0 \u00a0 \u00a0 \u00a0 \u00a0 \u00a0 \u00a0 \u00a0 \u00a0 \u00a0&hellip;<\/p>","protected":false},"author":1,"featured_media":0,"parent":14553,"menu_order":0,"comment_status":"closed","ping_status":"closed","template":"","meta":{"inline_featured_image":false,"footnotes":""},"_links":{"self":[{"href":"https:\/\/cimislia.md\/ru\/wp-json\/wp\/v2\/pages\/15265"}],"collection":[{"href":"https:\/\/cimislia.md\/ru\/wp-json\/wp\/v2\/pages"}],"about":[{"href":"https:\/\/cimislia.md\/ru\/wp-json\/wp\/v2\/types\/page"}],"author":[{"embeddable":true,"href":"https:\/\/cimislia.md\/ru\/wp-json\/wp\/v2\/users\/1"}],"replies":[{"embeddable":true,"href":"https:\/\/cimislia.md\/ru\/wp-json\/wp\/v2\/comments?post=15265"}],"version-history":[{"count":9,"href":"https:\/\/cimislia.md\/ru\/wp-json\/wp\/v2\/pages\/15265\/revisions"}],"predecessor-version":[{"id":18810,"href":"https:\/\/cimislia.md\/ru\/wp-json\/wp\/v2\/pages\/15265\/revisions\/18810"}],"up":[{"embeddable":true,"href":"https:\/\/cimislia.md\/ru\/wp-json\/wp\/v2\/pages\/14553"}],"wp:attachment":[{"href":"https:\/\/cimislia.md\/ru\/wp-json\/wp\/v2\/media?parent=15265"}],"curies":[{"name":"wp","href":"https:\/\/api.w.org\/{rel}","templated":true}]}}