{"id":15268,"date":"2023-10-05T18:27:59","date_gmt":"2023-10-05T15:27:59","guid":{"rendered":"https:\/\/cimislia.md\/?page_id=15268"},"modified":"2024-10-04T10:11:18","modified_gmt":"2024-10-04T07:11:18","slug":"impozitul-funciar","status":"publish","type":"page","link":"https:\/\/cimislia.md\/ru\/orasul-si-oamenii\/impozite-si-taxe-locale\/impozitul-funciar\/","title":{"rendered":"\u0417\u0435\u043c\u0435\u043b\u044c\u043d\u044b\u0439 \u043d\u0430\u043b\u043e\u0433"},"content":{"rendered":"<div data-elementor-type=\"wp-page\" data-elementor-id=\"15268\" class=\"elementor elementor-15268\">\n\t\t\t\t\t\t\t\t\t<section class=\"elementor-section elementor-top-section elementor-element elementor-element-12e71f6 elementor-section-boxed elementor-section-height-default elementor-section-height-default\" data-id=\"12e71f6\" data-element_type=\"section\">\n\t\t\t\t\t\t<div class=\"elementor-container elementor-column-gap-default\">\n\t\t\t\t\t<div class=\"elementor-column elementor-col-100 elementor-top-column elementor-element elementor-element-7500129\" data-id=\"7500129\" data-element_type=\"column\">\n\t\t\t<div class=\"elementor-widget-wrap elementor-element-populated\">\n\t\t\t\t\t\t\t\t<div class=\"elementor-element elementor-element-2ac9c55 elementor-widget elementor-widget-text-editor\" data-id=\"2ac9c55\" data-element_type=\"widget\" data-widget_type=\"text-editor.default\">\n\t\t\t\t<div class=\"elementor-widget-container\">\n\t\t\t\t\t\t\t<p>\u00a0<\/p><p><img decoding=\"async\" class=\"alignnone size-full wp-image-18811\" src=\"https:\/\/cimislia.md\/wp-content\/uploads\/2024\/10\/22.png\" alt=\"\" width=\"550\" height=\"791\" srcset=\"https:\/\/cimislia.md\/wp-content\/uploads\/2024\/10\/22.png 550w, https:\/\/cimislia.md\/wp-content\/uploads\/2024\/10\/22-209x300.png 209w, https:\/\/cimislia.md\/wp-content\/uploads\/2024\/10\/22-8x12.png 8w\" sizes=\"(max-width: 550px) 100vw, 550px\" \/><\/p><p><strong><em>\u00cen confirmitate cu privederile art. 283 alin.(1) lit. h)-l) titlul VI al Codului Fiscal al Republicii Moldova se acord\u0103\u00a0 \u00eenlesniri la plata impozitului pentru bunurile imobiliare \u0219i impozitul funciar la urm\u0103toarele categorii:<\/em><\/strong><\/p><ul><li>persoanele de v\u00eerst\u0103 pensionar\u0103, persoanele cu dizabilit\u0103\u0163i severe \u015fi accentuate, persoanele cu dizabilit\u0103\u0163i din copil\u0103rie, persoanele cu dizabilit\u0103\u0163i medii (participan\u0163i la ac\u0163iunile de lupt\u0103 pentru ap\u0103rarea integrit\u0103\u0163ii teritoriale \u015fi independen\u0163ei Republicii Moldova, participan\u0163i la ac\u0163iunile de lupt\u0103 din Afghanistan, participan\u0163i la lichidarea consecin\u0163elor avariei de la C.A.E. Cernob\u00eel), precum \u015fi persoanele supuse represiunilor \u015fi ulterior reabilitate);<\/li><li>familiile participan\u0163ilor c\u0103zu\u0163i \u00een ac\u0163iunile de lupt\u0103 pentru ap\u0103rarea integrit\u0103\u0163ii teritoriale \u015fi independen\u0163ei Republicii Moldova \u015fi persoanele care au fost \u00eentre\u0163inute de ace\u015ftia;<\/li><li>familiile militarilor c\u0103zu\u0163i \u00een ac\u0163iunile de lupt\u0103 din Afghanistan \u015fi persoanele care au fost \u00eentre\u0163inute de ace\u015ftia;<\/li><li>familiile care au copii cu dizabilit\u0103\u0163i \u00een v\u00eerst\u0103 de p\u00een\u0103 la 18 ani \u015fi membrii familiilor care au la \u00eentre\u0163inere \u015fi \u00eengrijire permanent\u0103 persoane cu dizabilit\u0103\u0163i;<\/li><li>familiile persoanelor decedate \u00een urma unor boli cauzate de participarea lor la lucr\u0103rile de lichidare a consecin\u0163elor avariei de la C.A.E. Cernob\u00eel \u015fi persoanele care au fost \u00eentre\u0163inute de acestea.<\/li><\/ul><p>\u00a0\u00a0 Categoriile de persoane indicate beneficiaz\u0103 de scutire de plata impozitului pe bunurile imobiliare pentru obiectele impunerii cu destina\u0163ie locativ\u0103, unde acestea \u015fi-au \u00eenregistrat domiciliul (\u00een lipsa domiciliului \u2212 re\u015fedin\u0163a), precum \u015fi pentru terenurile neevaluate de c\u0103tre organele cadastrale teritoriale care s\u00eent ocupate de locuin\u0163e, pentru loturile de p\u0103m\u00eent de pe l\u00eeng\u0103 cas\u0103 (inclusiv terenurile atribuite de c\u0103tre autorit\u0103\u0163ile administra\u0163iei publice locale ca loturi de p\u0103m\u00eent de pe l\u00eeng\u0103 cas\u0103 \u015fi distribuite \u00een extravilan din cauza insuficien\u0163ei de terenuri \u00een intravilan)<\/p>\t\t\t\t\t\t<\/div>\n\t\t\t\t<\/div>\n\t\t\t\t\t<\/div>\n\t\t<\/div>\n\t\t\t\t\t\t\t<\/div>\n\t\t<\/section>\n\t\t\t\t\t\t\t<\/div>","protected":false},"excerpt":{"rendered":"<p>\u00a0 \u00cen confirmitate cu privederile art. 283 alin.(1) lit. h)-l) titlul VI al Codului Fiscal al Republicii Moldova se acord\u0103\u00a0 \u00eenlesniri la plata impozitului pentru bunurile imobiliare \u0219i impozitul funciar la urm\u0103toarele categorii: persoanele de v\u00eerst\u0103 pensionar\u0103, persoanele cu dizabilit\u0103\u0163i severe \u015fi accentuate, persoanele cu dizabilit\u0103\u0163i din copil\u0103rie, persoanele cu dizabilit\u0103\u0163i medii (participan\u0163i la ac\u0163iunile&hellip;<\/p>","protected":false},"author":1,"featured_media":0,"parent":14553,"menu_order":0,"comment_status":"closed","ping_status":"closed","template":"","meta":{"inline_featured_image":false,"footnotes":""},"_links":{"self":[{"href":"https:\/\/cimislia.md\/ru\/wp-json\/wp\/v2\/pages\/15268"}],"collection":[{"href":"https:\/\/cimislia.md\/ru\/wp-json\/wp\/v2\/pages"}],"about":[{"href":"https:\/\/cimislia.md\/ru\/wp-json\/wp\/v2\/types\/page"}],"author":[{"embeddable":true,"href":"https:\/\/cimislia.md\/ru\/wp-json\/wp\/v2\/users\/1"}],"replies":[{"embeddable":true,"href":"https:\/\/cimislia.md\/ru\/wp-json\/wp\/v2\/comments?post=15268"}],"version-history":[{"count":9,"href":"https:\/\/cimislia.md\/ru\/wp-json\/wp\/v2\/pages\/15268\/revisions"}],"predecessor-version":[{"id":18814,"href":"https:\/\/cimislia.md\/ru\/wp-json\/wp\/v2\/pages\/15268\/revisions\/18814"}],"up":[{"embeddable":true,"href":"https:\/\/cimislia.md\/ru\/wp-json\/wp\/v2\/pages\/14553"}],"wp:attachment":[{"href":"https:\/\/cimislia.md\/ru\/wp-json\/wp\/v2\/media?parent=15268"}],"curies":[{"name":"wp","href":"https:\/\/api.w.org\/{rel}","templated":true}]}}