{"id":16302,"date":"2023-10-30T17:08:29","date_gmt":"2023-10-30T15:08:29","guid":{"rendered":"https:\/\/cimislia.md\/?page_id=16302"},"modified":"2023-10-30T17:20:48","modified_gmt":"2023-10-30T15:20:48","slug":"cum-se-platesc-pensiile","status":"publish","type":"page","link":"https:\/\/cimislia.md\/ru\/orasul-si-oamenii\/beneficii-sociale-si-ajutoare\/pensionarea-si-ajutorul-social\/cum-se-platesc-pensiile\/","title":{"rendered":"Cum se pl\u0103tesc pensiile?"},"content":{"rendered":"<div data-elementor-type=\"wp-page\" data-elementor-id=\"16302\" class=\"elementor elementor-16302\">\n\t\t\t\t\t\t\t\t\t<section class=\"elementor-section elementor-top-section elementor-element elementor-element-b052412 elementor-section-boxed elementor-section-height-default elementor-section-height-default\" data-id=\"b052412\" data-element_type=\"section\">\n\t\t\t\t\t\t<div class=\"elementor-container elementor-column-gap-default\">\n\t\t\t\t\t<div class=\"elementor-column elementor-col-100 elementor-top-column elementor-element elementor-element-941441c\" data-id=\"941441c\" data-element_type=\"column\">\n\t\t\t<div class=\"elementor-widget-wrap elementor-element-populated\">\n\t\t\t\t\t\t\t\t<div class=\"elementor-element elementor-element-8eba081 elementor-widget elementor-widget-text-editor\" data-id=\"8eba081\" data-element_type=\"widget\" data-widget_type=\"text-editor.default\">\n\t\t\t\t<div class=\"elementor-widget-container\">\n\t\t\t\t\t\t\t<p>Pensiile se pl\u0103tesc lunar \u00een numerar, pentru luna \u00een curs \u00een localitatea \u00een raza c\u0103reia \u00ee\u0219i are domiciliul beneficiarul sau alte persoane \u00eemputernicite de beneficiar, \u00een baza procurii al c\u0103rei termen de valabilitate nu poate fi mai mare de 6 luni.<\/p><p><u><strong><a href=\"http:\/\/lex.justice.md\/index.php?action=view&amp;view=doc&amp;lang=1&amp;id=317033\" target=\"_blank\" rel=\"noopener\">HG nr. 929\/2006 pentru aprobarea Regulamentului privind modul de plat\u0103 a pensiilor stabilite \u00een sistemul public de asigur\u0103ri sociale de stat \u0219i aloca\u021biilor sociale de stat<\/a><\/strong><\/u><\/p>\t\t\t\t\t\t<\/div>\n\t\t\t\t<\/div>\n\t\t\t\t<div class=\"elementor-element elementor-element-36aed3a elementor-widget elementor-widget-spacer\" data-id=\"36aed3a\" data-element_type=\"widget\" data-widget_type=\"spacer.default\">\n\t\t\t\t<div class=\"elementor-widget-container\">\n\t\t\t\t\t<div class=\"elementor-spacer\">\n\t\t\t<div class=\"elementor-spacer-inner\"><\/div>\n\t\t<\/div>\n\t\t\t\t<\/div>\n\t\t\t\t<\/div>\n\t\t\t\t<div class=\"elementor-element elementor-element-13f2ac6 elementor-widget elementor-widget-the7-accordion\" data-id=\"13f2ac6\" data-element_type=\"widget\" data-widget_type=\"the7-accordion.default\">\n\t\t\t\t<div class=\"elementor-widget-container\">\n\t\t\t\t\t<div class=\"elementor-accordion the7-adv-accordion animate-on-loading\" data-accordion-type=\"accordion\" role=\"tablist\">\n\t\t\t\t\t\t\t<div class=\"elementor-accordion-item\">\n\t\t\t\t\t<h4 id=\"elementor-tab-title-2091\" class=\"elementor-tab-title the7-accordion-header active-default\" data-tab=\"1\" role=\"tab\" aria-controls=\"elementor-tab-content-2091\">\n\n\t\t\t\t\t\t\t\t\t\t\t\t\t<span class=\"elementor-accordion-icon elementor-accordion-icon-left\" aria-hidden=\"true\">\n\t\t\t\t\t\t\t\t\t\t\t\t\t\t\t<span class=\"elementor-accordion-icon-closed\"><i class=\"fas fa-caret-down\"><\/i><\/span>\n\t\t\t\t\t\t\t\t\t\t\t\t\t\t\t\t\t<span class=\"elementor-accordion-icon-opened\"><i class=\"fas fa-caret-up\"><\/i><\/span>\n\t\t\t\t\t\t\t\t\t\t\t\t\t\t\t\t\t\t\t\t\t\t<\/span>\n\t\t\t\t\t\t\t\t\t\t\t\t\t\t\t\t\t\t<a class=\"elementor-accordion-title\" href=\"\">1. Prin intermediul c\u0103ror institu\u021bii financiare se pl\u0103tesc pensiile?<\/a>\n\t\t\t\t\t<\/h4>\n\t\t\t\t\t<div id=\"elementor-tab-content-2091\" class=\"elementor-tab-content elementor-clearfix active-default\" data-tab=\"1\" role=\"tabpanel\" aria-labelledby=\"elementor-tab-title-2091\"><p class=\"active\">Pensiile se pl\u0103tesc prin intermediul:<\/p><ul class=\"active\"><li>Oficiilor po\u0219tale din teritoriu;<\/li><li>B\u0103ncii de Economii sau filialelor ei \u2013 beneficiarul va depune o cerere la Casa Teritorial\u0103 de Asigur\u0103ri Sociale (CTAS) \u00een care va indica codul institu\u021biei bancare \u0219i num\u0103rul contului bancar;<\/li><li>\u00cen baza cardului bancar, care poate fi primit de la Banca de Economii \u2013 beneficiarul va depune o cerere la CTAS, \u00een care va solicita transferul pensiei pe card.<\/li><\/ul><p>\u00a0<\/p><\/div>\n\t\t\t\t<\/div>\n\t\t\t\t\t\t\t<div class=\"elementor-accordion-item\">\n\t\t\t\t\t<h4 id=\"elementor-tab-title-2092\" class=\"elementor-tab-title the7-accordion-header\" data-tab=\"2\" role=\"tab\" aria-controls=\"elementor-tab-content-2092\">\n\n\t\t\t\t\t\t\t\t\t\t\t\t\t<span class=\"elementor-accordion-icon elementor-accordion-icon-left\" aria-hidden=\"true\">\n\t\t\t\t\t\t\t\t\t\t\t\t\t\t\t<span class=\"elementor-accordion-icon-closed\"><i class=\"fas fa-caret-down\"><\/i><\/span>\n\t\t\t\t\t\t\t\t\t\t\t\t\t\t\t\t\t<span class=\"elementor-accordion-icon-opened\"><i class=\"fas fa-caret-up\"><\/i><\/span>\n\t\t\t\t\t\t\t\t\t\t\t\t\t\t\t\t\t\t\t\t\t\t<\/span>\n\t\t\t\t\t\t\t\t\t\t\t\t\t\t\t\t\t\t<a class=\"elementor-accordion-title\" href=\"\">2. Dac\u0103 pensionarul se afl\u0103 temporar peste hotarele \u021b\u0103rii, cum i se achit\u0103 pensia?<\/a>\n\t\t\t\t\t<\/h4>\n\t\t\t\t\t<div id=\"elementor-tab-content-2092\" class=\"elementor-tab-content elementor-clearfix\" data-tab=\"2\" role=\"tabpanel\" aria-labelledby=\"elementor-tab-title-2092\"><p>Dac\u0103 pensionarul se afl\u0103 temporar peste hotarele Republicii Moldova, pensia poate fi primit\u0103 de o alt\u0103 persoan\u0103 \u00een baz\u0103 de procur\u0103, eliberat\u0103 pe un termen de maximum 6 luni. \u00cen cazul \u00een care termenul procurii a expirat, o alt\u0103 procur\u0103 poate fi autentificat\u0103 de ambasada (consulatul) Republicii Moldova din \u021bara de re\u0219edin\u021b\u0103.<\/p><p>\u00a0<\/p><\/div>\n\t\t\t\t<\/div>\n\t\t\t\t\t\t\t<div class=\"elementor-accordion-item\">\n\t\t\t\t\t<h4 id=\"elementor-tab-title-2093\" class=\"elementor-tab-title the7-accordion-header\" data-tab=\"3\" role=\"tab\" aria-controls=\"elementor-tab-content-2093\">\n\n\t\t\t\t\t\t\t\t\t\t\t\t\t<span class=\"elementor-accordion-icon elementor-accordion-icon-left\" aria-hidden=\"true\">\n\t\t\t\t\t\t\t\t\t\t\t\t\t\t\t<span class=\"elementor-accordion-icon-closed\"><i class=\"fas fa-caret-down\"><\/i><\/span>\n\t\t\t\t\t\t\t\t\t\t\t\t\t\t\t\t\t<span class=\"elementor-accordion-icon-opened\"><i class=\"fas fa-caret-up\"><\/i><\/span>\n\t\t\t\t\t\t\t\t\t\t\t\t\t\t\t\t\t\t\t\t\t\t<\/span>\n\t\t\t\t\t\t\t\t\t\t\t\t\t\t\t\t\t\t<a class=\"elementor-accordion-title\" href=\"\">3. Dac\u0103 pensionarul s-a stabilit \u00een alt\u0103 localitate, cum se efectueaz\u0103 plata pensiei?<\/a>\n\t\t\t\t\t<\/h4>\n\t\t\t\t\t<div id=\"elementor-tab-content-2093\" class=\"elementor-tab-content elementor-clearfix\" data-tab=\"3\" role=\"tabpanel\" aria-labelledby=\"elementor-tab-title-2093\"><p>\u00cen cazul \u00een care pensionarul sau beneficiarul de aloca\u0163ie \u00ee\u015fi stabile\u015fte domiciliul \u00een alt raion, plata pensiei sau aloca\u0163iei se efectueaz\u0103 la locul nou de trai, \u00eencep\u00eend cu luna din care aceasta a fost suspendat\u0103 la locul precedent de trai.\u00a0<\/p><p>\u00a0<\/p><\/div>\n\t\t\t\t<\/div>\n\t\t\t\t\t\t\t<div class=\"elementor-accordion-item\">\n\t\t\t\t\t<h4 id=\"elementor-tab-title-2094\" class=\"elementor-tab-title the7-accordion-header\" data-tab=\"4\" role=\"tab\" aria-controls=\"elementor-tab-content-2094\">\n\n\t\t\t\t\t\t\t\t\t\t\t\t\t<span class=\"elementor-accordion-icon elementor-accordion-icon-left\" aria-hidden=\"true\">\n\t\t\t\t\t\t\t\t\t\t\t\t\t\t\t<span class=\"elementor-accordion-icon-closed\"><i class=\"fas fa-caret-down\"><\/i><\/span>\n\t\t\t\t\t\t\t\t\t\t\t\t\t\t\t\t\t<span class=\"elementor-accordion-icon-opened\"><i class=\"fas fa-caret-up\"><\/i><\/span>\n\t\t\t\t\t\t\t\t\t\t\t\t\t\t\t\t\t\t\t\t\t\t<\/span>\n\t\t\t\t\t\t\t\t\t\t\t\t\t\t\t\t\t\t<a class=\"elementor-accordion-title\" href=\"\">4. Dac\u0103 pensionarul a plecat peste hotarele \u021b\u0103rii pentru tratament \u0219i timp de 2 ani nu a primit pensia, cum poate primi pensia pe aceast\u0103 perioad\u0103?<\/a>\n\t\t\t\t\t<\/h4>\n\t\t\t\t\t<div id=\"elementor-tab-content-2094\" class=\"elementor-tab-content elementor-clearfix\" data-tab=\"4\" role=\"tabpanel\" aria-labelledby=\"elementor-tab-title-2094\"><p class=\"active\">Pensionarul va depune cerere de reluare a pensiei la Casa Teritorial\u0103 de Asigur\u0103ri Sociale. La cerere va anexa copia buletinului de identitate. \u00cen cazul dat pensia va fi achitat\u0103 integral pe perioada a 2 ani.<\/p><p class=\"active\">Conform prevederilor legii, plata pensiei se reia din luna \u00een care beneficiarul a depus cererea \u015fi actele ce confirm\u0103 dreptul s\u0103u la plata pensiei, aceasta fiind achitat\u0103 retroactiv pe o perioad\u0103 de cel mult 3 ani anteriori datei solicit\u0103rii, dar nu mai devreme de data suspend\u0103rii.<\/p><p>\u00a0<\/p><\/div>\n\t\t\t\t<\/div>\n\t\t\t\t\t\t\t<div class=\"elementor-accordion-item\">\n\t\t\t\t\t<h4 id=\"elementor-tab-title-2095\" class=\"elementor-tab-title the7-accordion-header\" data-tab=\"5\" role=\"tab\" aria-controls=\"elementor-tab-content-2095\">\n\n\t\t\t\t\t\t\t\t\t\t\t\t\t<span class=\"elementor-accordion-icon elementor-accordion-icon-left\" aria-hidden=\"true\">\n\t\t\t\t\t\t\t\t\t\t\t\t\t\t\t<span class=\"elementor-accordion-icon-closed\"><i class=\"fas fa-caret-down\"><\/i><\/span>\n\t\t\t\t\t\t\t\t\t\t\t\t\t\t\t\t\t<span class=\"elementor-accordion-icon-opened\"><i class=\"fas fa-caret-up\"><\/i><\/span>\n\t\t\t\t\t\t\t\t\t\t\t\t\t\t\t\t\t\t\t\t\t\t<\/span>\n\t\t\t\t\t\t\t\t\t\t\t\t\t\t\t\t\t\t<a class=\"elementor-accordion-title\" href=\"\">5. Dac\u0103 beneficiarul de pensie a decedat ce un an \u00een urm\u0103 \u0219i din motive \u00eentemeiate nu a primit pensia pe 6 luni, cine o poate primi \u00een locul acestuia?<\/a>\n\t\t\t\t\t<\/h4>\n\t\t\t\t\t<div id=\"elementor-tab-content-2095\" class=\"elementor-tab-content elementor-clearfix\" data-tab=\"5\" role=\"tabpanel\" aria-labelledby=\"elementor-tab-title-2095\"><p>Pensia neachitat\u0103, \u00een leg\u0103tur\u0103 cu decesul beneficiarului, se pl\u0103te\u015fte inclusiv pentru luna decesului pentru o perioad\u0103 de cel mult 3 ani din ziua decesului pensionarului so\u0163ului supravie\u0163uitor, p\u0103rin\u0163ilor, copiilor acestuia, iar \u00een cazul lipsei acestora &#8211; persoanei care dovede\u015fte c\u0103 a suportat cheltuielile ocazionate de deces.<\/p><p>\u00a0<\/p><\/div>\n\t\t\t\t<\/div>\n\t\t\t\t\t\t\t<div class=\"elementor-accordion-item\">\n\t\t\t\t\t<h4 id=\"elementor-tab-title-2096\" class=\"elementor-tab-title the7-accordion-header\" data-tab=\"6\" role=\"tab\" aria-controls=\"elementor-tab-content-2096\">\n\n\t\t\t\t\t\t\t\t\t\t\t\t\t<span class=\"elementor-accordion-icon elementor-accordion-icon-left\" aria-hidden=\"true\">\n\t\t\t\t\t\t\t\t\t\t\t\t\t\t\t<span class=\"elementor-accordion-icon-closed\"><i class=\"fas fa-caret-down\"><\/i><\/span>\n\t\t\t\t\t\t\t\t\t\t\t\t\t\t\t\t\t<span class=\"elementor-accordion-icon-opened\"><i class=\"fas fa-caret-up\"><\/i><\/span>\n\t\t\t\t\t\t\t\t\t\t\t\t\t\t\t\t\t\t\t\t\t\t<\/span>\n\t\t\t\t\t\t\t\t\t\t\t\t\t\t\t\t\t\t<a class=\"elementor-accordion-title\" href=\"\">6. Dac\u0103 pensionarul se afl\u0103 \u00een \u00eentre\u021binerea deplin\u0103 a statului, acesta are dreptul s\u0103 beneficieze de pensie?<\/a>\n\t\t\t\t\t<\/h4>\n\t\t\t\t\t<div id=\"elementor-tab-content-2096\" class=\"elementor-tab-content elementor-clearfix\" data-tab=\"6\" role=\"tabpanel\" aria-labelledby=\"elementor-tab-title-2096\"><p class=\"active\">Pensia pentru pensionarii \u0219i invalizii afla\u021bi \u00een \u00eentre\u021binerea deplin\u0103 a statului (persoanele cazate \u00een aziluri de b\u0103tr\u00eeni, institu\u021bii sociale, centre de plasament) se pl\u0103te\u0219te \u00een propor\u021bii de 25% din m\u0103rimea pensiei stabilite.<\/p><p class=\"active\">Pensia de urma\u015f se pl\u0103te\u015fte integral copiilor care se afl\u0103 \u00een \u00eentre\u0163inerea deplin\u0103 a statului.<\/p><p class=\"active\">Beneficiarilor de pensii din r\u00eendurile militarilor care tr\u0103iesc \u00een aziluri li se pl\u0103te\u0219te diferen\u021ba dintre pensie \u0219i costul \u00eentre\u021binerii, dar nu mai pu\u021bin de 25% din m\u0103rimea pensiei stabilite.<\/p><p class=\"active\"><u><strong><a href=\"http:\/\/lex.justice.md\/index.php?action=view&amp;view=doc&amp;lang=1&amp;id=317033\" target=\"_blank\" rel=\"noopener\">HG nr. 929\/2006 pentru aprobarea Regulamentului privind modul de plat\u0103 a pensiilor stabilite \u00een sistemul public de asigur\u0103ri sociale de stat \u0219i aloca\u021biilor sociale de stat.<\/a><\/strong><\/u><\/p><p>\u00a0<\/p><\/div>\n\t\t\t\t<\/div>\n\t\t\t\t\t\t\t<div class=\"elementor-accordion-item\">\n\t\t\t\t\t<h4 id=\"elementor-tab-title-2097\" class=\"elementor-tab-title the7-accordion-header\" data-tab=\"7\" role=\"tab\" aria-controls=\"elementor-tab-content-2097\">\n\n\t\t\t\t\t\t\t\t\t\t\t\t\t<span class=\"elementor-accordion-icon elementor-accordion-icon-left\" aria-hidden=\"true\">\n\t\t\t\t\t\t\t\t\t\t\t\t\t\t\t<span class=\"elementor-accordion-icon-closed\"><i class=\"fas fa-caret-down\"><\/i><\/span>\n\t\t\t\t\t\t\t\t\t\t\t\t\t\t\t\t\t<span class=\"elementor-accordion-icon-opened\"><i class=\"fas fa-caret-up\"><\/i><\/span>\n\t\t\t\t\t\t\t\t\t\t\t\t\t\t\t\t\t\t\t\t\t\t<\/span>\n\t\t\t\t\t\t\t\t\t\t\t\t\t\t\t\t\t\t<a class=\"elementor-accordion-title\" href=\"\">7. C\u00eend se efectueaz\u0103 re\u021bineri din suma pensiilor?<\/a>\n\t\t\t\t\t<\/h4>\n\t\t\t\t\t<div id=\"elementor-tab-content-2097\" class=\"elementor-tab-content elementor-clearfix\" data-tab=\"7\" role=\"tabpanel\" aria-labelledby=\"elementor-tab-title-2097\"><p class=\"active\">Re\u0163inerile din pensie se efectueaz\u0103 \u00een baza:<\/p><p class=\"active\">a) deciziilor instan\u0163elor judec\u0103tore\u015fti;<\/p><p class=\"active\">b) deciziilor organelor administrative;<\/p><p class=\"active\">c) deciziilor organului de asigur\u0103ri sociale.<\/p><ul class=\"active\"><li>Sumele pensiei sau aloca\u0163iei pl\u0103tite nelegitim \u00een urma abuzurilor din partea beneficiarului se restituie integral \u00een contul Casei Na\u0163ionale, achit\u00eend lunar suma ce nu dep\u0103\u0219e\u0219te 20% din suma pensiei stabilite.<\/li><li>Din pensia de urma\u0219 stabilit\u0103 p\u0103rintelui sau tutorelui pentru copii nu se fac re\u021bineri.<\/li><li>Nu se re\u021bin din pensie sumele pl\u0103tite \u00een plus din gre\u0219eala organului de asigur\u0103ri sociale.<\/li><\/ul><p class=\"active\"><u><strong><a href=\"http:\/\/lex.justice.md\/index.php?action=view&amp;view=doc&amp;lang=1&amp;id=317033\" target=\"_blank\" rel=\"noopener\">HG nr. 929\/2006 pentru aprobarea Regulamentului privind modul de plat\u0103 a pensiilor stabilite \u00een sistemul public de asigur\u0103ri sociale de stat \u0219i aloca\u021biilor sociale de stat<\/a><\/strong><\/u><\/p><p>\u00a0<\/p><\/div>\n\t\t\t\t<\/div>\n\t\t\t\t\t<\/div>\n\t\t\t\t<\/div>\n\t\t\t\t<\/div>\n\t\t\t\t\t<\/div>\n\t\t<\/div>\n\t\t\t\t\t\t\t<\/div>\n\t\t<\/section>\n\t\t\t\t\t\t\t<\/div>","protected":false},"excerpt":{"rendered":"<p>Pensiile se pl\u0103tesc lunar \u00een numerar, pentru luna \u00een curs \u00een localitatea \u00een raza c\u0103reia \u00ee\u0219i are domiciliul beneficiarul sau alte persoane \u00eemputernicite de beneficiar, \u00een baza procurii al c\u0103rei termen de valabilitate nu poate fi mai mare de 6 luni. HG nr. 929\/2006 pentru aprobarea Regulamentului privind modul de plat\u0103 a pensiilor stabilite \u00een&hellip;<\/p>","protected":false},"author":1,"featured_media":0,"parent":15193,"menu_order":0,"comment_status":"closed","ping_status":"closed","template":"","meta":{"inline_featured_image":false,"footnotes":""},"_links":{"self":[{"href":"https:\/\/cimislia.md\/ru\/wp-json\/wp\/v2\/pages\/16302"}],"collection":[{"href":"https:\/\/cimislia.md\/ru\/wp-json\/wp\/v2\/pages"}],"about":[{"href":"https:\/\/cimislia.md\/ru\/wp-json\/wp\/v2\/types\/page"}],"author":[{"embeddable":true,"href":"https:\/\/cimislia.md\/ru\/wp-json\/wp\/v2\/users\/1"}],"replies":[{"embeddable":true,"href":"https:\/\/cimislia.md\/ru\/wp-json\/wp\/v2\/comments?post=16302"}],"version-history":[{"count":0,"href":"https:\/\/cimislia.md\/ru\/wp-json\/wp\/v2\/pages\/16302\/revisions"}],"up":[{"embeddable":true,"href":"https:\/\/cimislia.md\/ru\/wp-json\/wp\/v2\/pages\/15193"}],"wp:attachment":[{"href":"https:\/\/cimislia.md\/ru\/wp-json\/wp\/v2\/media?parent=16302"}],"curies":[{"name":"wp","href":"https:\/\/api.w.org\/{rel}","templated":true}]}}