{"id":16304,"date":"2023-10-30T17:08:51","date_gmt":"2023-10-30T15:08:51","guid":{"rendered":"https:\/\/cimislia.md\/?page_id=16304"},"modified":"2023-10-30T17:22:38","modified_gmt":"2023-10-30T15:22:38","slug":"pensia-pentru-limita-de-virsta","status":"publish","type":"page","link":"https:\/\/cimislia.md\/ru\/orasul-si-oamenii\/beneficii-sociale-si-ajutoare\/pensionarea-si-ajutorul-social\/pensia-pentru-limita-de-virsta\/","title":{"rendered":"Pensia pentru limit\u0103 de v\u00eerst\u0103"},"content":{"rendered":"<div data-elementor-type=\"wp-page\" data-elementor-id=\"16304\" class=\"elementor elementor-16304\">\n\t\t\t\t\t\t\t\t\t<section class=\"elementor-section elementor-top-section elementor-element elementor-element-7f44ac4 elementor-section-boxed elementor-section-height-default elementor-section-height-default\" data-id=\"7f44ac4\" data-element_type=\"section\">\n\t\t\t\t\t\t<div class=\"elementor-container elementor-column-gap-default\">\n\t\t\t\t\t<div class=\"elementor-column elementor-col-100 elementor-top-column elementor-element elementor-element-40fa8b1\" data-id=\"40fa8b1\" data-element_type=\"column\">\n\t\t\t<div class=\"elementor-widget-wrap elementor-element-populated\">\n\t\t\t\t\t\t\t\t<div class=\"elementor-element elementor-element-dc973dc elementor-widget elementor-widget-the7-accordion\" data-id=\"dc973dc\" data-element_type=\"widget\" data-widget_type=\"the7-accordion.default\">\n\t\t\t\t<div class=\"elementor-widget-container\">\n\t\t\t\t\t<div class=\"elementor-accordion the7-adv-accordion animate-on-loading\" data-accordion-type=\"accordion\" role=\"tablist\">\n\t\t\t\t\t\t\t<div class=\"elementor-accordion-item\">\n\t\t\t\t\t<h4 id=\"elementor-tab-title-2311\" class=\"elementor-tab-title the7-accordion-header active-default\" data-tab=\"1\" role=\"tab\" aria-controls=\"elementor-tab-content-2311\">\n\n\t\t\t\t\t\t\t\t\t\t\t\t\t<span class=\"elementor-accordion-icon elementor-accordion-icon-left\" aria-hidden=\"true\">\n\t\t\t\t\t\t\t\t\t\t\t\t\t\t\t<span class=\"elementor-accordion-icon-closed\"><i class=\"fas fa-caret-down\"><\/i><\/span>\n\t\t\t\t\t\t\t\t\t\t\t\t\t\t\t\t\t<span class=\"elementor-accordion-icon-opened\"><i class=\"fas fa-caret-up\"><\/i><\/span>\n\t\t\t\t\t\t\t\t\t\t\t\t\t\t\t\t\t\t\t\t\t\t<\/span>\n\t\t\t\t\t\t\t\t\t\t\t\t\t\t\t\t\t\t<a class=\"elementor-accordion-title\" href=\"\">1. Cine \u0219i cum poate beneficia de pensie pentru limit\u0103 de v\u00eerst\u0103?<\/a>\n\t\t\t\t\t<\/h4>\n\t\t\t\t\t<div id=\"elementor-tab-content-2311\" class=\"elementor-tab-content elementor-clearfix active-default\" data-tab=\"1\" role=\"tabpanel\" aria-labelledby=\"elementor-tab-title-2311\"><p class=\"active\">Pensia pentru limit\u0103 de v\u00eerst\u0103 se stabile\u0219te \u00een baza condi\u021biilor generale \u0219i \u00een baza condi\u021biilor cu \u00eenlesniri.<\/p><p class=\"active\"><u><strong><a href=\"http:\/\/lex.justice.md\/index.php?action=view&amp;view=doc&amp;lang=1&amp;id=313291\" target=\"_blank\" rel=\"noopener\">Legea nr. 156 din 1998 privind pensiile de asigur\u0103ri sociale de stat<\/a><\/strong><\/u><\/p><p class=\"active\">Dreptul la pensie pentru limit\u0103 de v\u00eerst\u0103 pe baza condi\u021biilor generale apare din momentul c\u00eend persoana \u00eendepline\u0219te urm\u0103toarele condi\u021bii obligatorii:<\/p><p class=\"active\"><strong>V\u00eersta de pensionare necesar\u0103:\u00a0\u00a0 \u00a0 Stagiul de cotizare necesar,\u00a0<br \/>\u00a0 \u00a0 \u00a0 \u00a0 \u00a0 \u00eencep\u00eend cu 01.07.2011<\/strong><\/p><p class=\"active\">Pentru femei \u2013 57 de ani \u00a0 \u00a0 \u00a0 \u00a0 \u00a0 \u00a0 \u00a0 \u00a0 \u00a0pentru femei \u2013 30 de ani<\/p><p class=\"active\">Pentru b\u0103rba\u021bi \u2013 62 de ani \u00a0 \u00a0 \u00a0 \u00a0 \u00a0 \u00a0 \u00a0 \u00a0pentru b\u0103rba\u021bi \u2013 30 de ani \u0219i 6 luni<\/p><p class=\"active\"><em>Not\u0103:<\/em>\u00a0\u00cencep\u00eend cu 1 iulie 2011, stagiul de cotizare general se majoreaz\u0103 anual cu 6 luni p\u00een\u0103 la atingerea stagiului de cotizare de 35 de ani pentru b\u0103rba\u021bi.<\/p><p>\u00a0<\/p><\/div>\n\t\t\t\t<\/div>\n\t\t\t\t\t\t\t<div class=\"elementor-accordion-item\">\n\t\t\t\t\t<h4 id=\"elementor-tab-title-2312\" class=\"elementor-tab-title the7-accordion-header\" data-tab=\"2\" role=\"tab\" aria-controls=\"elementor-tab-content-2312\">\n\n\t\t\t\t\t\t\t\t\t\t\t\t\t<span class=\"elementor-accordion-icon elementor-accordion-icon-left\" aria-hidden=\"true\">\n\t\t\t\t\t\t\t\t\t\t\t\t\t\t\t<span class=\"elementor-accordion-icon-closed\"><i class=\"fas fa-caret-down\"><\/i><\/span>\n\t\t\t\t\t\t\t\t\t\t\t\t\t\t\t\t\t<span class=\"elementor-accordion-icon-opened\"><i class=\"fas fa-caret-up\"><\/i><\/span>\n\t\t\t\t\t\t\t\t\t\t\t\t\t\t\t\t\t\t\t\t\t\t<\/span>\n\t\t\t\t\t\t\t\t\t\t\t\t\t\t\t\t\t\t<a class=\"elementor-accordion-title\" href=\"\">2. Care sunt \u00eenlesnirile la stabilirea pensiei pentru femeile care au n\u0103scut \u0219i crescut 5 \u0219i mai mul\u021bi copii?<\/a>\n\t\t\t\t\t<\/h4>\n\t\t\t\t\t<div id=\"elementor-tab-content-2312\" class=\"elementor-tab-content elementor-clearfix\" data-tab=\"2\" role=\"tabpanel\" aria-labelledby=\"elementor-tab-title-2312\"><p>Pentru femeile care au n\u0103scut \u0219i au educat 5 \u0219i mai mul\u021bi copii p\u00een\u0103 la v\u00eersta de 8 ani dreptul la pensie apare odat\u0103 cu atingerea v\u00eerstei de 54 de ani \u0219i un stagiu de cotizare de 30 de ani.<\/p><p>\u00a0<\/p><\/div>\n\t\t\t\t<\/div>\n\t\t\t\t\t\t\t<div class=\"elementor-accordion-item\">\n\t\t\t\t\t<h4 id=\"elementor-tab-title-2313\" class=\"elementor-tab-title the7-accordion-header\" data-tab=\"3\" role=\"tab\" aria-controls=\"elementor-tab-content-2313\">\n\n\t\t\t\t\t\t\t\t\t\t\t\t\t<span class=\"elementor-accordion-icon elementor-accordion-icon-left\" aria-hidden=\"true\">\n\t\t\t\t\t\t\t\t\t\t\t\t\t\t\t<span class=\"elementor-accordion-icon-closed\"><i class=\"fas fa-caret-down\"><\/i><\/span>\n\t\t\t\t\t\t\t\t\t\t\t\t\t\t\t\t\t<span class=\"elementor-accordion-icon-opened\"><i class=\"fas fa-caret-up\"><\/i><\/span>\n\t\t\t\t\t\t\t\t\t\t\t\t\t\t\t\t\t\t\t\t\t\t<\/span>\n\t\t\t\t\t\t\t\t\t\t\t\t\t\t\t\t\t\t<a class=\"elementor-accordion-title\" href=\"\">3. Care sunt \u00eenlesnirile la stabilirea pensiei pentru persoanele care au lucrat \u00een condi\u021bii nocive \u0219i foarte grele?<\/a>\n\t\t\t\t\t<\/h4>\n\t\t\t\t\t<div id=\"elementor-tab-content-2313\" class=\"elementor-tab-content elementor-clearfix\" data-tab=\"3\" role=\"tabpanel\" aria-labelledby=\"elementor-tab-title-2313\"><p class=\"active\">Pentru persoanele ocupate la lucr\u0103ri nocive \u0219i foarte grele dreptul la pensie apare odat\u0103 cu \u00eendeplinirea urm\u0103toarelor condi\u021bii:<\/p><p class=\"active\"><strong>V\u00eersta de pensionare necesar\u0103: Stagiul de cotizare general, necesar,<\/strong><\/p><p class=\"active\">\u00a0 \u00a0 \u00a0 \u00a0 \u00a0 \u00eencep\u00eend cu 01.07.2011<\/p><p class=\"active\">Pentru femei \u2013 49 de ani \u00a0 \u00a0 \u00a0 \u00a0 \u00a0 \u00a0 pentru femei \u2013 30 de ani<\/p><p class=\"active\">Pentru b\u0103rba\u021bi \u2013 54 de ani \u00a0 \u00a0 \u00a0 \u00a0 \u00a0 pentru b\u0103rba\u021bi \u2013 30 de ani \u0219i 6 luni<\/p><p class=\"active\">\u00a0<\/p><p class=\"active\"><strong>Stagiul de cotizare special:<\/strong><\/p><p class=\"active\">pentru femei \u2013 7 ani \u0219i 6 luni<\/p><p class=\"active\">pentru b\u0103rba\u021bi \u2013 10 ani<\/p><p class=\"active\">Stagiul special se include la determinarea dreptului la pensie cu condi\u0163ia c\u0103 persoana a fost ocupat\u0103 la lucr\u0103ri nocive ziua complet\u0103 de munc\u0103.<\/p><p class=\"active\"><em>Not\u0103:<\/em>\u00a0\u00cencep\u00eend cu 1 iulie 2011, stagiul de cotizare general pentru b\u0103rba\u0163i se majoreaz\u0103 anual cu 6 luni p\u00een\u0103 la atingerea stagiului de cotizare de 35 de ani.<\/p><p>\u00a0<\/p><\/div>\n\t\t\t\t<\/div>\n\t\t\t\t\t\t\t<div class=\"elementor-accordion-item\">\n\t\t\t\t\t<h4 id=\"elementor-tab-title-2314\" class=\"elementor-tab-title the7-accordion-header\" data-tab=\"4\" role=\"tab\" aria-controls=\"elementor-tab-content-2314\">\n\n\t\t\t\t\t\t\t\t\t\t\t\t\t<span class=\"elementor-accordion-icon elementor-accordion-icon-left\" aria-hidden=\"true\">\n\t\t\t\t\t\t\t\t\t\t\t\t\t\t\t<span class=\"elementor-accordion-icon-closed\"><i class=\"fas fa-caret-down\"><\/i><\/span>\n\t\t\t\t\t\t\t\t\t\t\t\t\t\t\t\t\t<span class=\"elementor-accordion-icon-opened\"><i class=\"fas fa-caret-up\"><\/i><\/span>\n\t\t\t\t\t\t\t\t\t\t\t\t\t\t\t\t\t\t\t\t\t\t<\/span>\n\t\t\t\t\t\t\t\t\t\t\t\t\t\t\t\t\t\t<a class=\"elementor-accordion-title\" href=\"\">4. Care sunt \u00eenlesnirile la stabilirea pensiei pentru limit\u0103 de v\u00eerst\u0103 pentru participan\u021bii la lichidarea consecin\u021belor avariei de la Cernob\u00eel?<\/a>\n\t\t\t\t\t<\/h4>\n\t\t\t\t\t<div id=\"elementor-tab-content-2314\" class=\"elementor-tab-content elementor-clearfix\" data-tab=\"4\" role=\"tabpanel\" aria-labelledby=\"elementor-tab-title-2314\"><p class=\"active\">Pentru participan\u021bii la lucr\u0103rile de lichidare a consecin\u021belor avariei de la Cernob\u00eel dreptul la pensie apare \u00een temeiul\u00a0Legii nr. 909 din 1992 privind protec\u021bia social\u0103 a cet\u0103\u021benilor care au avut de suferit de pe urma catastrofei de la Cernob\u00eel.<\/p><ul class=\"active\"><li>Pentru participan\u021bii la lucr\u0103rile de lichidare a consecin\u021belor avariei de la Cernob\u00e2l \u00een perioada 1986-1987;<\/li><li>Pentru participan\u021bii care s-au \u00eemboln\u0103vit de o boal\u0103 pofesional\u0103 legat\u0103 de iradierea \u00een timpul particip\u0103rii la lucr\u0103rile de lichidare a consecin\u021belor avariei, dreptul la pensie apare odat\u0103 cu \u00eendeplinirea urm\u0103toarelor condi\u021bii:<\/li><\/ul><p class=\"active\"><strong>V\u00eersta de pensionare necesar\u0103:\u00a0\u00a0 \u00a0 Stagiul de cotizare necesar:<\/strong><\/p><p class=\"active\">Pentru femei \u2013 45 de ani \u00a0 \u00a0 \u00a0 \u00a0 \u00a0 \u00a0 \u00a0 \u00a0 \u00a0pentru femei \u2013 15 ani<\/p><p class=\"active\">Pentru b\u0103rba\u021bi \u2013 50 de ani \u00a0 \u00a0 \u00a0 \u00a0 \u00a0 \u00a0 \u00a0 \u00a0pentru b\u0103rba\u021bi \u2013 20 de ani<\/p><ul class=\"active\"><li>Pentru participan\u021bii la lucr\u0103rile de lichidare a consecin\u021belor avariei de la Cernob\u00eel \u00een anul 1988 dreptul la pensie apare din momentul \u00eendeplinirii urm\u0103toarelor condi\u021bii:<\/li><\/ul><p class=\"active\"><strong>V\u00eersta de pensionare necesar\u0103:\u00a0\u00a0 \u00a0 Stagiul de cotizare necesar:<\/strong><\/p><p class=\"active\">Pentru femei \u2013 50 de ani \u00a0 \u00a0 \u00a0 \u00a0 \u00a0 \u00a0 \u00a0 \u00a0 pentru femei \u2013 20 de ani<\/p><p class=\"active\">Pentru b\u0103rba\u021bi \u2013 55 de ani \u00a0 \u00a0 \u00a0 \u00a0 \u00a0 \u00a0 \u00a0 pentru b\u0103rba\u021bi \u2013 25 de ani<\/p><p>\u00a0<\/p><\/div>\n\t\t\t\t<\/div>\n\t\t\t\t\t\t\t<div class=\"elementor-accordion-item\">\n\t\t\t\t\t<h4 id=\"elementor-tab-title-2315\" class=\"elementor-tab-title the7-accordion-header\" data-tab=\"5\" role=\"tab\" aria-controls=\"elementor-tab-content-2315\">\n\n\t\t\t\t\t\t\t\t\t\t\t\t\t<span class=\"elementor-accordion-icon elementor-accordion-icon-left\" aria-hidden=\"true\">\n\t\t\t\t\t\t\t\t\t\t\t\t\t\t\t<span class=\"elementor-accordion-icon-closed\"><i class=\"fas fa-caret-down\"><\/i><\/span>\n\t\t\t\t\t\t\t\t\t\t\t\t\t\t\t\t\t<span class=\"elementor-accordion-icon-opened\"><i class=\"fas fa-caret-up\"><\/i><\/span>\n\t\t\t\t\t\t\t\t\t\t\t\t\t\t\t\t\t\t\t\t\t\t<\/span>\n\t\t\t\t\t\t\t\t\t\t\t\t\t\t\t\t\t\t<a class=\"elementor-accordion-title\" href=\"\">5. \u00cen ce termen \u0219i unde se depun cererile pentru stabilirea pensiei pentru limit\u0103 de v\u00eerst\u0103?<\/a>\n\t\t\t\t\t<\/h4>\n\t\t\t\t\t<div id=\"elementor-tab-content-2315\" class=\"elementor-tab-content elementor-clearfix\" data-tab=\"5\" role=\"tabpanel\" aria-labelledby=\"elementor-tab-title-2315\"><p class=\"active\">Cererea pentru stabilirea pensiei pentru limit\u0103 de v\u00eerst\u0103 se depune la Casa Teritorial\u0103 de Asigur\u0103ri Sociale (CTAS) \u00een raza c\u0103reia se afl\u0103 domiciliul solicitantului. La cerere se anexeaz\u0103 urm\u0103toarele documente:<\/p><ul class=\"active\"><li>Carnetul de munc\u0103 (\u00een orginal \u0219i copie);<\/li><li>Livretul militar (\u00een orginal \u0219i copie);<\/li><li>Certificatele de na\u0219tere ale copiilor (\u00een orginal \u0219i copie);<\/li><li>Certificatele de salariu (15 ani anteriori p\u00een\u0103 la 01.01.1999 \u00een original);<\/li><li>Diploma de studii superioare (\u00een origilal \u0219i copie);<\/li><li>Certificatul de c\u0103s\u0103torie sau de divor\u021b (\u00een orginal \u0219i copie);<\/li><li>Alte documente ce confirm\u0103 stagiul de cotizare.<\/li><\/ul><p class=\"active\">Cererea \u0219i documentele necesare se depun personal la CTAS de la domiciliul solicitantului \u00een termen de 30 de zile de la data apari\u021biei dreptului.<\/p><p class=\"active\">\u00cen cazul \u00een care cererea nu a fost depus\u0103 \u00een termen de 30 de zile, pensia se va stabili din data depunerii cererii, dar nu din data apari\u021biei dreptului la pensie.<\/p><p>\u00a0<\/p><\/div>\n\t\t\t\t<\/div>\n\t\t\t\t\t<\/div>\n\t\t\t\t<\/div>\n\t\t\t\t<\/div>\n\t\t\t\t\t<\/div>\n\t\t<\/div>\n\t\t\t\t\t\t\t<\/div>\n\t\t<\/section>\n\t\t\t\t\t\t\t<\/div>","protected":false},"excerpt":{"rendered":"<p>1. Cine \u0219i cum poate beneficia de pensie pentru limit\u0103 de v\u00eerst\u0103? Pensia pentru limit\u0103 de v\u00eerst\u0103 se stabile\u0219te \u00een baza condi\u021biilor generale \u0219i \u00een baza condi\u021biilor cu \u00eenlesniri. Legea nr. 156 din 1998 privind pensiile de asigur\u0103ri sociale de stat Dreptul la pensie pentru limit\u0103 de v\u00eerst\u0103 pe baza condi\u021biilor generale apare din momentul&hellip;<\/p>","protected":false},"author":1,"featured_media":0,"parent":15193,"menu_order":0,"comment_status":"closed","ping_status":"closed","template":"","meta":{"inline_featured_image":false,"footnotes":""},"_links":{"self":[{"href":"https:\/\/cimislia.md\/ru\/wp-json\/wp\/v2\/pages\/16304"}],"collection":[{"href":"https:\/\/cimislia.md\/ru\/wp-json\/wp\/v2\/pages"}],"about":[{"href":"https:\/\/cimislia.md\/ru\/wp-json\/wp\/v2\/types\/page"}],"author":[{"embeddable":true,"href":"https:\/\/cimislia.md\/ru\/wp-json\/wp\/v2\/users\/1"}],"replies":[{"embeddable":true,"href":"https:\/\/cimislia.md\/ru\/wp-json\/wp\/v2\/comments?post=16304"}],"version-history":[{"count":0,"href":"https:\/\/cimislia.md\/ru\/wp-json\/wp\/v2\/pages\/16304\/revisions"}],"up":[{"embeddable":true,"href":"https:\/\/cimislia.md\/ru\/wp-json\/wp\/v2\/pages\/15193"}],"wp:attachment":[{"href":"https:\/\/cimislia.md\/ru\/wp-json\/wp\/v2\/media?parent=16304"}],"curies":[{"name":"wp","href":"https:\/\/api.w.org\/{rel}","templated":true}]}}