{"id":16308,"date":"2023-10-30T17:09:36","date_gmt":"2023-10-30T15:09:36","guid":{"rendered":"https:\/\/cimislia.md\/?page_id=16308"},"modified":"2023-10-30T17:28:22","modified_gmt":"2023-10-30T15:28:22","slug":"pensia-de-dizabilitate-cu-statut-militar","status":"publish","type":"page","link":"https:\/\/cimislia.md\/ru\/orasul-si-oamenii\/beneficii-sociale-si-ajutoare\/pensionarea-si-ajutorul-social\/pensia-de-dizabilitate-cu-statut-militar\/","title":{"rendered":"Pensia de dizabilitate cu statut militar"},"content":{"rendered":"<div data-elementor-type=\"wp-page\" data-elementor-id=\"16308\" class=\"elementor elementor-16308\">\n\t\t\t\t\t\t\t\t\t<section class=\"elementor-section elementor-top-section elementor-element elementor-element-44e6526 elementor-section-boxed elementor-section-height-default elementor-section-height-default\" data-id=\"44e6526\" data-element_type=\"section\">\n\t\t\t\t\t\t<div class=\"elementor-container elementor-column-gap-default\">\n\t\t\t\t\t<div class=\"elementor-column elementor-col-100 elementor-top-column elementor-element elementor-element-d8dd90f\" data-id=\"d8dd90f\" data-element_type=\"column\">\n\t\t\t<div class=\"elementor-widget-wrap elementor-element-populated\">\n\t\t\t\t\t\t\t\t<div class=\"elementor-element elementor-element-bc83ba4 elementor-widget elementor-widget-the7-accordion\" data-id=\"bc83ba4\" data-element_type=\"widget\" data-widget_type=\"the7-accordion.default\">\n\t\t\t\t<div class=\"elementor-widget-container\">\n\t\t\t\t\t<div class=\"elementor-accordion the7-adv-accordion animate-on-loading\" data-accordion-type=\"accordion\" role=\"tablist\">\n\t\t\t\t\t\t\t<div class=\"elementor-accordion-item\">\n\t\t\t\t\t<h4 id=\"elementor-tab-title-1971\" class=\"elementor-tab-title the7-accordion-header active-default\" data-tab=\"1\" role=\"tab\" aria-controls=\"elementor-tab-content-1971\">\n\n\t\t\t\t\t\t\t\t\t\t\t\t\t<span class=\"elementor-accordion-icon elementor-accordion-icon-left\" aria-hidden=\"true\">\n\t\t\t\t\t\t\t\t\t\t\t\t\t\t\t<span class=\"elementor-accordion-icon-closed\"><i class=\"fas fa-caret-down\"><\/i><\/span>\n\t\t\t\t\t\t\t\t\t\t\t\t\t\t\t\t\t<span class=\"elementor-accordion-icon-opened\"><i class=\"fas fa-caret-up\"><\/i><\/span>\n\t\t\t\t\t\t\t\t\t\t\t\t\t\t\t\t\t\t\t\t\t\t<\/span>\n\t\t\t\t\t\t\t\t\t\t\t\t\t\t\t\t\t\t<a class=\"elementor-accordion-title\" href=\"\">1. C\u0103ror persoane li se stabile\u0219te pensia de dizabilitate cu statut militar?<\/a>\n\t\t\t\t\t<\/h4>\n\t\t\t\t\t<div id=\"elementor-tab-content-1971\" class=\"elementor-tab-content elementor-clearfix active-default\" data-tab=\"1\" role=\"tabpanel\" aria-labelledby=\"elementor-tab-title-1971\"><p class=\"active\">Pensia de dizabilitate cu statut militar li se stabile\u0219te militarilor, persoanelor din corpul de comand\u0103 \u015fi din trupele organelor afacerilor interne, care \u00een timpul satisfacerii serviciului militar au c\u0103p\u0103tat o dizabilitate cauzat\u0103 de o r\u0103nire, contuzie, schilodire sau afec\u0163iune contractat\u0103 \u00een perioada \u00eendeplinirii serviciului.<\/p><p class=\"active\">\u00cen func\u021bie de cauza invalidit\u0103\u021bii, invalizii din r\u00eendurile militarilor, persoanele din corpul de comand\u0103 \u0219i din trupele organelor afacerilor interne se clasific\u0103 \u00een dou\u0103 categorii:<\/p><p class=\"active\">1) Invalizi de r\u0103zboi\u00a0\u2013 \u00een cazul \u00een care invaliditatea este cauzat\u0103 de r\u0103nire, contuzionare sau schilodire \u00een perioada celui de-al Doilea R\u0103zboi Mondial, \u00een cazul lichid\u0103rii urm\u0103rilor avariei de la Cernob\u00e2l, al \u00eendeplinirii altor \u00eendatoriri de serviciu militar ori de afec\u021biuni legate de aflarea pe front, \u00een deta\u0219amente \u0219i forma\u021biuni de partizani, \u00een organiza\u021bii \u0219i grupe ilegale \u00een cel de-al Doilea R\u0103zboi Mondial, precum \u0219i de ac\u021biuni de lupt\u0103 \u00een timp de pace.<\/p><p class=\"active\">2)\u00a0Invalizi (militari)\u00a0\u2013 \u00een cazul \u00een care invaliditatea este cauzat\u0103 de o schilodire \u00een accident nelegat de \u00eendeplinirea \u00eendatoriilor de serviciu militar, dac\u0103 invaliditatea a survenit \u00een timpul \u00eendeplinirii serviciului sau cel mult dup\u0103 trei luni de la eliberarea din serviciu, sau dup\u0103 expirarea acestui termen, dac\u0103 a fost cauzat\u0103 de o r\u0103nire, contuzie, schilodire sau afec\u021biune contractat\u0103 \u00een perioada \u00eendeplinirii serviciului.<\/p><p class=\"active\"><u><strong><a href=\"http:\/\/lex.justice.md\/index.php?action=view&amp;view=doc&amp;lang=1&amp;id=336994\" target=\"_blank\" rel=\"noopener\">Legea asigur\u0103rii cu pensii a militarilor \u0219i a persoanelor din corpul de comand\u0103 \u0219i din trupele organelor afacerilor interne nr. 1544\/1993<\/a><\/strong><\/u><\/p><p>\u00a0<\/p><\/div>\n\t\t\t\t<\/div>\n\t\t\t\t\t\t\t<div class=\"elementor-accordion-item\">\n\t\t\t\t\t<h4 id=\"elementor-tab-title-1972\" class=\"elementor-tab-title the7-accordion-header\" data-tab=\"2\" role=\"tab\" aria-controls=\"elementor-tab-content-1972\">\n\n\t\t\t\t\t\t\t\t\t\t\t\t\t<span class=\"elementor-accordion-icon elementor-accordion-icon-left\" aria-hidden=\"true\">\n\t\t\t\t\t\t\t\t\t\t\t\t\t\t\t<span class=\"elementor-accordion-icon-closed\"><i class=\"fas fa-caret-down\"><\/i><\/span>\n\t\t\t\t\t\t\t\t\t\t\t\t\t\t\t\t\t<span class=\"elementor-accordion-icon-opened\"><i class=\"fas fa-caret-up\"><\/i><\/span>\n\t\t\t\t\t\t\t\t\t\t\t\t\t\t\t\t\t\t\t\t\t\t<\/span>\n\t\t\t\t\t\t\t\t\t\t\t\t\t\t\t\t\t\t<a class=\"elementor-accordion-title\" href=\"\">2. Care sunt condi\u021biile obligatorii pentru stabilirea pensiei de dizabilitate pentru persoanele cu statut militar?<\/a>\n\t\t\t\t\t<\/h4>\n\t\t\t\t\t<div id=\"elementor-tab-content-1972\" class=\"elementor-tab-content elementor-clearfix\" data-tab=\"2\" role=\"tabpanel\" aria-labelledby=\"elementor-tab-title-1972\"><p class=\"active\"><em>Condi\u021biile obligatorii pentru stabilirea pensiei de dizabilitate cu statut militar sunt:<\/em><\/p><ul class=\"active\"><li>Confirmarea dizabilit\u0103\u021bii \u2013 la prezentarea certificatului medical (\u00een original);<\/li><li>Confirmarea faptului afl\u0103rii \u00een opera\u021biunile militare sau \u00een serviciul militar \u2013 la prezentarea legitima\u021biei de participant, livretului militar, certificatului de la Ministerul Ap\u0103r\u0103rii sau organele afacerilor interne.<\/li><\/ul><p class=\"active\">Conform Legii asigur\u0103rii cu pensii a militarilor \u0219i a persoanelor din corpul de comand\u0103 \u0219i din trupele organelor afacerilor interne nr. 1544\/1993, pensia de dizabilitate se stabile\u0219te indiferent de durata stagiului de cotizare.<\/p><\/div>\n\t\t\t\t<\/div>\n\t\t\t\t\t\t\t<div class=\"elementor-accordion-item\">\n\t\t\t\t\t<h4 id=\"elementor-tab-title-1973\" class=\"elementor-tab-title the7-accordion-header\" data-tab=\"3\" role=\"tab\" aria-controls=\"elementor-tab-content-1973\">\n\n\t\t\t\t\t\t\t\t\t\t\t\t\t<span class=\"elementor-accordion-icon elementor-accordion-icon-left\" aria-hidden=\"true\">\n\t\t\t\t\t\t\t\t\t\t\t\t\t\t\t<span class=\"elementor-accordion-icon-closed\"><i class=\"fas fa-caret-down\"><\/i><\/span>\n\t\t\t\t\t\t\t\t\t\t\t\t\t\t\t\t\t<span class=\"elementor-accordion-icon-opened\"><i class=\"fas fa-caret-up\"><\/i><\/span>\n\t\t\t\t\t\t\t\t\t\t\t\t\t\t\t\t\t\t\t\t\t\t<\/span>\n\t\t\t\t\t\t\t\t\t\t\t\t\t\t\t\t\t\t<a class=\"elementor-accordion-title\" href=\"\">3. \u00cen ce termen \u0219i unde se depune cererea privind stabilirea pensiei de dizabilitate pentru persoane cu statut militar?<\/a>\n\t\t\t\t\t<\/h4>\n\t\t\t\t\t<div id=\"elementor-tab-content-1973\" class=\"elementor-tab-content elementor-clearfix\" data-tab=\"3\" role=\"tabpanel\" aria-labelledby=\"elementor-tab-title-1973\"><p class=\"active\">Cererea de stabilire a pensiei persoanelor cu statut militar se depune la:<\/p><p class=\"active\">Ministerul Ap\u0103r\u0103rii (organele de pensionare)\u00a0\u2013 pentru militarii care \u0219i-au \u00eendeplinit serviciul prin contract \u00een Armata Na\u021bional\u0103;<\/p><p class=\"active\">Ministerul Afacerilor Interne\u00a0\u2013 pentru militarii din trupele de carabinieri, persoanele din corpul de comand\u0103 \u0219i din trupele organelor afacerilor interne;<\/p><p class=\"active\">Ministerul Justi\u021biei (Departamentul Institu\u021biilor Penitenciare)\u00a0\u2013 pentru persoanele efectivului de trup\u0103 \u0219i corpului de comand\u0103 al sistemului penitenciar;<\/p><p class=\"active\">Serviciul de Informa\u021bii \u0219i Securitate al Republicii Moldova\u00a0\u2013 pentru colaboratorii care \u0219i-au \u00eendeplinit serviciul la Centrul pentru Combaterea Crimelor Economice \u0219i Corup\u021biei;<\/p><p class=\"active\">Serviciul de Protec\u021bie \u0219i Paz\u0103 de Stat\u00a0\u2013 pentru colaboratorii care \u0219i-au \u00eendeplinit serviciul prin contract \u00een Serviciul de Protec\u021bie \u0219i Paz\u0103 de Stat.<\/p><p class=\"active\">Pensiile se stabilesc:<br \/>pentru militarii \u00een termen\u00a0&#8211; de la data ie\u015firii din spital, dar nu mai devreme de la data eliber\u0103rii din serviciu, dac\u0103 stabilirea dizabilit\u0103\u021bii s-a produs cel t\u00eerziu peste trei luni de la data ie\u015firii din spital sau eliber\u0103rii din serviciu;<\/p><p class=\"active\">pentru militarii care \u0219i-au \u00eendeplinit serviciul prin contract, pentru persoanele din corpul de comand\u0103 \u015fi din trupele organelor afacerilor interne\u00a0\u2013 de la data eliber\u0103rii din serviciu, dar nu mai devreme de ultima zi \u00een care au fost asigura\u0163i cu sold\u0103;<\/p><p class=\"active\">pentru persoanele din corpul de comand\u0103 \u015fi din trupele organelor afacerilor interne, constata\u021bi invalizi \u00een termen de trei luni de la data eliber\u0103rii din serviciu sau \u00een urma unui accident, sau a unei afec\u0163iuni survenite dup\u0103 eliberarea din serviciu \u2013 de la data stabilirii invalidit\u0103\u0163ii;<br \/>persoanelor din corpul de ofi\u0163eri \u015fi din corpul de comand\u0103, care activeaz\u0103 \u00een continuare, dup\u0103 \u00eemplinirea v\u00eerstei de pensie, \u00een baz\u0103 de contract \u2013 de la data emiterii ordinului de prelungire a termenului de aflare \u00een serviciu.<br \/>\u00cen cazul unei apel\u0103ri tardive, pensia pentru perioada precedent\u0103 se stabile\u015fte de la data apari\u0163iei dreptului la pensie, dar cel mult cu 12 luni \u00eenainte de solicitarea pensiei.<\/p><p>\u00a0<\/p><\/div>\n\t\t\t\t<\/div>\n\t\t\t\t\t\t\t<div class=\"elementor-accordion-item\">\n\t\t\t\t\t<h4 id=\"elementor-tab-title-1974\" class=\"elementor-tab-title the7-accordion-header\" data-tab=\"4\" role=\"tab\" aria-controls=\"elementor-tab-content-1974\">\n\n\t\t\t\t\t\t\t\t\t\t\t\t\t<span class=\"elementor-accordion-icon elementor-accordion-icon-left\" aria-hidden=\"true\">\n\t\t\t\t\t\t\t\t\t\t\t\t\t\t\t<span class=\"elementor-accordion-icon-closed\"><i class=\"fas fa-caret-down\"><\/i><\/span>\n\t\t\t\t\t\t\t\t\t\t\t\t\t\t\t\t\t<span class=\"elementor-accordion-icon-opened\"><i class=\"fas fa-caret-up\"><\/i><\/span>\n\t\t\t\t\t\t\t\t\t\t\t\t\t\t\t\t\t\t\t\t\t\t<\/span>\n\t\t\t\t\t\t\t\t\t\t\t\t\t\t\t\t\t\t<a class=\"elementor-accordion-title\" href=\"\">4. Care sunt documentele necesare pentru stabilirea pensiei de dizabilitate pentru persoane cu statut militar?<\/a>\n\t\t\t\t\t<\/h4>\n\t\t\t\t\t<div id=\"elementor-tab-content-1974\" class=\"elementor-tab-content elementor-clearfix\" data-tab=\"4\" role=\"tabpanel\" aria-labelledby=\"elementor-tab-title-1974\"><p class=\"active\"><em>Documentele necesare sunt:<\/em><\/p><ul class=\"active\"><li>Certificatul medical (\u00een original);<\/li><li>Carnetul de munc\u0103 (\u00een orginal \u0219i copie);<\/li><li>Livretul militar (\u00een orginal \u0219i copie);<\/li><li>Certificate de salariu;<\/li><li>Certificatul de c\u0103s\u0103torie sau de divor\u021b (\u00een orginal \u0219i copie);<\/li><li>Legitima\u021bia de participant la opera\u021biuni militare sau de \u00eendeplinire a serviciului militar;<\/li><li>Alte documente la necesitate.<\/li><\/ul><p class=\"active\">Militarii \u00een termen \u015fi membrii familiilor acestora depun cerere de stabilire a pensiei la organele teritoriale de asigur\u0103ri sociale de la locul de trai, iar militarii care \u0219i-au \u00eendeplinit serviciul prin contract, persoanele din corpul de comand\u0103 \u015fi din trupele organelor afacerilor interne \u015fi membrii familiilor acestora \u2013 la organele de pensionare ale Ministerului Ap\u0103r\u0103rii, Serviciului de Informa\u0163ii \u015fi Securitate al Republicii Moldova, Departamentului Institu\u0163iilor Penitenciare al Ministerului Justi\u0163iei, Serviciului Protec\u0163ie \u015fi Paz\u0103 de Stat, Ministerului Afacerilor Interne \u015fi ale Centrului Na\u0163ional Anticorup\u0163ie.<\/p><p class=\"active\">Actele pentru stabilirea pensiilor sunt examinate de c\u0103tre organele de stabilire a pensiilor \u00eentr-un termen de 10 zile din ziua depunerii lor.<\/p><p>\u00a0<\/p><\/div>\n\t\t\t\t<\/div>\n\t\t\t\t\t<\/div>\n\t\t\t\t<\/div>\n\t\t\t\t<\/div>\n\t\t\t\t\t<\/div>\n\t\t<\/div>\n\t\t\t\t\t\t\t<\/div>\n\t\t<\/section>\n\t\t\t\t\t\t\t<\/div>","protected":false},"excerpt":{"rendered":"<p>1. C\u0103ror persoane li se stabile\u0219te pensia de dizabilitate cu statut militar? Pensia de dizabilitate cu statut militar li se stabile\u0219te militarilor, persoanelor din corpul de comand\u0103 \u015fi din trupele organelor afacerilor interne, care \u00een timpul satisfacerii serviciului militar au c\u0103p\u0103tat o dizabilitate cauzat\u0103 de o r\u0103nire, contuzie, schilodire sau afec\u0163iune contractat\u0103 \u00een perioada \u00eendeplinirii&hellip;<\/p>","protected":false},"author":1,"featured_media":0,"parent":15193,"menu_order":0,"comment_status":"closed","ping_status":"closed","template":"","meta":{"inline_featured_image":false,"footnotes":""},"_links":{"self":[{"href":"https:\/\/cimislia.md\/ru\/wp-json\/wp\/v2\/pages\/16308"}],"collection":[{"href":"https:\/\/cimislia.md\/ru\/wp-json\/wp\/v2\/pages"}],"about":[{"href":"https:\/\/cimislia.md\/ru\/wp-json\/wp\/v2\/types\/page"}],"author":[{"embeddable":true,"href":"https:\/\/cimislia.md\/ru\/wp-json\/wp\/v2\/users\/1"}],"replies":[{"embeddable":true,"href":"https:\/\/cimislia.md\/ru\/wp-json\/wp\/v2\/comments?post=16308"}],"version-history":[{"count":0,"href":"https:\/\/cimislia.md\/ru\/wp-json\/wp\/v2\/pages\/16308\/revisions"}],"up":[{"embeddable":true,"href":"https:\/\/cimislia.md\/ru\/wp-json\/wp\/v2\/pages\/15193"}],"wp:attachment":[{"href":"https:\/\/cimislia.md\/ru\/wp-json\/wp\/v2\/media?parent=16308"}],"curies":[{"name":"wp","href":"https:\/\/api.w.org\/{rel}","templated":true}]}}