{"id":16310,"date":"2023-10-30T17:09:46","date_gmt":"2023-10-30T15:09:46","guid":{"rendered":"https:\/\/cimislia.md\/?page_id=16310"},"modified":"2023-10-30T17:30:46","modified_gmt":"2023-10-30T15:30:46","slug":"pensia-de-urmas","status":"publish","type":"page","link":"https:\/\/cimislia.md\/ru\/orasul-si-oamenii\/beneficii-sociale-si-ajutoare\/pensionarea-si-ajutorul-social\/pensia-de-urmas\/","title":{"rendered":"Pensia de urma\u0219"},"content":{"rendered":"<div data-elementor-type=\"wp-page\" data-elementor-id=\"16310\" class=\"elementor elementor-16310\">\n\t\t\t\t\t\t\t\t\t<section class=\"elementor-section elementor-top-section elementor-element elementor-element-e694663 elementor-section-boxed elementor-section-height-default elementor-section-height-default\" data-id=\"e694663\" data-element_type=\"section\">\n\t\t\t\t\t\t<div class=\"elementor-container elementor-column-gap-default\">\n\t\t\t\t\t<div class=\"elementor-column elementor-col-100 elementor-top-column elementor-element elementor-element-bf22baf\" data-id=\"bf22baf\" data-element_type=\"column\">\n\t\t\t<div class=\"elementor-widget-wrap elementor-element-populated\">\n\t\t\t\t\t\t\t\t<div class=\"elementor-element elementor-element-a70a37f elementor-widget elementor-widget-the7-accordion\" data-id=\"a70a37f\" data-element_type=\"widget\" data-widget_type=\"the7-accordion.default\">\n\t\t\t\t<div class=\"elementor-widget-container\">\n\t\t\t\t\t<div class=\"elementor-accordion the7-adv-accordion animate-on-loading\" data-accordion-type=\"accordion\" role=\"tablist\">\n\t\t\t\t\t\t\t<div class=\"elementor-accordion-item\">\n\t\t\t\t\t<h4 id=\"elementor-tab-title-1751\" class=\"elementor-tab-title the7-accordion-header active-default\" data-tab=\"1\" role=\"tab\" aria-controls=\"elementor-tab-content-1751\">\n\n\t\t\t\t\t\t\t\t\t\t\t\t\t<span class=\"elementor-accordion-icon elementor-accordion-icon-left\" aria-hidden=\"true\">\n\t\t\t\t\t\t\t\t\t\t\t\t\t\t\t<span class=\"elementor-accordion-icon-closed\"><i class=\"fas fa-caret-down\"><\/i><\/span>\n\t\t\t\t\t\t\t\t\t\t\t\t\t\t\t\t\t<span class=\"elementor-accordion-icon-opened\"><i class=\"fas fa-caret-up\"><\/i><\/span>\n\t\t\t\t\t\t\t\t\t\t\t\t\t\t\t\t\t\t\t\t\t\t<\/span>\n\t\t\t\t\t\t\t\t\t\t\t\t\t\t\t\t\t\t<a class=\"elementor-accordion-title\" href=\"\">1. Ce este pensia de urma\u0219?<\/a>\n\t\t\t\t\t<\/h4>\n\t\t\t\t\t<div id=\"elementor-tab-content-1751\" class=\"elementor-tab-content elementor-clearfix active-default\" data-tab=\"1\" role=\"tabpanel\" aria-labelledby=\"elementor-tab-title-1751\"><p>Pensia de urma\u0219 este o sum\u0103 b\u0103neasc\u0103 pl\u0103tit\u0103 lunar persoanelor inapte de munc\u0103, \u00een cazul pierderii \u00eentre\u021bin\u0103torului, cu condi\u021bia c\u0103 la momentul decesului \u00eentre\u021bin\u0103torul confirm\u0103 un stagiu de cotizare necesar.<\/p><p>\u00a0<\/p><\/div>\n\t\t\t\t<\/div>\n\t\t\t\t\t\t\t<div class=\"elementor-accordion-item\">\n\t\t\t\t\t<h4 id=\"elementor-tab-title-1752\" class=\"elementor-tab-title the7-accordion-header\" data-tab=\"2\" role=\"tab\" aria-controls=\"elementor-tab-content-1752\">\n\n\t\t\t\t\t\t\t\t\t\t\t\t\t<span class=\"elementor-accordion-icon elementor-accordion-icon-left\" aria-hidden=\"true\">\n\t\t\t\t\t\t\t\t\t\t\t\t\t\t\t<span class=\"elementor-accordion-icon-closed\"><i class=\"fas fa-caret-down\"><\/i><\/span>\n\t\t\t\t\t\t\t\t\t\t\t\t\t\t\t\t\t<span class=\"elementor-accordion-icon-opened\"><i class=\"fas fa-caret-up\"><\/i><\/span>\n\t\t\t\t\t\t\t\t\t\t\t\t\t\t\t\t\t\t\t\t\t\t<\/span>\n\t\t\t\t\t\t\t\t\t\t\t\t\t\t\t\t\t\t<a class=\"elementor-accordion-title\" href=\"\">2. \u00cen ce cazuri se stabile\u0219te pensia de urma\u0219?<\/a>\n\t\t\t\t\t<\/h4>\n\t\t\t\t\t<div id=\"elementor-tab-content-1752\" class=\"elementor-tab-content elementor-clearfix\" data-tab=\"2\" role=\"tabpanel\" aria-labelledby=\"elementor-tab-title-1752\"><p class=\"active\">Dreptul la pensia de urma\u0219 apare ca urmare a:<\/p><ul class=\"active\"><li>Decesului persoanei (confirmat prin certificatul de deces de la Oficiul St\u0103rii Civile (OSC);<\/li><li>Declar\u0103rii mor\u021bii persoanei (fapt confirmat prin hot\u0103r\u00eerea instan\u021bei de judecat\u0103, \u00een baza c\u0103reia OSC elibereaz\u0103 certificatul de deces);<\/li><li>Declar\u0103rii dispari\u021biei f\u0103r\u0103 urm\u0103 (fapt confirmat prin hot\u0103r\u00eerea instan\u021bei de judecat\u0103).<\/li><\/ul><p>\u00a0<\/p><\/div>\n\t\t\t\t<\/div>\n\t\t\t\t\t\t\t<div class=\"elementor-accordion-item\">\n\t\t\t\t\t<h4 id=\"elementor-tab-title-1753\" class=\"elementor-tab-title the7-accordion-header\" data-tab=\"3\" role=\"tab\" aria-controls=\"elementor-tab-content-1753\">\n\n\t\t\t\t\t\t\t\t\t\t\t\t\t<span class=\"elementor-accordion-icon elementor-accordion-icon-left\" aria-hidden=\"true\">\n\t\t\t\t\t\t\t\t\t\t\t\t\t\t\t<span class=\"elementor-accordion-icon-closed\"><i class=\"fas fa-caret-down\"><\/i><\/span>\n\t\t\t\t\t\t\t\t\t\t\t\t\t\t\t\t\t<span class=\"elementor-accordion-icon-opened\"><i class=\"fas fa-caret-up\"><\/i><\/span>\n\t\t\t\t\t\t\t\t\t\t\t\t\t\t\t\t\t\t\t\t\t\t<\/span>\n\t\t\t\t\t\t\t\t\t\t\t\t\t\t\t\t\t\t<a class=\"elementor-accordion-title\" href=\"\">3. Cine are dreptul la pensia de urma\u0219?<\/a>\n\t\t\t\t\t<\/h4>\n\t\t\t\t\t<div id=\"elementor-tab-content-1753\" class=\"elementor-tab-content elementor-clearfix\" data-tab=\"3\" role=\"tabpanel\" aria-labelledby=\"elementor-tab-title-1753\"><p class=\"active\">Au dreptul la pensia de urma\u0219:<\/p><p class=\"active\">Copiii \u2013 p\u00een\u0103 la v\u00eersta de 18 ani sau 23 de ani\u00a0dac\u0103 \u00ee\u0219i continu\u0103 studiile cu frecven\u021b\u0103 la zi;<\/p><p class=\"active\">So\u021bul supravie\u021buitor\u00a0\u2013 dac\u0103 la momentul decesului sus\u021bin\u0103toului sau pe parcursul a 5 ani dup\u0103 decesul acestuia a \u00eemplinit v\u00eersta de pensionare sau i-a fost stabilit gradul de dizabilitate I sau II, a fost \u00een c\u0103s\u0103torie cu persoana decedat\u0103 cel pu\u021bin 15 ani \u0219i nu s-a c\u0103s\u0103torit dup\u0103 decesul acesteia;<\/p><p class=\"active\">So\u021bul supravie\u021buitor sau tutorele\u00a0\u2013 care are \u00een \u00eengrijire copii sub v\u00eersta de 3 ani (pensia se stabile\u0219te pe perioada afl\u0103rii \u00een concediu de \u00eengrijire a copilului p\u00een\u0103 la v\u00eersta de 3 ani pe perioada c\u00eet persoana nu activeaz\u0103).<\/p><p>\u00a0<\/p><\/div>\n\t\t\t\t<\/div>\n\t\t\t\t\t\t\t<div class=\"elementor-accordion-item\">\n\t\t\t\t\t<h4 id=\"elementor-tab-title-1754\" class=\"elementor-tab-title the7-accordion-header\" data-tab=\"4\" role=\"tab\" aria-controls=\"elementor-tab-content-1754\">\n\n\t\t\t\t\t\t\t\t\t\t\t\t\t<span class=\"elementor-accordion-icon elementor-accordion-icon-left\" aria-hidden=\"true\">\n\t\t\t\t\t\t\t\t\t\t\t\t\t\t\t<span class=\"elementor-accordion-icon-closed\"><i class=\"fas fa-caret-down\"><\/i><\/span>\n\t\t\t\t\t\t\t\t\t\t\t\t\t\t\t\t\t<span class=\"elementor-accordion-icon-opened\"><i class=\"fas fa-caret-up\"><\/i><\/span>\n\t\t\t\t\t\t\t\t\t\t\t\t\t\t\t\t\t\t\t\t\t\t<\/span>\n\t\t\t\t\t\t\t\t\t\t\t\t\t\t\t\t\t\t<a class=\"elementor-accordion-title\" href=\"\">4. Care sunt condi\u021biile obligatorii pentru stabilirea pensiei de urma\u0219?<\/a>\n\t\t\t\t\t<\/h4>\n\t\t\t\t\t<div id=\"elementor-tab-content-1754\" class=\"elementor-tab-content elementor-clearfix\" data-tab=\"4\" role=\"tabpanel\" aria-labelledby=\"elementor-tab-title-1754\"><p class=\"active\">Dreptul la stabilirea acestei pensii cere respectarea urm\u0103toarelor condi\u021bii obligatorii:<\/p><p class=\"active\">Confirmarea stagiului de cotizare dac\u0103 decesul a avut loc:<\/p><ul class=\"active\"><li>p\u00een\u0103 la v\u00eersta de 23 de ani \u2013 cel pu\u021bin 1 an de stagiu;<\/li><li>de la 23 p\u00een\u0103 la 26 de ani &#8211; cel pu\u021bin 2 ani de stagiu;<\/li><li>de la 26 p\u00een\u0103 la 31 de ani \u2013 cel pu\u021bin 3 ani de stagiu;<\/li><li>peste v\u00eersta de 31 de ani \u2013 cel pu\u021bin 5 ani de stagiu.<\/li><\/ul><p class=\"active\">Dac\u0103 la momentul stabilirii pensiei nu va fi confirmat stagiul de cotizare necesar, urma\u0219ilor li se va stabili aloca\u021bie social\u0103 \u00een temeiul\u00a0<\/p><p class=\"active\"><u><strong><a href=\"http:\/\/lex.justice.md\/index.php?action=view&amp;view=doc&amp;lang=1&amp;id=311676\" target=\"_blank\" rel=\"noopener\">Legii nr. 499\/1999 privind aloca\u021biile sociale de stat pentru unele categorii de cet\u0103\u021beni<\/a><\/strong><\/u><\/p><p>\u00a0<\/p><\/div>\n\t\t\t\t<\/div>\n\t\t\t\t\t\t\t<div class=\"elementor-accordion-item\">\n\t\t\t\t\t<h4 id=\"elementor-tab-title-1755\" class=\"elementor-tab-title the7-accordion-header\" data-tab=\"5\" role=\"tab\" aria-controls=\"elementor-tab-content-1755\">\n\n\t\t\t\t\t\t\t\t\t\t\t\t\t<span class=\"elementor-accordion-icon elementor-accordion-icon-left\" aria-hidden=\"true\">\n\t\t\t\t\t\t\t\t\t\t\t\t\t\t\t<span class=\"elementor-accordion-icon-closed\"><i class=\"fas fa-caret-down\"><\/i><\/span>\n\t\t\t\t\t\t\t\t\t\t\t\t\t\t\t\t\t<span class=\"elementor-accordion-icon-opened\"><i class=\"fas fa-caret-up\"><\/i><\/span>\n\t\t\t\t\t\t\t\t\t\t\t\t\t\t\t\t\t\t\t\t\t\t<\/span>\n\t\t\t\t\t\t\t\t\t\t\t\t\t\t\t\t\t\t<a class=\"elementor-accordion-title\" href=\"\">5. Ce documente sunt necesare pentru stabilirea pensiei de urma\u0219?<\/a>\n\t\t\t\t\t<\/h4>\n\t\t\t\t\t<div id=\"elementor-tab-content-1755\" class=\"elementor-tab-content elementor-clearfix\" data-tab=\"5\" role=\"tabpanel\" aria-labelledby=\"elementor-tab-title-1755\"><p class=\"active\">La cererea solicitantului pensiei de urma\u0219 se anexeaz\u0103 urm\u0103toarele documente \u00een original \u0219i copiile lor:<\/p><ul class=\"active\"><li>Carnetul de munc\u0103;<\/li><li>Livretul militar;<\/li><li>Certificatele de na\u0219tere ale copiilor;<\/li><li>Certificatul de deces;<\/li><li>Diploma de studii superioare;<\/li><li>Alte documente ce confirm\u0103 stagiul de cotizare;<\/li><li>Certificate de salariu.<\/li><\/ul><p class=\"active\"><strong>Dup\u0103 caz<\/strong><\/p><ul class=\"active\"><li>Certificatul de la locul de studii, dac\u0103 urma\u0219ii sunt studen\u021bi;<\/li><li>Carnetul de munc\u0103 al tutorelui care \u00eengrije\u0219te de copilul decedatului;<\/li><li>Certificatul de \u00eenfiere, dac\u0103 urma\u0219ul este \u00eenfiat;<\/li><li>Certificatul de c\u0103s\u0103torie sau de divor\u021b.<\/li><\/ul><p class=\"active\">\u00cen cazul decesului persoanei, ca urmare a unui accident de munc\u0103 sau a unei boli profesionale, \u00een afar\u0103 de documente sus-men\u021bionate se prezint\u0103:<\/p><ul class=\"active\"><li>Actul de cercetare a accidentului de munc\u0103;<\/li><li>Concluzia Consiliului Republican de Boli Profesionale al Ministerului S\u0103n\u0103t\u0103\u021bii.<\/li><\/ul><p class=\"active\">\u00cen cazul decesului participantului la lichidarea consecin\u021belor avariei de la Cernob\u00eel se prezint\u0103:<\/p><ul class=\"active\"><li>Legitima\u021bia de participant;<\/li><li>Certificate de la organele afacerilor interne;<\/li><li>Concluzia Consiliului Republican de Boli Profesionale a Ministerului S\u0103n\u0103t\u0103\u021bii.<\/li><\/ul><p>\u00a0<\/p><\/div>\n\t\t\t\t<\/div>\n\t\t\t\t\t\t\t<div class=\"elementor-accordion-item\">\n\t\t\t\t\t<h4 id=\"elementor-tab-title-1756\" class=\"elementor-tab-title the7-accordion-header\" data-tab=\"6\" role=\"tab\" aria-controls=\"elementor-tab-content-1756\">\n\n\t\t\t\t\t\t\t\t\t\t\t\t\t<span class=\"elementor-accordion-icon elementor-accordion-icon-left\" aria-hidden=\"true\">\n\t\t\t\t\t\t\t\t\t\t\t\t\t\t\t<span class=\"elementor-accordion-icon-closed\"><i class=\"fas fa-caret-down\"><\/i><\/span>\n\t\t\t\t\t\t\t\t\t\t\t\t\t\t\t\t\t<span class=\"elementor-accordion-icon-opened\"><i class=\"fas fa-caret-up\"><\/i><\/span>\n\t\t\t\t\t\t\t\t\t\t\t\t\t\t\t\t\t\t\t\t\t\t<\/span>\n\t\t\t\t\t\t\t\t\t\t\t\t\t\t\t\t\t\t<a class=\"elementor-accordion-title\" href=\"\">6. \u00cen ce termen \u0219i unde se depune cererea de stabilire a pensiei de urma\u0219?<\/a>\n\t\t\t\t\t<\/h4>\n\t\t\t\t\t<div id=\"elementor-tab-content-1756\" class=\"elementor-tab-content elementor-clearfix\" data-tab=\"6\" role=\"tabpanel\" aria-labelledby=\"elementor-tab-title-1756\"><p class=\"active\">Cererea \u0219i documentele necesare se depun la Casa Teritorial\u0103 de Asigur\u0103ri Sociale de la domiciliul solicitantului \u00een termen de 90 de zile de la data apari\u021biei dreptului.<\/p><p class=\"active\"><u><strong><a href=\"http:\/\/lex.justice.md\/index.php?action=view&amp;view=doc&amp;lang=1&amp;id=313291\" target=\"_blank\" rel=\"noopener\">Legea nr. 156\/1998 privind pensiile de asigur\u0103ri sociale de stat<\/a><\/strong><\/u><\/p><p>\u00a0<\/p><\/div>\n\t\t\t\t<\/div>\n\t\t\t\t\t<\/div>\n\t\t\t\t<\/div>\n\t\t\t\t<\/div>\n\t\t\t\t\t<\/div>\n\t\t<\/div>\n\t\t\t\t\t\t\t<\/div>\n\t\t<\/section>\n\t\t\t\t\t\t\t<\/div>","protected":false},"excerpt":{"rendered":"<p>1. Ce este pensia de urma\u0219? Pensia de urma\u0219 este o sum\u0103 b\u0103neasc\u0103 pl\u0103tit\u0103 lunar persoanelor inapte de munc\u0103, \u00een cazul pierderii \u00eentre\u021bin\u0103torului, cu condi\u021bia c\u0103 la momentul decesului \u00eentre\u021bin\u0103torul confirm\u0103 un stagiu de cotizare necesar. \u00a0 2. \u00cen ce cazuri se stabile\u0219te pensia de urma\u0219? Dreptul la pensia de urma\u0219 apare ca urmare a:&hellip;<\/p>","protected":false},"author":1,"featured_media":0,"parent":15193,"menu_order":0,"comment_status":"closed","ping_status":"closed","template":"","meta":{"inline_featured_image":false,"footnotes":""},"_links":{"self":[{"href":"https:\/\/cimislia.md\/ru\/wp-json\/wp\/v2\/pages\/16310"}],"collection":[{"href":"https:\/\/cimislia.md\/ru\/wp-json\/wp\/v2\/pages"}],"about":[{"href":"https:\/\/cimislia.md\/ru\/wp-json\/wp\/v2\/types\/page"}],"author":[{"embeddable":true,"href":"https:\/\/cimislia.md\/ru\/wp-json\/wp\/v2\/users\/1"}],"replies":[{"embeddable":true,"href":"https:\/\/cimislia.md\/ru\/wp-json\/wp\/v2\/comments?post=16310"}],"version-history":[{"count":0,"href":"https:\/\/cimislia.md\/ru\/wp-json\/wp\/v2\/pages\/16310\/revisions"}],"up":[{"embeddable":true,"href":"https:\/\/cimislia.md\/ru\/wp-json\/wp\/v2\/pages\/15193"}],"wp:attachment":[{"href":"https:\/\/cimislia.md\/ru\/wp-json\/wp\/v2\/media?parent=16310"}],"curies":[{"name":"wp","href":"https:\/\/api.w.org\/{rel}","templated":true}]}}