{"id":16312,"date":"2023-10-30T17:10:16","date_gmt":"2023-10-30T15:10:16","guid":{"rendered":"https:\/\/cimislia.md\/?page_id=16312"},"modified":"2023-10-30T17:32:11","modified_gmt":"2023-10-30T15:32:11","slug":"pensia-pentru-functionarii-publici","status":"publish","type":"page","link":"https:\/\/cimislia.md\/ru\/orasul-si-oamenii\/beneficii-sociale-si-ajutoare\/pensionarea-si-ajutorul-social\/pensia-pentru-functionarii-publici\/","title":{"rendered":"Pensia pentru func\u021bionarii publici"},"content":{"rendered":"<div data-elementor-type=\"wp-page\" data-elementor-id=\"16312\" class=\"elementor elementor-16312\">\n\t\t\t\t\t\t\t\t\t<section class=\"elementor-section elementor-top-section elementor-element elementor-element-89ebabb elementor-section-boxed elementor-section-height-default elementor-section-height-default\" data-id=\"89ebabb\" data-element_type=\"section\">\n\t\t\t\t\t\t<div class=\"elementor-container elementor-column-gap-default\">\n\t\t\t\t\t<div class=\"elementor-column elementor-col-100 elementor-top-column elementor-element elementor-element-1de7b3b\" data-id=\"1de7b3b\" data-element_type=\"column\">\n\t\t\t<div class=\"elementor-widget-wrap elementor-element-populated\">\n\t\t\t\t\t\t\t\t<div class=\"elementor-element elementor-element-41df25a elementor-widget elementor-widget-the7-accordion\" data-id=\"41df25a\" data-element_type=\"widget\" data-widget_type=\"the7-accordion.default\">\n\t\t\t\t<div class=\"elementor-widget-container\">\n\t\t\t\t\t<div class=\"elementor-accordion the7-adv-accordion animate-on-loading\" data-accordion-type=\"accordion\" role=\"tablist\">\n\t\t\t\t\t\t\t<div class=\"elementor-accordion-item\">\n\t\t\t\t\t<h4 id=\"elementor-tab-title-6901\" class=\"elementor-tab-title the7-accordion-header active-default\" data-tab=\"1\" role=\"tab\" aria-controls=\"elementor-tab-content-6901\">\n\n\t\t\t\t\t\t\t\t\t\t\t\t\t<span class=\"elementor-accordion-icon elementor-accordion-icon-left\" aria-hidden=\"true\">\n\t\t\t\t\t\t\t\t\t\t\t\t\t\t\t<span class=\"elementor-accordion-icon-closed\"><i class=\"fas fa-caret-down\"><\/i><\/span>\n\t\t\t\t\t\t\t\t\t\t\t\t\t\t\t\t\t<span class=\"elementor-accordion-icon-opened\"><i class=\"fas fa-caret-up\"><\/i><\/span>\n\t\t\t\t\t\t\t\t\t\t\t\t\t\t\t\t\t\t\t\t\t\t<\/span>\n\t\t\t\t\t\t\t\t\t\t\t\t\t\t\t\t\t\t<a class=\"elementor-accordion-title\" href=\"\">1. Cine are dreptul la pensie ca func\u021bionar public \u0219i care sunt condi\u021biile necesare pentru stabilirea pensiei?<\/a>\n\t\t\t\t\t<\/h4>\n\t\t\t\t\t<div id=\"elementor-tab-content-6901\" class=\"elementor-tab-content elementor-clearfix active-default\" data-tab=\"1\" role=\"tabpanel\" aria-labelledby=\"elementor-tab-title-6901\"><ul class=\"active\"><li>\u200b\u200bPersoanele care au un stagiu de cotizare (munc\u0103) \u00een serviciul public de cel pu\u021bin 15 ani au dreptul la pensie ca func\u021bionar public la atingerea v\u00eerstei de:<div><div><table><tbody><tr><td colspan=\"3\"><strong>V\u00eersta necesar\u0103 pentru stabilirea pensiei ca func\u021bionar public de la 1 iulie 2011<\/strong><br \/>\u00a0<\/td><\/tr><tr><td>\u00a0<\/td><td><strong>p\/u b\u0103rba\u021bi<\/strong><\/td><td><strong>p\/u femei<\/strong><\/td><\/tr><tr><td>2011<\/td><td>57 de ani \u0219i 6 luni<\/td><td>52 de ani \u0219i 6 luni<\/td><\/tr><tr><td>2012<\/td><td>58 de ani<\/td><td>53 de ani<\/td><\/tr><tr><td>2013<\/td><td>58 de ani \u0219i 6 luni<\/td><td>53 de ani \u0219i 6 luni<\/td><\/tr><tr><td>2014<\/td><td>59 de ani<\/td><td>54 de ani<\/td><\/tr><tr><td>2015<\/td><td>59 de ani \u0219i 6 luni<\/td><td>54 de ani \u0219i 6 luni<\/td><\/tr><tr><td>2016<\/td><td>60 de ani<\/td><td>55 de ani<\/td><\/tr><tr><td>2017<\/td><td>60 de ani \u0219i 6 luni<\/td><td>55 de ani \u0219i 6 luni<\/td><\/tr><tr><td>2018<\/td><td>61 de ani<\/td><td>56 de ani<\/td><\/tr><tr><td>2019<\/td><td>61 de ani \u0219i 6 luni<\/td><td>56 de ani \u0219i 6 luni<\/td><\/tr><tr><td>2020<\/td><td>62 de ani<\/td><td>57 de ani<br \/>\u00a0<\/td><\/tr><\/tbody><\/table><div>\u00a0<\/div><\/div><em>Not\u0103<\/em>: Condi\u021bia obligatorie pentru stabilirea pensiei ca func\u021bionar public:<\/div><p class=\"active\">Odat\u0103 cu apari\u021bia dreptului la pensie ca func\u021bionar public, una dintre condi\u021biile obligatorii este \u0219i existen\u021ba stagiului de munc\u0103 total, conform tabelului de mai jos:\u00a0<br \/>\u00a0<\/p><table><tbody><tr><td colspan=\"3\"><strong>Stagiul de cotizare necesar de la 1 iulie 2011<\/strong><br \/>\u00a0<\/td><\/tr><tr><td>\u00a0<\/td><td><strong>pentru b\u0103rba\u021bi<\/strong><\/td><td><strong>pentru femei<\/strong><\/td><\/tr><tr><td>2011<\/td><td>30 de ani \u0219i 6 luni<\/td><td>30 de ani<\/td><\/tr><tr><td>2012<\/td><td>31 de ani<\/td><td>30 de ani<\/td><\/tr><tr><td>2013<\/td><td>31 de ani \u0219i 6 luni<\/td><td>30 de ani<\/td><\/tr><tr><td>2014<\/td><td>32 de ani<\/td><td>30 de ani<\/td><\/tr><tr><td>2015<\/td><td>32 de ani \u0219i 6 luni<\/td><td>30 de ani<\/td><\/tr><tr><td>2016<\/td><td>33 de ani<\/td><td>30 de ani<br \/>\u00a0<\/td><\/tr><\/tbody><\/table><\/li><\/ul><p class=\"active\">\u00a0<\/p><\/div>\n\t\t\t\t<\/div>\n\t\t\t\t\t\t\t<div class=\"elementor-accordion-item\">\n\t\t\t\t\t<h4 id=\"elementor-tab-title-6902\" class=\"elementor-tab-title the7-accordion-header\" data-tab=\"2\" role=\"tab\" aria-controls=\"elementor-tab-content-6902\">\n\n\t\t\t\t\t\t\t\t\t\t\t\t\t<span class=\"elementor-accordion-icon elementor-accordion-icon-left\" aria-hidden=\"true\">\n\t\t\t\t\t\t\t\t\t\t\t\t\t\t\t<span class=\"elementor-accordion-icon-closed\"><i class=\"fas fa-caret-down\"><\/i><\/span>\n\t\t\t\t\t\t\t\t\t\t\t\t\t\t\t\t\t<span class=\"elementor-accordion-icon-opened\"><i class=\"fas fa-caret-up\"><\/i><\/span>\n\t\t\t\t\t\t\t\t\t\t\t\t\t\t\t\t\t\t\t\t\t\t<\/span>\n\t\t\t\t\t\t\t\t\t\t\t\t\t\t\t\t\t\t<a class=\"elementor-accordion-title\" href=\"\">2. Cum se determin\u0103 venitul mediu lunar pentru stabilirea pensiei pentru func\u021bionarii publici?<\/a>\n\t\t\t\t\t<\/h4>\n\t\t\t\t\t<div id=\"elementor-tab-content-6902\" class=\"elementor-tab-content elementor-clearfix\" data-tab=\"2\" role=\"tabpanel\" aria-labelledby=\"elementor-tab-title-6902\"><p class=\"active\">Pensiile func\u021bionarilor publici se calculeaz\u0103 \u00een m\u0103rime de 75% din venitul mediu lunar asigurat<\/p><p class=\"active\">(la care au fost achitate contribu\u021biile de asigur\u0103ri sociale) din ultimele 60 de luni de activitate \u00een serviciul public. Spre exemplu: la cererile depuse \u00eencep\u00eend cu 1 iulie 2011 suma ajutorului material va fi luat\u0103 \u00een considera\u021bie la calcularea pensiei numai \u00een partea din care se achit\u0103 contribu\u021biile de asigur\u0103ri sociale).<\/p><p>\u00a0<\/p><\/div>\n\t\t\t\t<\/div>\n\t\t\t\t\t<\/div>\n\t\t\t\t<\/div>\n\t\t\t\t<\/div>\n\t\t\t\t\t<\/div>\n\t\t<\/div>\n\t\t\t\t\t\t\t<\/div>\n\t\t<\/section>\n\t\t\t\t\t\t\t<\/div>","protected":false},"excerpt":{"rendered":"<p>1. Cine are dreptul la pensie ca func\u021bionar public \u0219i care sunt condi\u021biile necesare pentru stabilirea pensiei? \u200b\u200bPersoanele care au un stagiu de cotizare (munc\u0103) \u00een serviciul public de cel pu\u021bin 15 ani au dreptul la pensie ca func\u021bionar public la atingerea v\u00eerstei de: V\u00eersta necesar\u0103 pentru stabilirea pensiei ca func\u021bionar public de la 1&hellip;<\/p>","protected":false},"author":1,"featured_media":0,"parent":15193,"menu_order":0,"comment_status":"closed","ping_status":"closed","template":"","meta":{"inline_featured_image":false,"footnotes":""},"_links":{"self":[{"href":"https:\/\/cimislia.md\/ru\/wp-json\/wp\/v2\/pages\/16312"}],"collection":[{"href":"https:\/\/cimislia.md\/ru\/wp-json\/wp\/v2\/pages"}],"about":[{"href":"https:\/\/cimislia.md\/ru\/wp-json\/wp\/v2\/types\/page"}],"author":[{"embeddable":true,"href":"https:\/\/cimislia.md\/ru\/wp-json\/wp\/v2\/users\/1"}],"replies":[{"embeddable":true,"href":"https:\/\/cimislia.md\/ru\/wp-json\/wp\/v2\/comments?post=16312"}],"version-history":[{"count":0,"href":"https:\/\/cimislia.md\/ru\/wp-json\/wp\/v2\/pages\/16312\/revisions"}],"up":[{"embeddable":true,"href":"https:\/\/cimislia.md\/ru\/wp-json\/wp\/v2\/pages\/15193"}],"wp:attachment":[{"href":"https:\/\/cimislia.md\/ru\/wp-json\/wp\/v2\/media?parent=16312"}],"curies":[{"name":"wp","href":"https:\/\/api.w.org\/{rel}","templated":true}]}}