{"id":19169,"date":"2024-11-11T14:28:05","date_gmt":"2024-11-11T12:28:05","guid":{"rendered":"https:\/\/cimislia.md\/?page_id=19169"},"modified":"2026-02-06T09:21:32","modified_gmt":"2026-02-06T07:21:32","slug":"meniu-gradinite","status":"publish","type":"page","link":"https:\/\/cimislia.md\/ru\/transparenta\/meniu-gradinite\/","title":{"rendered":"Meniu Gr\u0103dini\u021be"},"content":{"rendered":"<div data-elementor-type=\"wp-page\" data-elementor-id=\"19169\" class=\"elementor elementor-19169\">\n\t\t\t\t\t\t\t\t\t<section class=\"elementor-section elementor-top-section elementor-element elementor-element-22b2642 elementor-section-boxed elementor-section-height-default elementor-section-height-default\" data-id=\"22b2642\" data-element_type=\"section\">\n\t\t\t\t\t\t<div class=\"elementor-container elementor-column-gap-default\">\n\t\t\t\t\t<div class=\"elementor-column elementor-col-100 elementor-top-column elementor-element elementor-element-09bddd8\" data-id=\"09bddd8\" data-element_type=\"column\">\n\t\t\t<div class=\"elementor-widget-wrap elementor-element-populated\">\n\t\t\t\t\t\t\t\t<div class=\"elementor-element elementor-element-736b540 elementor-widget elementor-widget-text-editor\" data-id=\"736b540\" data-element_type=\"widget\" data-widget_type=\"text-editor.default\">\n\t\t\t\t<div class=\"elementor-widget-container\">\n\t\t\t\t\t\t\t<table style=\"width: 100%;\"><thead><tr><th>Titlu<\/th><th>\u00a0<\/th><th>\u00a0<\/th><\/tr><\/thead><tbody><tr><td>Meniul gr\u0103dini\u021belor din ora\u0219ul Cimi\u0219lia \u00een perioada vara-toamna pentru anul 2024.pdf<\/td><td>\u00a0<\/td><td><a href=\"https:\/\/cimislia.md\/wp-content\/uploads\/2024\/11\/MENIU-GRADINITE-2024.pdf\" target=\"_blank\" rel=\"noopener\"><br \/><img decoding=\"async\" src=\"\/wp-content\/uploads\/2023\/09\/download.svg\" \/><br \/>Click aici<br \/><\/a><\/td><\/tr><tr><td>Meniul gr\u0103dini\u021belor din ora\u0219ul Cimi\u0219lia \u00een perioada iarn\u0103-prim\u0103var\u0103 pentru anul 2024.pdf<\/td><td>\u00a0<\/td><td><a href=\"https:\/\/cimislia.md\/wp-content\/uploads\/2025\/04\/Meniul-gradinitelor-din-or.-Cimislia-in-perioada-iarna-primavara.pdf\" target=\"_blank\" rel=\"noopener\"><br \/><img decoding=\"async\" src=\"\/wp-content\/uploads\/2023\/09\/download.svg\" \/><br \/>Click aici<br \/><\/a><\/td><\/tr><tr><td>Meniul gr\u0103dini\u021belor din ora\u0219ul Cimi\u0219lia \u00een perioada vara-toamna pentru anul 2025.pdf<\/td><td>\u00a0<\/td><td><a href=\"https:\/\/cimislia.md\/wp-content\/uploads\/2026\/02\/menu-2025-cimislia-vara-1.signed.pdf\" target=\"_blank\" rel=\"noopener\"><br \/><img decoding=\"async\" src=\"\/wp-content\/uploads\/2023\/09\/download.svg\" \/><br \/>Click aici<br \/><\/a><\/td><\/tr><tr><td>Meniul gr\u0103dini\u021belor din ora\u0219ul Cimi\u0219lia \u00een perioada iarn\u0103-prim\u0103var\u0103 pentru anul 2025.pdf<\/td><td>\u00a0<\/td><td><a href=\"https:\/\/cimislia.md\/wp-content\/uploads\/2026\/02\/meniu-2025-iarna-primavara-csp.signed.pdf\" target=\"_blank\" rel=\"noopener\"><br \/><img decoding=\"async\" src=\"\/wp-content\/uploads\/2023\/09\/download.svg\" \/><br \/>Click aici<br \/><\/a><\/td><\/tr><tr><td>Meniul gr\u0103dini\u021belor din ora\u0219ul Cimi\u0219lia \u00een perioada vara-toamna pentru anul 2026.pdf<\/td><td>\u00a0<\/td><td><a href=\"https:\/\/cimislia.md\/wp-content\/uploads\/2026\/02\/1_vara-modificat-2026.signed.pdf\" target=\"_blank\" rel=\"noopener\"><br \/><img decoding=\"async\" src=\"\/wp-content\/uploads\/2023\/09\/download.svg\" \/><br \/>Click aici<br \/><\/a><\/td><\/tr><tr><td>Meniul gr\u0103dini\u021belor din ora\u0219ul Cimi\u0219lia \u00een perioada iarn\u0103-prim\u0103var\u0103 pentru anul 2026 (v\u00e2rsta copiilor 1-3 ani).pdf<\/td><td>\u00a0<\/td><td><a href=\"https:\/\/cimislia.md\/wp-content\/uploads\/2026\/02\/meniu-iarna-primavara-1-3-ani.signed.pdf\" target=\"_blank\" rel=\"noopener\"><br \/><img decoding=\"async\" src=\"\/wp-content\/uploads\/2023\/09\/download.svg\" \/><br \/>Click aici<br \/><\/a><\/td><\/tr><tr><td>Meniul gr\u0103dini\u021belor din ora\u0219ul Cimi\u0219lia \u00een perioada iarn\u0103-prim\u0103var\u0103 pentru anul 2026 (v\u00e2rsta copiilor 4-7 ani).pdf<\/td><td>\u00a0<\/td><td><a href=\"https:\/\/cimislia.md\/wp-content\/uploads\/2026\/02\/meniu-iarna-primavara-4-7-ani-cimislia.signed.pdf\" target=\"_blank\" rel=\"noopener\"><br \/><img decoding=\"async\" src=\"\/wp-content\/uploads\/2023\/09\/download.svg\" \/><br \/>Click aici<br \/><\/a><\/td><\/tr><\/tbody><\/table>\t\t\t\t\t\t<\/div>\n\t\t\t\t<\/div>\n\t\t\t\t\t<\/div>\n\t\t<\/div>\n\t\t\t\t\t\t\t<\/div>\n\t\t<\/section>\n\t\t\t\t\t\t\t<\/div>","protected":false},"excerpt":{"rendered":"<p>Titlu \u00a0 \u00a0 Meniul gr\u0103dini\u021belor din ora\u0219ul Cimi\u0219lia \u00een perioada vara-toamna pentru anul 2024.pdf \u00a0 Click aici Meniul gr\u0103dini\u021belor din ora\u0219ul Cimi\u0219lia \u00een perioada iarn\u0103-prim\u0103var\u0103 pentru anul 2024.pdf \u00a0 Click aici Meniul gr\u0103dini\u021belor din ora\u0219ul Cimi\u0219lia \u00een perioada vara-toamna pentru anul 2025.pdf \u00a0 Click aici Meniul gr\u0103dini\u021belor din ora\u0219ul Cimi\u0219lia \u00een perioada iarn\u0103-prim\u0103var\u0103 pentru anul&hellip;<\/p>","protected":false},"author":3,"featured_media":0,"parent":13242,"menu_order":0,"comment_status":"closed","ping_status":"closed","template":"","meta":{"inline_featured_image":false,"footnotes":""},"_links":{"self":[{"href":"https:\/\/cimislia.md\/ru\/wp-json\/wp\/v2\/pages\/19169"}],"collection":[{"href":"https:\/\/cimislia.md\/ru\/wp-json\/wp\/v2\/pages"}],"about":[{"href":"https:\/\/cimislia.md\/ru\/wp-json\/wp\/v2\/types\/page"}],"author":[{"embeddable":true,"href":"https:\/\/cimislia.md\/ru\/wp-json\/wp\/v2\/users\/3"}],"replies":[{"embeddable":true,"href":"https:\/\/cimislia.md\/ru\/wp-json\/wp\/v2\/comments?post=19169"}],"version-history":[{"count":19,"href":"https:\/\/cimislia.md\/ru\/wp-json\/wp\/v2\/pages\/19169\/revisions"}],"predecessor-version":[{"id":22967,"href":"https:\/\/cimislia.md\/ru\/wp-json\/wp\/v2\/pages\/19169\/revisions\/22967"}],"up":[{"embeddable":true,"href":"https:\/\/cimislia.md\/ru\/wp-json\/wp\/v2\/pages\/13242"}],"wp:attachment":[{"href":"https:\/\/cimislia.md\/ru\/wp-json\/wp\/v2\/media?parent=19169"}],"curies":[{"name":"wp","href":"https:\/\/api.w.org\/{rel}","templated":true}]}}